{"id":1024,"date":"2013-08-25T17:49:54","date_gmt":"2013-08-25T16:49:54","guid":{"rendered":"http:\/\/www.ressources.univ-rennes2.fr\/cultures-numeriques-dans-l-enseignement\/droit\/?page_id=1024"},"modified":"2015-01-14T10:43:40","modified_gmt":"2015-01-14T09:43:40","slug":"etude-de-cas-2-utilisation-dimages-recuperees-sur-internet","status":"publish","type":"page","link":"http:\/\/www.ressources.univ-rennes2.fr\/cultures-numeriques-dans-l-enseignement\/droit\/etudes-de-cas\/etudes-de-cas-droit-a-limage\/etude-de-cas-2-utilisation-dimages-recuperees-sur-internet\/","title":{"rendered":"Etude de cas 2 : Diffusion sur un blog d&rsquo;\u00e9cole de photos et de commentaires"},"content":{"rendered":"<p>Vous \u00eates\u00a0 professeur des \u00e9coles ; vous cr\u00e9ez et alimentez un blog avec vos \u00e9l\u00e8ves qui\u00a0 y \u00e9crivent des articles d&rsquo;information. De retour d&rsquo;une \u00ab\u00a0classe verte\u00a0\u00bb vos \u00e9l\u00e8ves r\u00e9digent des textes relatant la semaine \u00e0 la campagne dans un petit village. Un \u00e9l\u00e8ve propose cet article sur un apiculteur qui leur a parl\u00e9 de son m\u00e9tier et des difficult\u00e9s <a id=\"_GPLITA_0\" style=\"background: none repeat scroll 0% 0% transparent ! important; border: medium none ! important; display: inline-block ! important; text-indent: 0px ! important; float: none ! important; font-weight: bold ! important; height: auto ! important; margin: 0px ! important; min-height: 0px ! important; min-width: 0px ! important; padding: 0px ! important; text-transform: uppercase ! important; text-decoration: underline ! important; vertical-align: baseline ! important; width: auto ! important;\" title=\"Click to Continue &gt; by ExstraSavings\" href=\"#\">rencontr\u00e9es<img decoding=\"async\" style=\"background: none repeat scroll 0% 0% transparent ! important; border: medium none ! important; display: inline-block ! important; text-indent: 0px ! important; float: none ! important; font-weight: bold ! important; height: 10px ! important; margin: 0px 0px 0px 3px ! important; min-height: 0px ! important; min-width: 0px ! important; padding: 0px ! important; text-transform: uppercase ! important; text-decoration: underline ! important; vertical-align: super ! important; width: 10px ! important;\" alt=\"\" src=\"http:\/\/cdncache-a.akamaihd.net\/items\/it\/img\/arrow-10x10.png\" \/><\/a>.<\/p>\n<h1>L&rsquo;apiculture \u00e0 la campagne ?<\/h1>\n<p>Monsieur API, apiculteur, a bien voulu nous parler de son village.<\/p>\n<p><a href=\"http:\/\/www.ressources.univ-rennes2.fr\/cultures-numeriques-dans-l-enseignement\/droit\/wp-content\/uploads\/2013\/08\/apiculteur_2.jpg\"><img loading=\"lazy\" decoding=\"async\" class=\"alignnone size-medium wp-image-1061\" alt=\"apiculteur_2\" src=\"http:\/\/www.ressources.univ-rennes2.fr\/cultures-numeriques-dans-l-enseignement\/droit\/wp-content\/uploads\/2013\/08\/apiculteur_2-300x196.jpg\" width=\"300\" height=\"196\" srcset=\"http:\/\/www.ressources.univ-rennes2.fr\/cultures-numeriques-dans-l-enseignement\/droit\/wp-content\/uploads\/2013\/08\/apiculteur_2-300x196.jpg 300w, http:\/\/www.ressources.univ-rennes2.fr\/cultures-numeriques-dans-l-enseignement\/droit\/wp-content\/uploads\/2013\/08\/apiculteur_2-1024x669.jpg 1024w, http:\/\/www.ressources.univ-rennes2.fr\/cultures-numeriques-dans-l-enseignement\/droit\/wp-content\/uploads\/2013\/08\/apiculteur_2.jpg 1772w\" sizes=\"auto, (max-width: 300px) 100vw, 300px\" \/><\/a><\/p>\n<p><span style=\"color: #ff0000;\">le site de l&rsquo;UNAF doit figurer dans l&rsquo;article. http:\/\/www.unaf-<\/span><em><span style=\"color: #ff0000;\">apiculture<\/span><\/em><span style=\"color: #ff0000;\">.info Merci. <\/span><\/p>\n<p><span style=\"color: #ff0000;\">Cette photo a \u00e9t\u00e9 t\u00e9l\u00e9charg\u00e9e sur le site mentionn\u00e9 pour illustrer l&rsquo;exercice NDLR<br \/>\n<\/span><\/p>\n<p><i>\u00ab\u00a0APIVILLE est un petit village tranquille. La famille API y vit depuis cinq g\u00e9n\u00e9rations. Chez nous on est apiculteurs de p\u00e8re en fils. Bien s\u00fbr, c\u2019est de plus en plus difficile, surtout avec les pesticides. <\/i><br \/>\n&#8230;<br \/>\n<i>En plus, depuis que Me MEIRE a \u00e9t\u00e9 \u00e9lue <a id=\"_GPLITA_1\" style=\"background: none repeat scroll 0% 0% transparent ! important; border: medium none ! important; display: inline-block ! important; text-indent: 0px ! important; float: none ! important; font-weight: bold ! important; height: auto ! important; margin: 0px ! important; min-height: 0px ! important; min-width: 0px ! important; padding: 0px ! important; text-transform: uppercase ! important; text-decoration: underline ! important; vertical-align: baseline ! important; width: auto ! important;\" title=\"Click to Continue &gt; by ExstraSavings\" href=\"#\">Maire<img decoding=\"async\" style=\"background: none repeat scroll 0% 0% transparent ! important; border: medium none ! important; display: inline-block ! important; text-indent: 0px ! important; float: none ! important; font-weight: bold ! important; height: 10px ! important; margin: 0px 0px 0px 3px ! important; min-height: 0px ! important; min-width: 0px ! important; padding: 0px ! important; text-transform: uppercase ! important; text-decoration: underline ! important; vertical-align: super ! important; width: 10px ! important;\" alt=\"\" src=\"http:\/\/cdncache-a.akamaihd.net\/items\/it\/img\/arrow-10x10.png\" \/><\/a>, elle justifie le d\u00e9sherbage des foss\u00e9s par les pesticides, question de co\u00fbt de main-d&rsquo;\u0153uvre, soi-disant ! Celle-l\u00e0, c\u2019\u00e9tait tout bon tant qu\u2019elle voulait \u00eatre \u00e9lue, maintenant que c\u2019est fait elle pense qu\u2019\u00e0 se remplir les poches ! \u00ab\u00a0<\/i><\/p>\n<p>L&rsquo;article est le fruit d&rsquo;un travail en bin\u00f4me o\u00f9 un \u00e9l\u00e8ve a r\u00e9dig\u00e9 le texte et le second a r\u00e9alis\u00e9 la photo de l&rsquo;apiculteur en action.<\/p>\n<p>Quels sont les probl\u00e8mes pos\u00e9s par\u00a0 la diffusion de cet article\u00a0 ? Qui serait le responsable en cas de poursuite judiciaire ?<\/p>\n<p><a title=\"R\u00e9ponses \u00e9tude de cas apiculteur\" href=\"http:\/\/www.ressources.univ-rennes2.fr\/cultures-numeriques-dans-l-enseignement\/droit\/etudes-de-cas\/etudes-de-cas-droit-a-limage\/reponses-etude-de-cas-apiculteur\/\" target=\"_blank\">R\u00e9ponses<\/a><\/p>\n<div id=\"__if72ru4rkjahiuyi_once\" style=\"display: none;\"><\/div>\n<div id=\"__if72ru4sdfsdfruh7fewui_once\" style=\"display: none;\"><\/div>\n<div id=\"__hggasdgjhsagd_once\" style=\"display: none;\"><\/div>\n<div id=\"__if72ru4sdfsdfrkjahiuyi_once\" style=\"display: none;\"><\/div>\n","protected":false},"excerpt":{"rendered":"<p>Vous \u00eates\u00a0 professeur des \u00e9coles ; vous cr\u00e9ez et alimentez un blog avec vos \u00e9l\u00e8ves qui\u00a0 y \u00e9crivent des articles d&rsquo;information. De retour d&rsquo;une \u00ab\u00a0classe verte\u00a0\u00bb vos \u00e9l\u00e8ves r\u00e9digent des textes relatant la semaine \u00e0 la campagne dans un petit village. Un \u00e9l\u00e8ve propose cet article sur un apiculteur qui leur a parl\u00e9 de son [&hellip;]<\/p>\n","protected":false},"author":3,"featured_media":0,"parent":195,"menu_order":0,"comment_status":"open","ping_status":"open","template":"","meta":{"_acf_changed":false,"footnotes":""},"class_list":["post-1024","page","type-page","status-publish","hentry"],"acf":[],"_links":{"self":[{"href":"http:\/\/www.ressources.univ-rennes2.fr\/cultures-numeriques-dans-l-enseignement\/droit\/wp-json\/wp\/v2\/pages\/1024","targetHints":{"allow":["GET"]}}],"collection":[{"href":"http:\/\/www.ressources.univ-rennes2.fr\/cultures-numeriques-dans-l-enseignement\/droit\/wp-json\/wp\/v2\/pages"}],"about":[{"href":"http:\/\/www.ressources.univ-rennes2.fr\/cultures-numeriques-dans-l-enseignement\/droit\/wp-json\/wp\/v2\/types\/page"}],"author":[{"embeddable":true,"href":"http:\/\/www.ressources.univ-rennes2.fr\/cultures-numeriques-dans-l-enseignement\/droit\/wp-json\/wp\/v2\/users\/3"}],"replies":[{"embeddable":true,"href":"http:\/\/www.ressources.univ-rennes2.fr\/cultures-numeriques-dans-l-enseignement\/droit\/wp-json\/wp\/v2\/comments?post=1024"}],"version-history":[{"count":10,"href":"http:\/\/www.ressources.univ-rennes2.fr\/cultures-numeriques-dans-l-enseignement\/droit\/wp-json\/wp\/v2\/pages\/1024\/revisions"}],"predecessor-version":[{"id":1600,"href":"http:\/\/www.ressources.univ-rennes2.fr\/cultures-numeriques-dans-l-enseignement\/droit\/wp-json\/wp\/v2\/pages\/1024\/revisions\/1600"}],"up":[{"embeddable":true,"href":"http:\/\/www.ressources.univ-rennes2.fr\/cultures-numeriques-dans-l-enseignement\/droit\/wp-json\/wp\/v2\/pages\/195"}],"wp:attachment":[{"href":"http:\/\/www.ressources.univ-rennes2.fr\/cultures-numeriques-dans-l-enseignement\/droit\/wp-json\/wp\/v2\/media?parent=1024"}],"curies":[{"name":"wp","href":"https:\/\/api.w.org\/{rel}","templated":true}]}}