{"id":1029,"date":"2013-08-25T17:55:31","date_gmt":"2013-08-25T16:55:31","guid":{"rendered":"http:\/\/www.ressources.univ-rennes2.fr\/cultures-numeriques-dans-l-enseignement\/droit\/?page_id=1029"},"modified":"2014-11-21T22:22:02","modified_gmt":"2014-11-21T21:22:02","slug":"etude-de-cas-3-copie-de-documents-pour-une-utilisation-en-classe","status":"publish","type":"page","link":"http:\/\/www.ressources.univ-rennes2.fr\/cultures-numeriques-dans-l-enseignement\/droit\/etudes-de-cas\/etudes-de-cas-droit-a-limage\/etude-de-cas-3-copie-de-documents-pour-une-utilisation-en-classe\/","title":{"rendered":"Etude de cas 3 : Copie de documents pour une utilisation en classe"},"content":{"rendered":"<p>Durant une activit\u00e9 vous proposez des documents \u00e9l\u00e8ves sous forme de photocopies ; dans quelles proportions pouvez-vous le faire ?<\/p>\n<p>R\u00e9ponse<\/p>\n","protected":false},"excerpt":{"rendered":"<p>Durant une activit\u00e9 vous proposez des documents \u00e9l\u00e8ves sous forme de photocopies ; dans quelles proportions pouvez-vous le faire ? R\u00e9ponse<\/p>\n","protected":false},"author":3,"featured_media":0,"parent":195,"menu_order":0,"comment_status":"open","ping_status":"open","template":"","meta":{"_acf_changed":false,"footnotes":""},"class_list":["post-1029","page","type-page","status-publish","hentry"],"acf":[],"_links":{"self":[{"href":"http:\/\/www.ressources.univ-rennes2.fr\/cultures-numeriques-dans-l-enseignement\/droit\/wp-json\/wp\/v2\/pages\/1029","targetHints":{"allow":["GET"]}}],"collection":[{"href":"http:\/\/www.ressources.univ-rennes2.fr\/cultures-numeriques-dans-l-enseignement\/droit\/wp-json\/wp\/v2\/pages"}],"about":[{"href":"http:\/\/www.ressources.univ-rennes2.fr\/cultures-numeriques-dans-l-enseignement\/droit\/wp-json\/wp\/v2\/types\/page"}],"author":[{"embeddable":true,"href":"http:\/\/www.ressources.univ-rennes2.fr\/cultures-numeriques-dans-l-enseignement\/droit\/wp-json\/wp\/v2\/users\/3"}],"replies":[{"embeddable":true,"href":"http:\/\/www.ressources.univ-rennes2.fr\/cultures-numeriques-dans-l-enseignement\/droit\/wp-json\/wp\/v2\/comments?post=1029"}],"version-history":[{"count":3,"href":"http:\/\/www.ressources.univ-rennes2.fr\/cultures-numeriques-dans-l-enseignement\/droit\/wp-json\/wp\/v2\/pages\/1029\/revisions"}],"predecessor-version":[{"id":1405,"href":"http:\/\/www.ressources.univ-rennes2.fr\/cultures-numeriques-dans-l-enseignement\/droit\/wp-json\/wp\/v2\/pages\/1029\/revisions\/1405"}],"up":[{"embeddable":true,"href":"http:\/\/www.ressources.univ-rennes2.fr\/cultures-numeriques-dans-l-enseignement\/droit\/wp-json\/wp\/v2\/pages\/195"}],"wp:attachment":[{"href":"http:\/\/www.ressources.univ-rennes2.fr\/cultures-numeriques-dans-l-enseignement\/droit\/wp-json\/wp\/v2\/media?parent=1029"}],"curies":[{"name":"wp","href":"https:\/\/api.w.org\/{rel}","templated":true}]}}