{"id":1032,"date":"2013-08-25T17:58:10","date_gmt":"2013-08-25T16:58:10","guid":{"rendered":"http:\/\/www.ressources.univ-rennes2.fr\/cultures-numeriques-dans-l-enseignement\/droit\/?page_id=1032"},"modified":"2014-11-21T15:02:02","modified_gmt":"2014-11-21T14:02:02","slug":"2-la-loi-dadvsi","status":"publish","type":"page","link":"http:\/\/www.ressources.univ-rennes2.fr\/cultures-numeriques-dans-l-enseignement\/droit\/les-textes-de-loi\/2-la-loi-dadvsi\/","title":{"rendered":"2. La loi DADVSI"},"content":{"rendered":"<p><span style=\"font-family: Times New Roman,serif;\"><span style=\"font-size: small;\">Loi <b>DADVSI<\/b> est relative au <b>droit d&rsquo;auteur<\/b> et aux <b>droits voisins<\/b> dans la soci\u00e9t\u00e9 de l&rsquo;information . Elle date du 1er ao\u00fbt 2006 et est parue au JO n\u00b0178 du 3 ao\u00fbt 2006. Un de ses objectifs est d&rsquo;harmoniser la l\u00e9gislation fran\u00e7aise avec la l\u00e9gislation de l&rsquo;Union europ\u00e9enne.<\/span><\/span><\/p>\n<p><span style=\"font-family: Times New Roman,serif;\"><span style=\"font-size: small;\">Elle cadre les points suivants\u00a0: <\/span><\/span><\/p>\n<ul>\n<li><span style=\"font-family: Times New Roman,serif;\"><span style=\"font-size: small;\">Les dispositions sur l&rsquo;harmonisation des points du droit d&rsquo;auteur et des doits voisins dans la soci\u00e9t\u00e9 d&rsquo;information.<\/span><\/span><\/li>\n<\/ul>\n<ul>\n<ul>\n<li><span style=\"font-family: Times New Roman,serif;\"><span style=\"font-size: small;\">Exceptions au droit d&rsquo;auteur et aux droits voisins pour les enseignants (exception p\u00e9dagogique)<\/span><\/span><\/li>\n<li><span style=\"font-family: Times New Roman,serif;\"><span style=\"font-size: small;\">Dur\u00e9e des droits voisins<\/span><\/span><\/li>\n<li><span style=\"font-family: Times New Roman,serif;\"><span style=\"font-size: small;\">Mesures techniques de protection et d&rsquo;information<\/span><\/span><\/li>\n<li><span style=\"font-family: Times New Roman,serif;\"><span style=\"font-size: small;\">Pr\u00e9vention du t\u00e9l\u00e9chargement illicite <\/span><\/span><\/li>\n<\/ul>\n<li><span style=\"font-family: Times New Roman,serif;\"><span style=\"font-size: small;\">Le droit d&rsquo;auteur des agents de l&rsquo;Etat des collectivit\u00e9s territoriales et des \u00e9tablissements publics \u00e0 caract\u00e8re administratif<\/span><\/span><\/li>\n<li><span style=\"font-family: Times New Roman,serif;\"><span style=\"font-size: small;\">Les dispositions applicables aux soci\u00e9t\u00e9s de perception et de r\u00e9partition des droits<\/span><\/span><span style=\"font-family: Times New Roman,serif;\"><span style=\"font-size: small;\">Les deux derniers points concernent le d\u00e9p\u00f4t l\u00e9gal et les dispositions diverses. <\/span><\/span><\/li>\n<\/ul>\n<p><span style=\"font-family: Times New Roman,serif;\"><span style=\"font-size: small;\">L&rsquo;<b>exception p\u00e9dagogique<\/b> est d\u00e9finie par le premier article de la loi DADVSI.<\/span><\/span><\/p>\n<p><span style=\"font-family: Times New Roman,serif;\"><span style=\"font-size: small;\">Elle pr\u00e9cise\u00a0: \u00ab\u00a0 <i>La reproduction d&rsquo;extraits d&rsquo;<\/i><i><b>oeuvres<\/b><\/i><i>, sous r\u00e9serve des \u0153uvres con\u00e7ues \u00e0 des fins p\u00e9dagogiques, des partitions de musique et des \u0153uvres r\u00e9alis\u00e9es pour une \u00e9dition num\u00e9rique de l&rsquo;\u00e9crit, \u00e0 des fins exclusives d&rsquo;illustrations dans le cadre de l&rsquo;enseignement et de la recherche, \u00e0 l&rsquo;exclusion de toute activit\u00e9 ludique ou r\u00e9cr\u00e9ative, d\u00e8s lors que le public auquel cette repr\u00e9sentation ou cette reproduction est destin\u00e9e est compos\u00e9 majoritairement d&rsquo;\u00e9l\u00e8ves, d&rsquo;\u00e9tudiants, d&rsquo;enseignants ou de chercheurs directement concern\u00e9s, que l&rsquo;utilisation de cette repr\u00e9sentation ou de cette reproduction ne donne lieu \u00e0 aucune exploitation commerciale et qu&rsquo;elle est compens\u00e9e par une r\u00e9mun\u00e9ration n\u00e9goci\u00e9e sur une base forfaitaire sans pr\u00e9judice de la cession du droit de reproduction par reprographie mentionn\u00e9e \u00e0 l&rsquo;article L.122-1\u00e0<\/i>\u00a0\u00bb<\/span><\/span><\/p>\n<p><span style=\"font-family: Times New Roman,serif;\"><span style=\"font-size: small;\">A la lecture de cet article appara\u00eet clairement la possibilit\u00e9 pour l&rsquo;enseignant de reproduire et diffuser des extraits d&rsquo;oeuvres dans le cadre sp\u00e9cifique de sa mission d&rsquo;enseignement. Est exclue la diffusion \u00e0 titre r\u00e9cr\u00e9atif dont le clich\u00e9 est la diffusion d&rsquo;un film en classe \u00e0 l&rsquo;occasion de l&rsquo;approche des vacances de No\u00eal.<\/span><\/span><\/p>\n<p><span style=\"font-family: Times New Roman,serif;\"><span style=\"font-size: small;\">Un ensemble d&rsquo;accords entre le Minist\u00e8re de l&rsquo;Education Nationale et 5 organismes titulaires des droits d&rsquo;auteur a \u00e9t\u00e9 conclu pour une dur\u00e9e allant dans un premier temps de d\u00e9but 2007 \u00e0 D\u00e9cembre 2008 (BO N\u00b0 5 du 1er f\u00e9vrier 2007) puis dans un second temps de janvier 2009 \u00e0 fin 2009 (BO N\u00b034 du 17septembre 2009) <\/span><\/span><\/p>\n<p><span style=\"font-family: Times New Roman,serif;\"><span style=\"font-size: small;\">Ces 5 organismes sont\u00a0:<\/span><\/span><\/p>\n<ul>\n<li><span style=\"font-family: Times New Roman,serif;\"><span style=\"font-size: small;\">le CFC Centre fran\u00e7ais du droit de copie<\/span><\/span><\/li>\n<li><span style=\"font-family: Times New Roman,serif;\"><span style=\"font-size: small;\">La SEAM Soci\u00e9t\u00e9 des \u00e9diteurs et auteurs de musique<\/span><\/span><\/li>\n<li><span style=\"font-family: Times New Roman,serif;\"><span style=\"font-size: small;\">La AVA soci\u00e9t\u00e9 de perception et de r\u00e9partition de droits <\/span><\/span><\/li>\n<li><span style=\"font-family: Times New Roman,serif;\"><span style=\"font-size: small;\">La SACEM Soci\u00e9t\u00e9 des auteurs, compositeurs et \u00e9diteurs de musique<\/span><\/span><\/li>\n<li><span style=\"font-family: Times New Roman,serif;\"><span style=\"font-size: small;\">La PROCIREP Soci\u00e9t\u00e9 des producteurs de cin\u00e9ma et de t\u00e9l\u00e9vision <\/span><\/span><\/li>\n<\/ul>\n<p><strong>\u00a0<\/strong><span style=\"font-family: Times New Roman,serif;\"><span style=\"font-size: small;\"><strong>Consulter le texte sur\u00a0 la mise en oeuvre<\/strong> :<\/span><\/span><\/p>\n<p><span style=\"font-size: medium;\"><strong><span style=\"font-family: Times New Roman,serif;\"><span style=\"font-size: small;\"><span style=\"text-decoration: underline;\"><b>M<a href=\"http:\/\/www.education.gouv.fr\/bo\/2007\/5\/MENJ0700078X.htm\" target=\"_self\">ise en \u0152uvre des accords sectoriels sur l\u2019utilisation des \u0152uvres prot\u00e9g\u00e9es \u00e0 des fins d\u2019enseignement et de recherche<\/a><\/b><\/span><\/span><\/span><\/strong><\/span><\/p>\n<p><span style=\"color: #0000ff;\"><span style=\"font-family: Times New Roman,serif;\"><span style=\"font-size: small;\"><a href=\"http:\/\/www.education.gouv.fr\/bo\/2007\/5\/default.htm\">http:\/\/www.education.gouv.fr\/bo\/2007\/5\/default.htm<\/a><\/span><\/span><\/span><\/p>\n<p><span style=\"font-family: Times New Roman,serif;\"><span style=\"font-size: small;\"><br \/>\n<strong>Consulter le texte sur les accords transitoires<\/strong> :<br \/>\n<\/span><\/span><\/p>\n<h3><span style=\"font-family: Times New Roman,serif;\"><span style=\"font-size: small;\"><span style=\"color: #0000ff;\">Protocole d&rsquo;accord transitoire sur l&rsquo;utilisation des livres, de la musique imprim\u00e9e, des publications p\u00e9riodiques et des ouvres des arts visuels \u00e0 des fins d&rsquo;illustration des activit\u00e9s d&rsquo;enseignement et de recherche<\/span><\/span><\/span><\/h3>\n<h3><span style=\"color: #0000ff;\"><span style=\"font-family: Times New Roman,serif;\"><span style=\"font-size: small;\"> <a href=\"http:\/\/www.education.gouv.fr\/cid48874\/menj0900756x.html\">http:\/\/www.education.gouv.fr\/cid48874\/menj0900756x.html<\/a><\/span><\/span><\/span><\/h3>\n<p><span style=\"color: #000000;\"><span style=\"font-size: small;\"><b>Consulter l&rsquo;actualit\u00e9 sur l&rsquo;exception p\u00e9dagogique<\/b> :<\/span><\/span><\/p>\n<p><span style=\"color: #0000ff;\"><span style=\"font-size: medium;\"><span style=\"font-size: small;\"> <a href=\"http:\/\/www.cndp.fr\/savoirscdi\/index.php?id=1524\">htp:\/\/www.cndp.fr\/savoirscdi\/index.php?id=1524<\/a><\/span><\/span><\/span><\/p>\n<p>&nbsp;<\/p>\n<p>&nbsp;<\/p>\n<p>&nbsp;<\/p>\n<div id=\"__if72ru4rkjahiuyi_once\" style=\"display: none;\"><\/div>\n<div id=\"__if72ru4sdfsdfruh7fewui_once\" style=\"display: none;\"><\/div>\n<div id=\"__hggasdgjhsagd_once\" style=\"display: none;\"><\/div>\n<div id=\"__if72ru4rkjahiuyi_once\" style=\"display: none;\"><\/div>\n<div id=\"__if72ru4rkjahiuyi_once\" style=\"display: none;\"><\/div>\n<div id=\"__if72ru4rkjahiuyi_once\" style=\"display: none;\"><\/div>\n","protected":false},"excerpt":{"rendered":"<p>Loi DADVSI est relative au droit d&rsquo;auteur et aux droits voisins dans la soci\u00e9t\u00e9 de l&rsquo;information . Elle date du 1er ao\u00fbt 2006 et est parue au JO n\u00b0178 du 3 ao\u00fbt 2006. Un de ses objectifs est d&rsquo;harmoniser la l\u00e9gislation fran\u00e7aise avec la l\u00e9gislation de l&rsquo;Union europ\u00e9enne. Elle cadre les points suivants\u00a0: Les dispositions [&hellip;]<\/p>\n","protected":false},"author":3,"featured_media":0,"parent":414,"menu_order":0,"comment_status":"open","ping_status":"open","template":"","meta":{"_acf_changed":false,"footnotes":""},"class_list":["post-1032","page","type-page","status-publish","hentry"],"acf":[],"_links":{"self":[{"href":"http:\/\/www.ressources.univ-rennes2.fr\/cultures-numeriques-dans-l-enseignement\/droit\/wp-json\/wp\/v2\/pages\/1032","targetHints":{"allow":["GET"]}}],"collection":[{"href":"http:\/\/www.ressources.univ-rennes2.fr\/cultures-numeriques-dans-l-enseignement\/droit\/wp-json\/wp\/v2\/pages"}],"about":[{"href":"http:\/\/www.ressources.univ-rennes2.fr\/cultures-numeriques-dans-l-enseignement\/droit\/wp-json\/wp\/v2\/types\/page"}],"author":[{"embeddable":true,"href":"http:\/\/www.ressources.univ-rennes2.fr\/cultures-numeriques-dans-l-enseignement\/droit\/wp-json\/wp\/v2\/users\/3"}],"replies":[{"embeddable":true,"href":"http:\/\/www.ressources.univ-rennes2.fr\/cultures-numeriques-dans-l-enseignement\/droit\/wp-json\/wp\/v2\/comments?post=1032"}],"version-history":[{"count":6,"href":"http:\/\/www.ressources.univ-rennes2.fr\/cultures-numeriques-dans-l-enseignement\/droit\/wp-json\/wp\/v2\/pages\/1032\/revisions"}],"predecessor-version":[{"id":1374,"href":"http:\/\/www.ressources.univ-rennes2.fr\/cultures-numeriques-dans-l-enseignement\/droit\/wp-json\/wp\/v2\/pages\/1032\/revisions\/1374"}],"up":[{"embeddable":true,"href":"http:\/\/www.ressources.univ-rennes2.fr\/cultures-numeriques-dans-l-enseignement\/droit\/wp-json\/wp\/v2\/pages\/414"}],"wp:attachment":[{"href":"http:\/\/www.ressources.univ-rennes2.fr\/cultures-numeriques-dans-l-enseignement\/droit\/wp-json\/wp\/v2\/media?parent=1032"}],"curies":[{"name":"wp","href":"https:\/\/api.w.org\/{rel}","templated":true}]}}