{"id":1036,"date":"2013-08-25T18:00:36","date_gmt":"2013-08-25T17:00:36","guid":{"rendered":"http:\/\/www.ressources.univ-rennes2.fr\/cultures-numeriques-dans-l-enseignement\/droit\/?page_id=1036"},"modified":"2014-11-21T22:16:22","modified_gmt":"2014-11-21T21:16:22","slug":"3-la-loi-hadopi","status":"publish","type":"page","link":"http:\/\/www.ressources.univ-rennes2.fr\/cultures-numeriques-dans-l-enseignement\/droit\/les-textes-de-loi\/3-la-loi-hadopi\/","title":{"rendered":"3. La loi HADOPI"},"content":{"rendered":"<p><strong>HADOPI I<\/strong><\/p>\n<p>Dispositif destin\u00e9 \u00e0 lutter contre le t\u00e9l\u00e9chargement et la mise \u00e0 disposition illicite d&rsquo;\u0153uvres prot\u00e9g\u00e9es par le droit d&rsquo;auteur (deux lois en date des <a href=\"http:\/\/www.legifrance.gouv.fr\/affichTexte.do?cidTexte=JORFTEXT000020735432\" target=\"_blank\">12 juin<\/a> et <a href=\"http:\/\/www.legifrance.gouv.fr\/affichTexte.do;jsessionid=D6F8A06613F40B6F2B7E113D282525D4.tpdjo02v_1?cidTexte=JORFTEXT000021208103&amp;dateTexte=20100705\" target=\"_blank\">28 octobre<\/a>).<\/p>\n<p>Consulter les textes de loi\u00a0:<\/p>\n<p><a href=\"http:\/\/www.legifrance.gouv.fr\/\">www.legifrance.gouv.fr\/<\/a><\/p>\n<p>Ce dispositif se d\u00e9cline en 3 \u00e9tapes\u00a0:<\/p>\n<h2><span style=\"font-size: medium;\">I L&rsquo;identification des actes illicites : le r\u00f4le des repr\u00e9sentants des auteurs<\/span><\/h2>\n<p>Des agents asserment\u00e9s agr\u00e9\u00e9s par le ministre en charge de la Culture et comp\u00e9tents pour constater et apporter la preuve de toute violation d&rsquo;un droit d&rsquo;auteur. Ils veillent au respect des droits des auteurs, artistes interpr\u00e8tes ou producteurs, et sont au service des soci\u00e9t\u00e9s de gestion collective, telles que la SACEM ou la SACD et le Centre national du cin\u00e9ma et de l&rsquo;image anim\u00e9e (CNC)<\/p>\n<p>Ces agents identifient les adresses IP des ordinateurs utilis\u00e9s pour r\u00e9aliser les t\u00e9l\u00e9chargements ou les contrefa\u00e7ons. Une surveillance des r\u00e9seaux d&rsquo;\u00e9changes d&rsquo;\u0153uvres (peer-to-peer) permet de dresser le constat d&rsquo;un \u00e9change illicite d&rsquo;une des \u0153uvres r\u00e9pertori\u00e9es par les repr\u00e9sentants des auteurs. Les agents informent l&rsquo;Hadopi des faits illicites constat\u00e9s.<\/p>\n<p>Consulter le Code de la propri\u00e9t\u00e9 intellectuelle\u00a0:<\/p>\n<p><a href=\"http:\/\/www.legifrance.gouv.fr\/affichCode.do;jsessionid=D6F8A06613F40B6F2B7E113D282525D4.tpdjo02v_1?idSectionTA=LEGISCTA000006179046&amp;cidTexte=LEGITEXT000006069414&amp;dateTexte=20100705\" target=\"_blank\">Article L. 331-2 du Code de la propri\u00e9t\u00e9 intellectuelle<\/a> (source : www.legifrance.gouv.fr\/)<\/p>\n<h2><span style=\"font-size: medium;\">II La dissuasion par l&rsquo;envoi de mails<\/span><\/h2>\n<p>l&rsquo;Hadopi identifie le propri\u00e9taire de l&rsquo;ordinateur dont l&rsquo;adresse IP a \u00e9t\u00e9 collect\u00e9e. Elle s&rsquo;adresse aux fournisseurs d&rsquo;acc\u00e8s \u00e0 internet qui ont obligation de lui communiquer toutes les informations n\u00e9cessaires.<br \/>\nLes donn\u00e9es utilis\u00e9es par l&rsquo;Hadopi (nom, pr\u00e9nom, adresses postales et \u00e9lectroniques et coordonn\u00e9es t\u00e9l\u00e9phoniques de l&rsquo;abonn\u00e9 \u00e0 internet) sont fix\u00e9es par le d\u00e9cret <a href=\"http:\/\/www.legifrance.gouv.fr\/affichTexte.do?cidTexte=JORFTEXT000021923996\" target=\"_blank\">Le d\u00e9cret n\u00b0 2010-236 du 5 mars 2010<\/a><\/p>\n<p>La premi\u00e8re action engag\u00e9e est la proc\u00e9dure dite de \u00ab riposte gradu\u00e9e \u00bb.cette derni\u00e8re consiste \u00e0 envoyer \u00e0 l&rsquo;abonn\u00e9 \u00e0 internet identifi\u00e9 un <strong>message \u00e9lectronique<\/strong> l&rsquo;informant de l&rsquo;existence d&rsquo;offres l\u00e9gales de t\u00e9l\u00e9chargement d&rsquo;\u0153uvres, de moyens de s\u00e9curisation de sa connexion et des dangers de la contrefa\u00e7on.<br \/>\n<a href=\"http:\/\/www.legifrance.gouv.fr\/affichCode.do?idSectionTA=LEGISCTA000020740335&amp;cidTexte=LEGITEXT000006069414&amp;dateTexte=20100705\" target=\"_blank\">Article L. 331-25 du Code de la propri\u00e9t\u00e9 intellectuelle<\/a> (source : www.legifrance.gouv.fr\/)<\/p>\n<p>Si il y a r\u00e9cidive dans les 6 mois suivant le premier message, un <strong>second courrier<\/strong> \u00e9lectronique est envoy\u00e9, accompagn\u00e9 \u00e9ventuellement d&rsquo;une lettre recommand\u00e9e avec accus\u00e9 de r\u00e9ception.<\/p>\n<p>L&rsquo;objectif est ainsi de montrer \u00e0 l&rsquo;abonn\u00e9 qu&rsquo;il a \u00e9t\u00e9 identifi\u00e9 et qu&rsquo;il s&rsquo;expose \u00e0 des sanctions s&rsquo;il poursuit ses activit\u00e9s illicites et ne s\u00e9curise pas sa connexion \u00e0 internet.<\/p>\n<h2><span style=\"font-size: medium;\">III La sanction : le r\u00f4le du juge<\/span><\/h2>\n<p>l&rsquo;Hadopi et les titulaires de droits peuvent saisir le juge afin de faire condamner la personne qui s&rsquo;est rendue coupable de contrefa\u00e7on (a). Mais le juge peut \u00e9galement prononcer des sanctions contre l&rsquo;abonn\u00e9 \u00e0 internet qui, sans forc\u00e9ment avoir lui-m\u00eame proc\u00e9d\u00e9 \u00e0 ces actes illicites, n&rsquo;a pas s\u00e9curis\u00e9 sa connexion au r\u00e9seau.<\/p>\n<p><strong>HADOPI II<\/strong><\/p>\n<p>Hadopi 2 compl\u00e8te la version pr\u00e9c\u00e9dente en ce sens qu&rsquo;elle confie \u00e0 un juge le soin de punir des internautes qui t\u00e9l\u00e9chargeraient ill\u00e9galement. Sur une plainte des ayants-droits d&rsquo;une oeuvre, la Haute autorit\u00e9 pour la diffusion des oeuvres et la protection des droits sur Internet (Hadopi) envoie un courrier au fraudeur pr\u00e9sum\u00e9. Au bout de deux avertissements, ce dernier est poursuivi par la justice.<\/p>\n<p>La premi\u00e8re mouture de la loi confiait \u00e0 l&rsquo;ordre administratif le soin de prononcer des sanctions, et notamment la suspension de l&rsquo;acc\u00e8s \u00e0 Internet pour une p\u00e9riode de trois mois \u00e0 un an. L &lsquo;acc\u00e8s au web \u00e9tant assimilable \u00e0 un droit fondamental , une suppression de ce droit doit \u00eatre d\u00e9cid\u00e9e par un juge qui statuera selon les deux situations suivantes :<\/p>\n<ol>\n<li>\u00abn\u00e9gligence caract\u00e9ris\u00e9e\u00bb de s\u00e9curisation de sa ligne internet, sur laquelle des t\u00e9l\u00e9chargements ill\u00e9gaux auraient \u00e9t\u00e9 d\u00e9tect\u00e9s et soulign\u00e9s \u00e0 deux reprises par lettre.\n<ul>\n<li><span style=\"color: #ff0000;\">un mois de suspension et une amende pouvant aller jusqu&rsquo;\u00e0 3.750 euros<\/span><\/li>\n<\/ul>\n<\/li>\n<li>\u00abcontrefa\u00e7on\u00bb av\u00e9r\u00e9e apr\u00e8s enqu\u00eate,<\/li>\n<\/ol>\n<ul>\n<li><span style=\"color: #ff0000;\">\u00a0\u00a0\u00a0\u00a0\u00a0\u00a0\u00a0\u00a0\u00a0\u00a0 t<\/span><span style=\"color: #ff0000;\">rois ans d&#8217;emprisonnement et 300.000 euros d&rsquo;amende<\/span><\/li>\n<\/ul>\n","protected":false},"excerpt":{"rendered":"<p>HADOPI I Dispositif destin\u00e9 \u00e0 lutter contre le t\u00e9l\u00e9chargement et la mise \u00e0 disposition illicite d&rsquo;\u0153uvres prot\u00e9g\u00e9es par le droit d&rsquo;auteur (deux lois en date des 12 juin et 28 octobre). Consulter les textes de loi\u00a0: www.legifrance.gouv.fr\/ Ce dispositif se d\u00e9cline en 3 \u00e9tapes\u00a0: I L&rsquo;identification des actes illicites : le r\u00f4le des repr\u00e9sentants des [&hellip;]<\/p>\n","protected":false},"author":3,"featured_media":0,"parent":414,"menu_order":0,"comment_status":"open","ping_status":"open","template":"","meta":{"_acf_changed":false,"footnotes":""},"class_list":["post-1036","page","type-page","status-publish","hentry"],"acf":[],"_links":{"self":[{"href":"http:\/\/www.ressources.univ-rennes2.fr\/cultures-numeriques-dans-l-enseignement\/droit\/wp-json\/wp\/v2\/pages\/1036","targetHints":{"allow":["GET"]}}],"collection":[{"href":"http:\/\/www.ressources.univ-rennes2.fr\/cultures-numeriques-dans-l-enseignement\/droit\/wp-json\/wp\/v2\/pages"}],"about":[{"href":"http:\/\/www.ressources.univ-rennes2.fr\/cultures-numeriques-dans-l-enseignement\/droit\/wp-json\/wp\/v2\/types\/page"}],"author":[{"embeddable":true,"href":"http:\/\/www.ressources.univ-rennes2.fr\/cultures-numeriques-dans-l-enseignement\/droit\/wp-json\/wp\/v2\/users\/3"}],"replies":[{"embeddable":true,"href":"http:\/\/www.ressources.univ-rennes2.fr\/cultures-numeriques-dans-l-enseignement\/droit\/wp-json\/wp\/v2\/comments?post=1036"}],"version-history":[{"count":5,"href":"http:\/\/www.ressources.univ-rennes2.fr\/cultures-numeriques-dans-l-enseignement\/droit\/wp-json\/wp\/v2\/pages\/1036\/revisions"}],"predecessor-version":[{"id":1403,"href":"http:\/\/www.ressources.univ-rennes2.fr\/cultures-numeriques-dans-l-enseignement\/droit\/wp-json\/wp\/v2\/pages\/1036\/revisions\/1403"}],"up":[{"embeddable":true,"href":"http:\/\/www.ressources.univ-rennes2.fr\/cultures-numeriques-dans-l-enseignement\/droit\/wp-json\/wp\/v2\/pages\/414"}],"wp:attachment":[{"href":"http:\/\/www.ressources.univ-rennes2.fr\/cultures-numeriques-dans-l-enseignement\/droit\/wp-json\/wp\/v2\/media?parent=1036"}],"curies":[{"name":"wp","href":"https:\/\/api.w.org\/{rel}","templated":true}]}}