{"id":1045,"date":"2013-08-25T18:11:29","date_gmt":"2013-08-25T17:11:29","guid":{"rendered":"http:\/\/www.ressources.univ-rennes2.fr\/cultures-numeriques-dans-l-enseignement\/droit\/?page_id=1045"},"modified":"2014-03-14T15:01:32","modified_gmt":"2014-03-14T14:01:32","slug":"2-1-1-les-principes-du-droit-a-limage","status":"publish","type":"page","link":"http:\/\/www.ressources.univ-rennes2.fr\/cultures-numeriques-dans-l-enseignement\/droit\/le-droit\/le-droit-a-limagele-droit-de-limage\/2-1-le-droit-a-limage\/2-1-1-les-principes-du-droit-a-limage\/","title":{"rendered":"2.1.1. Les principes du droit \u00e0 l&rsquo;image"},"content":{"rendered":"<p align=\"JUSTIFY\">Le droit \u00e0 l&rsquo;image est le droit pour toute personne physique \u00e0 disposer de son image. Ainsi toute personne peut s&rsquo;opposer \u00e0 l&rsquo;utilisation (traitement, duplication, diffusion&#8230;), commerciale ou non, de son image.<\/p>\n<p align=\"JUSTIFY\">Le droit \u00e0 l&rsquo;image r\u00e9pond au souci de prot\u00e9ger l&rsquo;individu qui \u00e9volue dans un environnement technique et m\u00e9diatique de plus en plus complexe, environnement qui facilite la diffusion des informations avec un risque de perte de contr\u00f4le de ces informations. En outre une dimension consum\u00e9riste relativement nouvelle (par ex les atistes qui attaquent la presse People) impose une r\u00e9flexion sur les usages de l&rsquo;image, une connaissance et une interpr\u00e9tation plus fine des \u00e9l\u00e9ments constitutifs de la personnalit\u00e9.<\/p>\n<p align=\"JUSTIFY\">\u00a0Qu&rsquo;entend-on exactement par \u00ab\u00a0image d&rsquo;une personne\u00a0\u00bb\u00a0 et <strong>\u00e9l\u00e9ments constitutifs de la personnalit\u00e9<\/strong> ? (<em>voir lien vers glossaire<\/em>)<\/p>\n<p align=\"JUSTIFY\">\u00a0L&rsquo;image d&rsquo;une personne peut \u00eatre d\u00e9finie comme \u00e9tant la pr\u00e9sence sur un support papier (photo, dessin), toile (peinture), vid\u00e9o (film), mat\u00e9riau pour sculpture, d&rsquo;une ou plusieurs personnes identifiables.<\/p>\n<p align=\"JUSTIFY\">Ce sont ces dimensions que l&rsquo;enseignant rencontrera dans sa vie professionnelle. On y ajoutera l&#8217;empreinte vocale\u00a0; la voix d&rsquo;un individu peut en effet permettre son identification. L&rsquo;enseignant peut \u00eatre amen\u00e9 \u00e0 enregistrer son cours, les prestations de ses \u00e9l\u00e8ves ou d&rsquo;intervenants ext\u00e9rieurs.<\/p>\n<p align=\"JUSTIFY\">\u00a0L&rsquo;analyse des \u00e9l\u00e9ments constitutifs de la personnalit\u00e9 est int\u00e9ressante mais on peut sp\u00e9culer sur le fait que l&rsquo;enseignant a peu de chances d&rsquo;\u00eatre confront\u00e9 en cas de litige \u00e0 des reconnaissances d&#8217;empreintes r\u00e9tiniennes ou d&#8217;empreintes digitales.<\/p>\n<p align=\"JUSTIFY\"><strong>Il faut souligner<\/strong>\u00a0:<\/p>\n<ul>\n<ul>\n<li>\n<p align=\"JUSTIFY\">que ce droit \u00e0 l&rsquo;image n&rsquo;a pas d&rsquo;existence propre\u00a0; il repose sur plusieurs textes l\u00e9gislatifs ainsi que la jurisprudence qui reconnaissent que toute personne peut interdire la reproduction ou la diffusion de son image sans son autorisation.<\/p>\n<p align=\"JUSTIFY\">De fait, d\u00e9finir son p\u00e9rim\u00e8tre est une t\u00e2che difficile.<\/p>\n<\/li>\n<li>\n<p align=\"JUSTIFY\">Que ce droit \u00e0 l&rsquo;image s&rsquo;appuie donc sur d&rsquo;autres droits de la personne (droit \u00e0 la protection de <strong>la vie priv\u00e9e<\/strong><em> (pr\u00e9voir lien glossaire)<\/em> : dispositions pr\u00e9vues par l&rsquo;article 9 du code civil\u00a0: articles 226-1 \u00e0 226-8 du Code civil\u00a0:\u00a0 \u00ab\u00a0tout individu jouit d&rsquo;un droit au respect de sa vie priv\u00e9e ainsi que d&rsquo;un droit \u00e0 l&rsquo;image\u00a0\u00bb) et qu&rsquo;il peut m\u00eame se voir opposer le droit \u00e0 la libert\u00e9 d&rsquo;expression (droit d&rsquo;informer)<\/p>\n<\/li>\n<li>\n<p align=\"JUSTIFY\">Que ce droit \u00e0 l&rsquo;image est un droit de la personnalit\u00e9 tout comme le droit au respect \u00e0 la vie priv\u00e9e. En ce sens il est inali\u00e9nable car il reste attach\u00e9 \u00e0 la personne et ne peut faire l&rsquo;objet d&rsquo;une cession ou d&rsquo;une transmission. Il est \u00e9galement extrapatrimonial et de fait, n&rsquo;a pas de prix.<\/p>\n<\/li>\n<\/ul>\n<\/ul>\n<p align=\"JUSTIFY\"><strong>Les implications pour l&rsquo;enseignant<\/strong>\u00a0:<\/p>\n<p align=\"JUSTIFY\">Tout enseignant qui souhaite faire figurer sur un journal scolaire, un blog, un site d&rsquo;\u00e9tablissement&#8230;un clich\u00e9 sur lequel apparaissent des \u00e9l\u00e8ves, des coll\u00e8gues, des parents ou des personnes inconnues (passants) doit s&rsquo;assurer que les sujets ne sont pas atteints dans le respect de leur vie priv\u00e9e et de leur image, et qu&rsquo;ils autorisent par \u00e9crit la communication, la diffusion, la publication de l&rsquo;image.<\/p>\n<p align=\"JUSTIFY\">Cet enseignant doit \u00e9galement obtenir l&rsquo;autorisation de diffusion de la part de l&rsquo;auteur de la photographie car ce dernier en est le propri\u00e9taire (voir Droit de l&rsquo;image). Dans la pratique l&rsquo;attention est tellement port\u00e9e sur les personnes figurant sur le clich\u00e9 que le photographe en est parfois oubli\u00e9.<\/p>\n<p align=\"JUSTIFY\">Il est important que l&rsquo;enseignant r\u00e9fl\u00e9chisse avec ses \u00e9l\u00e8ves sur l&rsquo;intention des photographies prises\u00a0et le cadrage le plus pertinent au regard de cette intention. Ainsi lors d&rsquo;une photographie de groupe lors d&rsquo;un d\u00e9placement durant un voyage p\u00e9dagogique, toute personne peut exiger que son visage soit cach\u00e9 (floutage) ou ne pas appara\u00eetre clairement (recadrage). On peut s&rsquo;interroger sur l&rsquo;efficacit\u00e9 du floutage sachant que l&rsquo;on peut \u00e9galement identifier une personne par se tenue vestimentaire.<\/p>\n<p align=\"JUSTIFY\">Ces techniques permettent de concilier la libert\u00e9 d&rsquo;expression et le respect de la vie priv\u00e9e.<\/p>\n<p align=\"JUSTIFY\">Arr\u00eat de la Cour de cassation en sa premi\u00e8re chambre civile du 18 septembre 2008\u00a0:<\/p>\n<p lang=\"fr-FR\" align=\"JUSTIFY\">la Cour de cassation souligne la possibilit\u00e9 d\u2019utiliser des moyens conciliant la libert\u00e9 de la presse et le respect de la vie priv\u00e9e que sont les techniques du \u00ab\u00a0floutage, la pixellisation ou l&rsquo;apposition d&rsquo;un bandeau sur le visage des personnes repr\u00e9sent\u00e9es\u00a0\u00bb<\/p>\n<p lang=\"fr-FR\" align=\"JUSTIFY\">Ce n&rsquo;est pas tant une photo prise sur un lieu public qui peut poser probl\u00e8me mais bien la diffusion de cette photographie sur laquelle les sujets sont identifiables. Ainsi l&rsquo;enseignant peut reproduire et diffuser une image capt\u00e9e lors d&rsquo;une sortie avec ses \u00e9l\u00e8ves pour peu que le cadrage ne soit pas restrictif (personne isol\u00e9e ou mise en \u00e9vidence). Un plan large dans lequel \u00e9voluent plusieurs personnes ne n\u00e9cessite aucune autorisation de leur part. Font en effet exception \u00e0 la r\u00e8gle d&rsquo;autorisation pr\u00e9alable \u00e0 la diffusion les photos de foule o\u00f9 la personne n&rsquo;est pas le sujet central ou bien les photos prises de loin ou de dos.<\/p>\n<p lang=\"fr-FR\" align=\"JUSTIFY\">L&rsquo;enseignant doit anticiper et proposer aux personnes concern\u00e9es (\u00e9l\u00e8ves majeurs, parents des \u00e9l\u00e8ves mineurs, accompagnateurs, tierces personnes&#8230;) une autorisation d&rsquo;utilisation de leur image. L&rsquo;accord donn\u00e9 doit \u00eatre manuscrit et \u00eatre sign\u00e9 par la ou les personnes concern\u00e9es par la photographie. Le document doit \u00eatre suffisamment pr\u00e9cis et pr\u00e9senter le contexte et la finalit\u00e9 de fa\u00e7on \u00e0 ce que l&rsquo;int\u00e9ress\u00e9 soit bien inform\u00e9 sur l&rsquo;utilisation qui sera faite de son image. La personne donne son autorisation pour un usage pr\u00e9cis et l&rsquo;utilisation effective ne peut \u00eatre diff\u00e9rente de ce qui a \u00e9t\u00e9 consenti.<\/p>\n<p lang=\"fr-FR\" align=\"JUSTIFY\">Il ne peut en aucun cas \u00eatre \u00e9tablie d&rsquo;autorisation globale, couvrant tout type de photographie impliquant la personne. A ce sujet les autorisations demand\u00e9es en d\u00e9but d&rsquo;ann\u00e9e par les chefs d&rsquo;\u00e9tablissements ont une l\u00e9gitimit\u00e9 discutable.<\/p>\n<p lang=\"fr-FR\" align=\"JUSTIFY\">En r\u00e9sum\u00e9\u00a0:<\/p>\n<p lang=\"fr-FR\" align=\"JUSTIFY\">Nature de l&rsquo;autorisation\u00a0: le diffuseur doit prouver en cas de litige qu&rsquo;il a bien l&rsquo;autorisation ; l&rsquo;accord doit donc \u00eatre \u00e9crit.<\/p>\n<p lang=\"fr-FR\" align=\"JUSTIFY\">Mentions de l&rsquo;autorisation\u00a0:<\/p>\n<p lang=\"fr-FR\" align=\"JUSTIFY\">&#8211; Les modalit\u00e9s de publications<\/p>\n<p lang=\"fr-FR\" align=\"JUSTIFY\">&#8211; la nature des clich\u00e9s\u00a0: date, lieu, sujet(s)<\/p>\n<p lang=\"fr-FR\" align=\"JUSTIFY\">&#8211; le\/les support(s)\u00a0de diffusion : journal de classe, blog, site d&rsquo;\u00e9tablissement&#8230;<\/p>\n<p lang=\"fr-FR\" align=\"JUSTIFY\">&#8211; les objectifs du projet<\/p>\n<p lang=\"fr-FR\" align=\"JUSTIFY\">&#8211; la dur\u00e9e de l&rsquo;autorisation\u00a0: l&rsquo;autorisation est associ\u00e9e aux objectifs ci-dessus et la dur\u00e9e est donc li\u00e9e \u00e0 la dur\u00e9e du projet. Comme pr\u00e9cis\u00e9 plus haut, l&rsquo;autorisation devra \u00eatre renouvel\u00e9e dans le cadre d&rsquo;un nouveau projet.<\/p>\n<p lang=\"fr-FR\" align=\"JUSTIFY\">L&rsquo;absence de pr\u00e9cisions peut engager la responsabilit\u00e9 du diffuseur .<\/p>\n<p lang=\"fr-FR\" align=\"JUSTIFY\">Ce dernier doit \u00e9galement s&rsquo;assurer que l&rsquo;utilisation de l&rsquo;image de la personne n&rsquo;est pas d\u00e9valorisante ou d\u00e9gradante, portant atteinte \u00e0 la dignit\u00e9 ou l&rsquo;intimit\u00e9 de cette personne.<\/p>\n<p lang=\"fr-FR\" align=\"JUSTIFY\">O\u00f9 trouver des exemples d&rsquo;autorisations de prises de vue et de diffusion\u00a0? De nombreux sites d&rsquo;\u00e9tablissements scolaires ou sites acad\u00e9miques proposent des mod\u00e8les\u00a0\u2026<\/p>\n<p lang=\"fr-FR\" align=\"JUSTIFY\"><a href=\"http:\/\/www.ac-besancon.fr\/spip.php?article1075\" target=\"_blank\">http:\/\/www.ac-besancon.fr\/spip.php?article1075<\/a><\/p>\n<p align=\"JUSTIFY\"><span style=\"color: #ff0000;\">Noter au passage que le lien doit s&rsquo;ouvrir dans une nouvelle fen\u00eatre afin de respecter la paternit\u00e9 et le format de chaque page !<\/span><\/p>\n","protected":false},"excerpt":{"rendered":"<p>Le droit \u00e0 l&rsquo;image est le droit pour toute personne physique \u00e0 disposer de son image. Ainsi toute personne peut s&rsquo;opposer \u00e0 l&rsquo;utilisation (traitement, duplication, diffusion&#8230;), commerciale ou non, de son image. Le droit \u00e0 l&rsquo;image r\u00e9pond au souci de prot\u00e9ger l&rsquo;individu qui \u00e9volue dans un environnement technique et m\u00e9diatique de plus en plus complexe, [&hellip;]<\/p>\n","protected":false},"author":3,"featured_media":0,"parent":1041,"menu_order":0,"comment_status":"open","ping_status":"open","template":"","meta":{"_acf_changed":false,"footnotes":""},"class_list":["post-1045","page","type-page","status-publish","hentry"],"acf":[],"_links":{"self":[{"href":"http:\/\/www.ressources.univ-rennes2.fr\/cultures-numeriques-dans-l-enseignement\/droit\/wp-json\/wp\/v2\/pages\/1045","targetHints":{"allow":["GET"]}}],"collection":[{"href":"http:\/\/www.ressources.univ-rennes2.fr\/cultures-numeriques-dans-l-enseignement\/droit\/wp-json\/wp\/v2\/pages"}],"about":[{"href":"http:\/\/www.ressources.univ-rennes2.fr\/cultures-numeriques-dans-l-enseignement\/droit\/wp-json\/wp\/v2\/types\/page"}],"author":[{"embeddable":true,"href":"http:\/\/www.ressources.univ-rennes2.fr\/cultures-numeriques-dans-l-enseignement\/droit\/wp-json\/wp\/v2\/users\/3"}],"replies":[{"embeddable":true,"href":"http:\/\/www.ressources.univ-rennes2.fr\/cultures-numeriques-dans-l-enseignement\/droit\/wp-json\/wp\/v2\/comments?post=1045"}],"version-history":[{"count":7,"href":"http:\/\/www.ressources.univ-rennes2.fr\/cultures-numeriques-dans-l-enseignement\/droit\/wp-json\/wp\/v2\/pages\/1045\/revisions"}],"predecessor-version":[{"id":1129,"href":"http:\/\/www.ressources.univ-rennes2.fr\/cultures-numeriques-dans-l-enseignement\/droit\/wp-json\/wp\/v2\/pages\/1045\/revisions\/1129"}],"up":[{"embeddable":true,"href":"http:\/\/www.ressources.univ-rennes2.fr\/cultures-numeriques-dans-l-enseignement\/droit\/wp-json\/wp\/v2\/pages\/1041"}],"wp:attachment":[{"href":"http:\/\/www.ressources.univ-rennes2.fr\/cultures-numeriques-dans-l-enseignement\/droit\/wp-json\/wp\/v2\/media?parent=1045"}],"curies":[{"name":"wp","href":"https:\/\/api.w.org\/{rel}","templated":true}]}}