{"id":1047,"date":"2013-08-25T18:12:09","date_gmt":"2013-08-25T17:12:09","guid":{"rendered":"http:\/\/www.ressources.univ-rennes2.fr\/cultures-numeriques-dans-l-enseignement\/droit\/?page_id=1047"},"modified":"2014-11-24T11:09:15","modified_gmt":"2014-11-24T10:09:15","slug":"2-1-2-les-recours-lors-de-litiges","status":"publish","type":"page","link":"http:\/\/www.ressources.univ-rennes2.fr\/cultures-numeriques-dans-l-enseignement\/droit\/le-droit\/le-droit-a-limagele-droit-de-limage\/2-1-le-droit-a-limage\/2-1-2-les-recours-lors-de-litiges\/","title":{"rendered":"2.1.2. Les recours lors de litiges"},"content":{"rendered":"<p>Toute victime d&rsquo;une exploitation non autoris\u00e9e de son image peut agir sur le plan civil et le plan p\u00e9nal\u00a0:<\/p>\n<p><strong>Sur le plan civil<\/strong>\u00a0:<\/p>\n<p>Le non respect du droit \u00e0 l&rsquo;image est sanctionn\u00e9 par l&rsquo;article 9 du code civil.<\/p>\n<p>Le juge civil saisi en r\u00e9f\u00e9r\u00e9 peut\u00a0:<\/p>\n<ul>\n<ul>\n<li>emp\u00eacher ou faire cesser l&rsquo;action qui nuit \u00e0 la victime<\/li>\n<li>demander des dommages et int\u00e9r\u00eats en r\u00e9paration des pr\u00e9judices<\/li>\n<li>demander le remboursement des frais de proc\u00e9dure par la personne n&rsquo;ayant pas respect\u00e9 le droit \u00e0 l&rsquo;image de la victime<\/li>\n<\/ul>\n<\/ul>\n<p><strong>\u00a0Sur le plan p\u00e9nal<\/strong><\/p>\n<p>La victime peut s&rsquo;appuyer sur les articles 226-1 et 226-2 du code p\u00e9nal pour se retourner contre l&rsquo;auteur de la faute.<\/p>\n","protected":false},"excerpt":{"rendered":"<p>Toute victime d&rsquo;une exploitation non autoris\u00e9e de son image peut agir sur le plan civil et le plan p\u00e9nal\u00a0: Sur le plan civil\u00a0: Le non respect du droit \u00e0 l&rsquo;image est sanctionn\u00e9 par l&rsquo;article 9 du code civil. Le juge civil saisi en r\u00e9f\u00e9r\u00e9 peut\u00a0: emp\u00eacher ou faire cesser l&rsquo;action qui nuit \u00e0 la victime [&hellip;]<\/p>\n","protected":false},"author":3,"featured_media":0,"parent":1041,"menu_order":0,"comment_status":"open","ping_status":"open","template":"","meta":{"_acf_changed":false,"footnotes":""},"class_list":["post-1047","page","type-page","status-publish","hentry"],"acf":[],"_links":{"self":[{"href":"http:\/\/www.ressources.univ-rennes2.fr\/cultures-numeriques-dans-l-enseignement\/droit\/wp-json\/wp\/v2\/pages\/1047","targetHints":{"allow":["GET"]}}],"collection":[{"href":"http:\/\/www.ressources.univ-rennes2.fr\/cultures-numeriques-dans-l-enseignement\/droit\/wp-json\/wp\/v2\/pages"}],"about":[{"href":"http:\/\/www.ressources.univ-rennes2.fr\/cultures-numeriques-dans-l-enseignement\/droit\/wp-json\/wp\/v2\/types\/page"}],"author":[{"embeddable":true,"href":"http:\/\/www.ressources.univ-rennes2.fr\/cultures-numeriques-dans-l-enseignement\/droit\/wp-json\/wp\/v2\/users\/3"}],"replies":[{"embeddable":true,"href":"http:\/\/www.ressources.univ-rennes2.fr\/cultures-numeriques-dans-l-enseignement\/droit\/wp-json\/wp\/v2\/comments?post=1047"}],"version-history":[{"count":3,"href":"http:\/\/www.ressources.univ-rennes2.fr\/cultures-numeriques-dans-l-enseignement\/droit\/wp-json\/wp\/v2\/pages\/1047\/revisions"}],"predecessor-version":[{"id":1417,"href":"http:\/\/www.ressources.univ-rennes2.fr\/cultures-numeriques-dans-l-enseignement\/droit\/wp-json\/wp\/v2\/pages\/1047\/revisions\/1417"}],"up":[{"embeddable":true,"href":"http:\/\/www.ressources.univ-rennes2.fr\/cultures-numeriques-dans-l-enseignement\/droit\/wp-json\/wp\/v2\/pages\/1041"}],"wp:attachment":[{"href":"http:\/\/www.ressources.univ-rennes2.fr\/cultures-numeriques-dans-l-enseignement\/droit\/wp-json\/wp\/v2\/media?parent=1047"}],"curies":[{"name":"wp","href":"https:\/\/api.w.org\/{rel}","templated":true}]}}