{"id":1049,"date":"2013-08-25T18:12:51","date_gmt":"2013-08-25T17:12:51","guid":{"rendered":"http:\/\/www.ressources.univ-rennes2.fr\/cultures-numeriques-dans-l-enseignement\/droit\/?page_id=1049"},"modified":"2015-01-14T11:14:42","modified_gmt":"2015-01-14T10:14:42","slug":"2-1-3-les-sanctions","status":"publish","type":"page","link":"http:\/\/www.ressources.univ-rennes2.fr\/cultures-numeriques-dans-l-enseignement\/droit\/le-droit\/le-droit-a-limagele-droit-de-limage\/2-1-le-droit-a-limage\/2-1-3-les-sanctions\/","title":{"rendered":"2.1.3. Les sanctions"},"content":{"rendered":"<p><strong>Faute<\/strong> : capter et diffuser ou laisser diffuser l&rsquo;image d&rsquo;une personne sans le consentement de cette derni\u00e8re<\/p>\n<p>photographier ou filmer une personne sans son consentement (m\u00eame sans diffusion)<\/p>\n<p>Code p\u00e9nal : Article\u00a0 226-2 : Emprisonnement 1 an\u00a0 et 45 000 euros d&rsquo;amende<\/p>\n<p>&nbsp;<\/p>\n<p>Faute\u00a0 : publier le montage r\u00e9alis\u00e9 avec l&rsquo;image d&rsquo;une personne sans son consentement<\/p>\n<p>Code p\u00e9nal : Article 226-8 : Emprisonnement 1 an et 15 000 euros d&rsquo;amende<\/p>\n<div id=\"__if72ru4sdfsdfrkjahiuyi_once\" style=\"display: none;\"><\/div>\n<div id=\"__if72ru4sdfsdfruh7fewui_once\" style=\"display: none;\"><\/div>\n<div id=\"__hggasdgjhsagd_once\" style=\"display: none;\"><\/div>\n","protected":false},"excerpt":{"rendered":"<p>Faute : capter et diffuser ou laisser diffuser l&rsquo;image d&rsquo;une personne sans le consentement de cette derni\u00e8re photographier ou filmer une personne sans son consentement (m\u00eame sans diffusion) Code p\u00e9nal : Article\u00a0 226-2 : Emprisonnement 1 an\u00a0 et 45 000 euros d&rsquo;amende &nbsp; Faute\u00a0 : publier le montage r\u00e9alis\u00e9 avec l&rsquo;image d&rsquo;une personne sans son [&hellip;]<\/p>\n","protected":false},"author":3,"featured_media":0,"parent":1041,"menu_order":0,"comment_status":"open","ping_status":"open","template":"","meta":{"_acf_changed":false,"footnotes":""},"class_list":["post-1049","page","type-page","status-publish","hentry"],"acf":[],"_links":{"self":[{"href":"http:\/\/www.ressources.univ-rennes2.fr\/cultures-numeriques-dans-l-enseignement\/droit\/wp-json\/wp\/v2\/pages\/1049","targetHints":{"allow":["GET"]}}],"collection":[{"href":"http:\/\/www.ressources.univ-rennes2.fr\/cultures-numeriques-dans-l-enseignement\/droit\/wp-json\/wp\/v2\/pages"}],"about":[{"href":"http:\/\/www.ressources.univ-rennes2.fr\/cultures-numeriques-dans-l-enseignement\/droit\/wp-json\/wp\/v2\/types\/page"}],"author":[{"embeddable":true,"href":"http:\/\/www.ressources.univ-rennes2.fr\/cultures-numeriques-dans-l-enseignement\/droit\/wp-json\/wp\/v2\/users\/3"}],"replies":[{"embeddable":true,"href":"http:\/\/www.ressources.univ-rennes2.fr\/cultures-numeriques-dans-l-enseignement\/droit\/wp-json\/wp\/v2\/comments?post=1049"}],"version-history":[{"count":3,"href":"http:\/\/www.ressources.univ-rennes2.fr\/cultures-numeriques-dans-l-enseignement\/droit\/wp-json\/wp\/v2\/pages\/1049\/revisions"}],"predecessor-version":[{"id":1606,"href":"http:\/\/www.ressources.univ-rennes2.fr\/cultures-numeriques-dans-l-enseignement\/droit\/wp-json\/wp\/v2\/pages\/1049\/revisions\/1606"}],"up":[{"embeddable":true,"href":"http:\/\/www.ressources.univ-rennes2.fr\/cultures-numeriques-dans-l-enseignement\/droit\/wp-json\/wp\/v2\/pages\/1041"}],"wp:attachment":[{"href":"http:\/\/www.ressources.univ-rennes2.fr\/cultures-numeriques-dans-l-enseignement\/droit\/wp-json\/wp\/v2\/media?parent=1049"}],"curies":[{"name":"wp","href":"https:\/\/api.w.org\/{rel}","templated":true}]}}