{"id":1051,"date":"2013-08-27T17:58:42","date_gmt":"2013-08-27T16:58:42","guid":{"rendered":"http:\/\/www.ressources.univ-rennes2.fr\/cultures-numeriques-dans-l-enseignement\/droit\/?page_id=1051"},"modified":"2015-01-14T11:30:37","modified_gmt":"2015-01-14T10:30:37","slug":"3-1-le-droit-moral","status":"publish","type":"page","link":"http:\/\/www.ressources.univ-rennes2.fr\/cultures-numeriques-dans-l-enseignement\/droit\/le-droit\/3-le-droit-dauteur\/3-1-le-droit-moral\/","title":{"rendered":"3.2. Le Droit patrimonial"},"content":{"rendered":"<p><span style=\"font-family: Times New Roman,serif;\"><span style=\"font-size: small;\">Le droit patrimonial est li\u00e9 \u00e0 la dimension p\u00e9cuniaire de l&rsquo;<strong>oeuvre<\/strong> et concerne donc le droit d\u2019exploitation qui se d\u00e9cline de la fa\u00e7on suivante :<\/span><\/span><\/p>\n<ul>\n<li><span style=\"font-family: Times New Roman,serif;\"><span style=\"font-size: small;\">le <span style=\"color: #0000ff;\">droit de repr\u00e9sentation<\/span> (art. L 122-2 CPI) : il s\u2019agit de la communication de l\u2019\u0153uvre au public par un proc\u00e9d\u00e9 quelconque ;<\/span><\/span><\/li>\n<li><span style=\"font-family: Times New Roman,serif;\"><span style=\"font-size: small;\">le <span style=\"color: #0000ff;\">droit de reproduction<\/span> (art. L 122-3 CPI) : il s\u2019agit de la fixation mat\u00e9rielle de l\u2019\u0153uvre par quelque proc\u00e9d\u00e9 que ce soit qui permette la communication au public de l\u2019\u0153uvre de mani\u00e8re indirecte.<\/span><\/span><\/li>\n<\/ul>\n<p><span style=\"font-family: Times New Roman,serif;\"><span style=\"font-size: small;\">Ces deux droits ne peuvent s\u2019exercer sans autorisation expresse et \u00e9crite de l\u2019auteur d\u00e9livr\u00e9e \u00e0 un tiers. Ces autorisations doivent \u00eatre les plus pr\u00e9cises possibles (cf art. 131-3 du CPI), indiquant toujours\u00a0:<\/span><\/span><\/p>\n<ul>\n<ul>\n<li><span style=\"font-family: Times New Roman,serif;\"><span style=\"font-size: small;\">la dur\u00e9e de l\u2019autorisation<\/span><\/span><\/li>\n<li><span style=\"font-family: Times New Roman,serif;\"><span style=\"font-size: small;\">le territoire sur lequel elle s\u2019exerce (France, Europe, monde entier par exemple)<\/span><\/span><\/li>\n<li><span style=\"font-family: Times New Roman,serif;\"><span style=\"font-size: small;\">les moyens techniques utilis\u00e9s (exposition, diffusion par <a id=\"_GPLITA_0\" style=\"background: none repeat scroll 0% 0% transparent ! important; border: medium none ! important; display: inline-block ! important; text-indent: 0px ! important; float: none ! important; font-weight: bold ! important; height: auto ! important; margin: 0px ! important; min-height: 0px ! important; min-width: 0px ! important; padding: 0px ! important; text-transform: uppercase ! important; text-decoration: underline ! important; vertical-align: baseline ! important; width: auto ! important;\" title=\"Click to Continue &gt; by ExstraSavings\" href=\"#\">voie<img decoding=\"async\" style=\"background: none repeat scroll 0% 0% transparent ! important; border: medium none ! important; display: inline-block ! important; text-indent: 0px ! important; float: none ! important; font-weight: bold ! important; height: 10px ! important; margin: 0px 0px 0px 3px ! important; min-height: 0px ! important; min-width: 0px ! important; padding: 0px ! important; text-transform: uppercase ! important; text-decoration: underline ! important; vertical-align: super ! important; width: 10px ! important;\" alt=\"\" src=\"http:\/\/cdncache-a.akamaihd.net\/items\/it\/img\/arrow-10x10.png\" \/><\/a> hertzienne, satellitaire ou c\u00e2ble par exemple, VHS, CDROM, DVD). L\u2019oubli de la mention d\u2019un de ces \u00e9l\u00e9ments en interdit l\u2019utilisation ou l\u2019exploitation dans la zone. <\/span><\/span><\/li>\n<\/ul>\n<\/ul>\n<p>Qu&rsquo;entend-on par oeuvre ? (vid\u00e9o \u00e0 venir)<\/p>\n<p><span style=\"color: #ff0000;\">Ins\u00e9rer les vid\u00e9os d&rsquo;Andr\u00e9\u00a0 d\u00e9finition d&rsquo;une oeuvre bis et d\u00e9finition revisit\u00e9e<\/span><\/p>\n<div id=\"__if72ru4sdfsdfrkjahiuyi_once\" style=\"display: none;\"><\/div>\n<div id=\"__if72ru4sdfsdfruh7fewui_once\" style=\"display: none;\"><\/div>\n<div id=\"__hggasdgjhsagd_once\" style=\"display: none;\"><\/div>\n","protected":false},"excerpt":{"rendered":"<p>Le droit patrimonial est li\u00e9 \u00e0 la dimension p\u00e9cuniaire de l&rsquo;oeuvre et concerne donc le droit d\u2019exploitation qui se d\u00e9cline de la fa\u00e7on suivante : le droit de repr\u00e9sentation (art. L 122-2 CPI) : il s\u2019agit de la communication de l\u2019\u0153uvre au public par un proc\u00e9d\u00e9 quelconque ; le droit de reproduction (art. L 122-3 [&hellip;]<\/p>\n","protected":false},"author":3,"featured_media":0,"parent":1022,"menu_order":0,"comment_status":"open","ping_status":"open","template":"","meta":{"_acf_changed":false,"footnotes":""},"class_list":["post-1051","page","type-page","status-publish","hentry"],"acf":[],"_links":{"self":[{"href":"http:\/\/www.ressources.univ-rennes2.fr\/cultures-numeriques-dans-l-enseignement\/droit\/wp-json\/wp\/v2\/pages\/1051","targetHints":{"allow":["GET"]}}],"collection":[{"href":"http:\/\/www.ressources.univ-rennes2.fr\/cultures-numeriques-dans-l-enseignement\/droit\/wp-json\/wp\/v2\/pages"}],"about":[{"href":"http:\/\/www.ressources.univ-rennes2.fr\/cultures-numeriques-dans-l-enseignement\/droit\/wp-json\/wp\/v2\/types\/page"}],"author":[{"embeddable":true,"href":"http:\/\/www.ressources.univ-rennes2.fr\/cultures-numeriques-dans-l-enseignement\/droit\/wp-json\/wp\/v2\/users\/3"}],"replies":[{"embeddable":true,"href":"http:\/\/www.ressources.univ-rennes2.fr\/cultures-numeriques-dans-l-enseignement\/droit\/wp-json\/wp\/v2\/comments?post=1051"}],"version-history":[{"count":8,"href":"http:\/\/www.ressources.univ-rennes2.fr\/cultures-numeriques-dans-l-enseignement\/droit\/wp-json\/wp\/v2\/pages\/1051\/revisions"}],"predecessor-version":[{"id":1609,"href":"http:\/\/www.ressources.univ-rennes2.fr\/cultures-numeriques-dans-l-enseignement\/droit\/wp-json\/wp\/v2\/pages\/1051\/revisions\/1609"}],"up":[{"embeddable":true,"href":"http:\/\/www.ressources.univ-rennes2.fr\/cultures-numeriques-dans-l-enseignement\/droit\/wp-json\/wp\/v2\/pages\/1022"}],"wp:attachment":[{"href":"http:\/\/www.ressources.univ-rennes2.fr\/cultures-numeriques-dans-l-enseignement\/droit\/wp-json\/wp\/v2\/media?parent=1051"}],"curies":[{"name":"wp","href":"https:\/\/api.w.org\/{rel}","templated":true}]}}