{"id":1055,"date":"2013-08-27T18:02:36","date_gmt":"2013-08-27T17:02:36","guid":{"rendered":"http:\/\/www.ressources.univ-rennes2.fr\/cultures-numeriques-dans-l-enseignement\/droit\/?page_id=1055"},"modified":"2015-01-14T11:32:52","modified_gmt":"2015-01-14T10:32:52","slug":"3-3-le-copyright","status":"publish","type":"page","link":"http:\/\/www.ressources.univ-rennes2.fr\/cultures-numeriques-dans-l-enseignement\/droit\/le-droit\/3-le-droit-dauteur\/3-3-le-copyright\/","title":{"rendered":"3.3. Le Copyright"},"content":{"rendered":"<p><span style=\"font-size: small;\">Le terme \u00ab\u00a0<b>copyright<\/b>\u00a0\u00bb d\u00e9signe la notion de droit d&rsquo;auteur dans la loi am\u00e9ricaine (dans le <i>Titre 17<\/i> du <i>United States Code<\/i>). Contrairement au droit d&rsquo;auteur en vigueur en France, un d\u00e9p\u00f4t est n\u00e9cessaire afin de le faire valoir aux Etats-Unis. Les oeuvres ayant fait l&rsquo;objet d&rsquo;un d\u00e9p\u00f4t de copyright peuvent ainsi afficher le symbole \u00a9, suivi de l&rsquo;ann\u00e9e de publication, puis du nom de l&rsquo;auteur (ou de la soci\u00e9t\u00e9 ayant d\u00e9pos\u00e9 le copyright). <\/span><\/p>\n<p><span style=\"font-size: small;\">Ce formalisme est autoris\u00e9 en France dans la mesure o\u00f9 il s&rsquo;applique \u00e0 toute oeuvre soumise au droit d&rsquo;auteur. Les mentions \u00ab\u00a0Copyright\u00a0\u00bb, \u00a9 ou \u00ab\u00a0Tous droits r\u00e9serv\u00e9s\u00a0\u00bb n&rsquo;ont pas pour autant d&rsquo;influence sur la protection de l&rsquo;oeuvre et ont uniquement\u00a0 un r\u00f4le informatif vis-\u00e0-vis du public. <\/span><\/p>\n<p><span style=\"font-size: small;\">Attention\u00a0! L&rsquo;absence de sigle ou de mention du droit d&rsquo;auteur ne signifie pas que l&rsquo;oeuvre n&rsquo;est pas prot\u00e9g\u00e9e ! Ainsi tous les \u00e9l\u00e9ments pr\u00e9sents sur Internet (images, vid\u00e9os, extraits sonores, textes) sont soumis de facto au droit d&rsquo;auteur, m\u00eame si leur acc\u00e8s est libre et gratuit et qu&rsquo;aucune mention ne pr\u00e9cise qu&rsquo;ils sont prot\u00e9g\u00e9s ! <\/span><\/p>\n<p><span style=\"font-size: small;\">En d&rsquo;autres termes faire un clic droit sur une image et avoir la possibilit\u00e9 \u00ab\u00a0d&rsquo;enregistrer sous&#8230;\u00a0\u00bb ne signifie pas que l&rsquo;image est libre de droit. L&rsquo;auteur n&rsquo;a pas pens\u00e9 \u00e0 la prot\u00e9ger ou estime ne pas avoir \u00e0 le faire.<\/span><\/p>\n<p><span style=\"font-size: small;\">Allons plus loin\u00a0! Vous avez identifi\u00e9 l&rsquo;auteur d&rsquo;une image et lui avez demand\u00e9 l&rsquo;autorisation de l&rsquo;utiliser pour illustrer un cours en classe. Le fait ne ne pas avoir de r\u00e9ponse \u00e0 long terme ne signifie pas qu&rsquo;il vous autorise \u00e0 exploiter son clich\u00e9. <\/span><\/p>\n<p><span style=\"color: #ff0000;\"><span style=\"font-size: small;\">Il est essentiel lors de toute utilisation d&rsquo;une oeuvre ou d&rsquo;une partie d&rsquo;une oeuvre d&rsquo;avoir le consentement de son auteur, au risque sinon d&rsquo;\u00eatre condamn\u00e9 \u00e0 payer des dommages et int\u00e9r\u00eats pour contrefa\u00e7on.<\/span><\/span><\/p>\n<div id=\"__if72ru4sdfsdfrkjahiuyi_once\" style=\"display: none;\"><\/div>\n<div id=\"__if72ru4sdfsdfruh7fewui_once\" style=\"display: none;\"><\/div>\n<div id=\"__hggasdgjhsagd_once\" style=\"display: none;\"><\/div>\n","protected":false},"excerpt":{"rendered":"<p>Le terme \u00ab\u00a0copyright\u00a0\u00bb d\u00e9signe la notion de droit d&rsquo;auteur dans la loi am\u00e9ricaine (dans le Titre 17 du United States Code). Contrairement au droit d&rsquo;auteur en vigueur en France, un d\u00e9p\u00f4t est n\u00e9cessaire afin de le faire valoir aux Etats-Unis. Les oeuvres ayant fait l&rsquo;objet d&rsquo;un d\u00e9p\u00f4t de copyright peuvent ainsi afficher le symbole \u00a9, [&hellip;]<\/p>\n","protected":false},"author":3,"featured_media":0,"parent":1022,"menu_order":0,"comment_status":"open","ping_status":"open","template":"","meta":{"_acf_changed":false,"footnotes":""},"class_list":["post-1055","page","type-page","status-publish","hentry"],"acf":[],"_links":{"self":[{"href":"http:\/\/www.ressources.univ-rennes2.fr\/cultures-numeriques-dans-l-enseignement\/droit\/wp-json\/wp\/v2\/pages\/1055","targetHints":{"allow":["GET"]}}],"collection":[{"href":"http:\/\/www.ressources.univ-rennes2.fr\/cultures-numeriques-dans-l-enseignement\/droit\/wp-json\/wp\/v2\/pages"}],"about":[{"href":"http:\/\/www.ressources.univ-rennes2.fr\/cultures-numeriques-dans-l-enseignement\/droit\/wp-json\/wp\/v2\/types\/page"}],"author":[{"embeddable":true,"href":"http:\/\/www.ressources.univ-rennes2.fr\/cultures-numeriques-dans-l-enseignement\/droit\/wp-json\/wp\/v2\/users\/3"}],"replies":[{"embeddable":true,"href":"http:\/\/www.ressources.univ-rennes2.fr\/cultures-numeriques-dans-l-enseignement\/droit\/wp-json\/wp\/v2\/comments?post=1055"}],"version-history":[{"count":4,"href":"http:\/\/www.ressources.univ-rennes2.fr\/cultures-numeriques-dans-l-enseignement\/droit\/wp-json\/wp\/v2\/pages\/1055\/revisions"}],"predecessor-version":[{"id":1611,"href":"http:\/\/www.ressources.univ-rennes2.fr\/cultures-numeriques-dans-l-enseignement\/droit\/wp-json\/wp\/v2\/pages\/1055\/revisions\/1611"}],"up":[{"embeddable":true,"href":"http:\/\/www.ressources.univ-rennes2.fr\/cultures-numeriques-dans-l-enseignement\/droit\/wp-json\/wp\/v2\/pages\/1022"}],"wp:attachment":[{"href":"http:\/\/www.ressources.univ-rennes2.fr\/cultures-numeriques-dans-l-enseignement\/droit\/wp-json\/wp\/v2\/media?parent=1055"}],"curies":[{"name":"wp","href":"https:\/\/api.w.org\/{rel}","templated":true}]}}