{"id":1065,"date":"2013-09-06T08:14:12","date_gmt":"2013-09-06T07:14:12","guid":{"rendered":"http:\/\/www.ressources.univ-rennes2.fr\/cultures-numeriques-dans-l-enseignement\/droit\/?page_id=1065"},"modified":"2015-01-14T10:54:18","modified_gmt":"2015-01-14T09:54:18","slug":"reponses-etude-de-cas-apiculteur","status":"publish","type":"page","link":"http:\/\/www.ressources.univ-rennes2.fr\/cultures-numeriques-dans-l-enseignement\/droit\/etudes-de-cas\/etudes-de-cas-droit-a-limage\/etude-de-cas-2-utilisation-dimages-recuperees-sur-internet\/reponses-etude-de-cas-apiculteur\/","title":{"rendered":"R\u00e9ponses \u00e9tude de cas apiculteur"},"content":{"rendered":"<p><strong>a) l&rsquo;image<\/strong>\u00a0:<\/p>\n<p>L&rsquo;enseignant doit\u00a0 s&rsquo;assurer que l&rsquo;apiculteur a bien donn\u00e9 son autorisation pour la diffusion de la photo sur laquelle il figure. Bien s\u00fbr on ne peut l&rsquo;identifier par son visage mais si il est bien le seul apiculteur dans le village le doute sur son identit\u00e9 n&rsquo;est pas permis. La tenue vestimentaire permet \u00e9galement d&rsquo;identifier l&rsquo;individu sur le plan professionnel. Enfin son nom est cit\u00e9.<\/p>\n<p>L&rsquo;enseignant doit avoir, avant la diffusion de l&rsquo;article, l&rsquo;autorisation de l&rsquo;\u00e9l\u00e8ve photographe\u00a0 pour la diffusion du clich\u00e9 dont il est l&rsquo;auteur, et l&rsquo;autorisation\u00a0 du\u00a0 second \u00e9l\u00e8ve qui est \u00e9galement l&rsquo;auteur du texte \u00e0 diffuser.<\/p>\n<p><strong>b) Le commentaire<\/strong>\u00a0:<\/p>\n<p>Ce texte relate\u00a0 des propos de l&rsquo;apiculteur ; l&rsquo;enseignant doit s&rsquo;assurer que ce dernier a d&rsquo;une part, bien tenu ces propos, et d&rsquo;autre part donn\u00e9 l&rsquo;autorisation\u00a0 de diffuser son discours. On parle souvent du droit \u00e0 l&rsquo;image ; le droit \u00e0 la voix est \u00e9galement prot\u00e9g\u00e9.<\/p>\n<p>Le propos est\u00a0 diffamatoire car il porte bien atteinte \u00e0 l&rsquo;int\u00e9grit\u00e9 de Mme MEIRE .(voir glossaire\u00a0: diffamation, injure, insulte)<\/p>\n<p>En cas de litige le premier responsable est l&rsquo;auteur de l&rsquo;article,\u00a0 ensuite l&rsquo;enseignant qui a manqu\u00e9 de vigilance en laissant passer un tel article. Par le jeu de la responsabilit\u00e9 en cascade,\u00a0 le chef d&rsquo;\u00e9tablissement, qui est par d\u00e9faut le directeur de publication, est donc responsable\u00a0 des propos tenus et diffus\u00e9s dans l&rsquo;article.<\/p>\n<p>Toujours par\u00a0 le jeu de la responsabilit\u00e9 en cascade, l&rsquo;Etat prot\u00e8ge ses agents en cas de litige mais cela ne d\u00e9douane pas l&rsquo;\u00e9quipe enseignante de veiller au contenu du blog p\u00e9dagogique.<\/p>\n<p><strong>Comment s&rsquo;assurer de la possibilit\u00e9 de diffuser une image\u00a0?<\/strong><\/p>\n<p>Ici, pour illustrer\u00a0 l&rsquo;exercice, l&rsquo;image a \u00e9t\u00e9 r\u00e9cup\u00e9r\u00e9e sur le site de l&rsquo;UNAF qui autorise l&rsquo;utilisation de l&rsquo;image en faisant figurer la source (lien rouge)<\/p>\n<p><a title=\"Etude de cas Apiculteur\" href=\"http:\/\/www.ressources.univ-rennes2.fr\/cultures-numeriques-dans-l-enseignement\/droit\/wp-admin\/post.php?post=1024&amp;action=edit\">\u00a0RETOUR<\/a><\/p>\n<p>&nbsp;<\/p>\n<div id=\"__if72ru4rkjahiuyi_once\" style=\"display: none;\"><\/div>\n<div id=\"__if72ru4sdfsdfruh7fewui_once\" style=\"display: none;\"><\/div>\n<div id=\"__hggasdgjhsagd_once\" style=\"display: none;\"><\/div>\n<div id=\"__if72ru4sdfsdfrkjahiuyi_once\" style=\"display: none;\"><\/div>\n","protected":false},"excerpt":{"rendered":"<p>a) l&rsquo;image\u00a0: L&rsquo;enseignant doit\u00a0 s&rsquo;assurer que l&rsquo;apiculteur a bien donn\u00e9 son autorisation pour la diffusion de la photo sur laquelle il figure. Bien s\u00fbr on ne peut l&rsquo;identifier par son visage mais si il est bien le seul apiculteur dans le village le doute sur son identit\u00e9 n&rsquo;est pas permis. La tenue vestimentaire permet \u00e9galement [&hellip;]<\/p>\n","protected":false},"author":3,"featured_media":0,"parent":1024,"menu_order":0,"comment_status":"open","ping_status":"open","template":"","meta":{"_acf_changed":false,"footnotes":""},"class_list":["post-1065","page","type-page","status-publish","hentry"],"acf":[],"_links":{"self":[{"href":"http:\/\/www.ressources.univ-rennes2.fr\/cultures-numeriques-dans-l-enseignement\/droit\/wp-json\/wp\/v2\/pages\/1065","targetHints":{"allow":["GET"]}}],"collection":[{"href":"http:\/\/www.ressources.univ-rennes2.fr\/cultures-numeriques-dans-l-enseignement\/droit\/wp-json\/wp\/v2\/pages"}],"about":[{"href":"http:\/\/www.ressources.univ-rennes2.fr\/cultures-numeriques-dans-l-enseignement\/droit\/wp-json\/wp\/v2\/types\/page"}],"author":[{"embeddable":true,"href":"http:\/\/www.ressources.univ-rennes2.fr\/cultures-numeriques-dans-l-enseignement\/droit\/wp-json\/wp\/v2\/users\/3"}],"replies":[{"embeddable":true,"href":"http:\/\/www.ressources.univ-rennes2.fr\/cultures-numeriques-dans-l-enseignement\/droit\/wp-json\/wp\/v2\/comments?post=1065"}],"version-history":[{"count":8,"href":"http:\/\/www.ressources.univ-rennes2.fr\/cultures-numeriques-dans-l-enseignement\/droit\/wp-json\/wp\/v2\/pages\/1065\/revisions"}],"predecessor-version":[{"id":1604,"href":"http:\/\/www.ressources.univ-rennes2.fr\/cultures-numeriques-dans-l-enseignement\/droit\/wp-json\/wp\/v2\/pages\/1065\/revisions\/1604"}],"up":[{"embeddable":true,"href":"http:\/\/www.ressources.univ-rennes2.fr\/cultures-numeriques-dans-l-enseignement\/droit\/wp-json\/wp\/v2\/pages\/1024"}],"wp:attachment":[{"href":"http:\/\/www.ressources.univ-rennes2.fr\/cultures-numeriques-dans-l-enseignement\/droit\/wp-json\/wp\/v2\/media?parent=1065"}],"curies":[{"name":"wp","href":"https:\/\/api.w.org\/{rel}","templated":true}]}}