{"id":1076,"date":"2013-09-06T08:32:40","date_gmt":"2013-09-06T07:32:40","guid":{"rendered":"http:\/\/www.ressources.univ-rennes2.fr\/cultures-numeriques-dans-l-enseignement\/droit\/?page_id=1076"},"modified":"2015-01-14T10:55:13","modified_gmt":"2015-01-14T09:55:13","slug":"reponses-etude-de-cas-captation-dimage-dun-enseignant","status":"publish","type":"page","link":"http:\/\/www.ressources.univ-rennes2.fr\/cultures-numeriques-dans-l-enseignement\/droit\/etudes-de-cas\/etudes-de-cas-droit-a-limage\/etude-de-cas-1\/reponses-etude-de-cas-captation-dimage-dun-enseignant\/","title":{"rendered":"R\u00e9ponses \u00e9tude de cas Captation d&rsquo;image d&rsquo;un enseignant"},"content":{"rendered":"<p>Cette photo et sa diffusion posent le probl\u00e8me du <strong>droit \u00e0 l&rsquo;image<\/strong> et du non respect du <strong>droit \u00e0 la vie priv\u00e9e<\/strong>.<\/p>\n<p>a) <strong>droit \u00e0 l&rsquo;image<\/strong> :\u00a0 L&rsquo;enseignant voit son image diffus\u00e9e \u00e0 son insu et cette image est associ\u00e9e \u00e0 la divulgation de donn\u00e9es personnelles.<\/p>\n<p>Les \u00e9l\u00e8ves identifiables sur le clich\u00e9 pourraient \u00e9galement porter plainte dans la mesure o\u00f9 ils ne sont pas complices de cette action. Rappelons que l&rsquo;on peut identifier une personne au moyen du visage mais \u00e9galement au moyen de la tenue vestimentaire&#8230;<\/p>\n<p>b) <strong>droit \u00e0 la vie priv\u00e9e<\/strong> : La diffusion du n\u00b0 de t\u00e9l\u00e9phone est une atteinte \u00e0 la vie priv\u00e9e.<\/p>\n<p><strong>R\u00e9action \u00e0 privil\u00e9gier<\/strong> : dans un premier temps n\u00e9gocier avec l&rsquo;\u00e9l\u00e8ve le retrait de l&rsquo;image et des propos. En cas de refus convoquer les parents en pr\u00e9sence du chef d&rsquo;\u00e9tablissement et en dernier recours porter plainte.<\/p>\n<div id=\"__if72ru4sdfsdfrkjahiuyi_once\" style=\"display: none;\"><\/div>\n<div id=\"__if72ru4sdfsdfruh7fewui_once\" style=\"display: none;\"><\/div>\n<div id=\"__hggasdgjhsagd_once\" style=\"display: none;\"><\/div>\n","protected":false},"excerpt":{"rendered":"<p>Cette photo et sa diffusion posent le probl\u00e8me du droit \u00e0 l&rsquo;image et du non respect du droit \u00e0 la vie priv\u00e9e. a) droit \u00e0 l&rsquo;image :\u00a0 L&rsquo;enseignant voit son image diffus\u00e9e \u00e0 son insu et cette image est associ\u00e9e \u00e0 la divulgation de donn\u00e9es personnelles. Les \u00e9l\u00e8ves identifiables sur le clich\u00e9 pourraient \u00e9galement porter [&hellip;]<\/p>\n","protected":false},"author":3,"featured_media":0,"parent":191,"menu_order":0,"comment_status":"open","ping_status":"open","template":"","meta":{"_acf_changed":false,"footnotes":""},"class_list":["post-1076","page","type-page","status-publish","hentry"],"acf":[],"_links":{"self":[{"href":"http:\/\/www.ressources.univ-rennes2.fr\/cultures-numeriques-dans-l-enseignement\/droit\/wp-json\/wp\/v2\/pages\/1076","targetHints":{"allow":["GET"]}}],"collection":[{"href":"http:\/\/www.ressources.univ-rennes2.fr\/cultures-numeriques-dans-l-enseignement\/droit\/wp-json\/wp\/v2\/pages"}],"about":[{"href":"http:\/\/www.ressources.univ-rennes2.fr\/cultures-numeriques-dans-l-enseignement\/droit\/wp-json\/wp\/v2\/types\/page"}],"author":[{"embeddable":true,"href":"http:\/\/www.ressources.univ-rennes2.fr\/cultures-numeriques-dans-l-enseignement\/droit\/wp-json\/wp\/v2\/users\/3"}],"replies":[{"embeddable":true,"href":"http:\/\/www.ressources.univ-rennes2.fr\/cultures-numeriques-dans-l-enseignement\/droit\/wp-json\/wp\/v2\/comments?post=1076"}],"version-history":[{"count":4,"href":"http:\/\/www.ressources.univ-rennes2.fr\/cultures-numeriques-dans-l-enseignement\/droit\/wp-json\/wp\/v2\/pages\/1076\/revisions"}],"predecessor-version":[{"id":1599,"href":"http:\/\/www.ressources.univ-rennes2.fr\/cultures-numeriques-dans-l-enseignement\/droit\/wp-json\/wp\/v2\/pages\/1076\/revisions\/1599"}],"up":[{"embeddable":true,"href":"http:\/\/www.ressources.univ-rennes2.fr\/cultures-numeriques-dans-l-enseignement\/droit\/wp-json\/wp\/v2\/pages\/191"}],"wp:attachment":[{"href":"http:\/\/www.ressources.univ-rennes2.fr\/cultures-numeriques-dans-l-enseignement\/droit\/wp-json\/wp\/v2\/media?parent=1076"}],"curies":[{"name":"wp","href":"https:\/\/api.w.org\/{rel}","templated":true}]}}