{"id":1369,"date":"2014-11-17T17:15:28","date_gmt":"2014-11-17T16:15:28","guid":{"rendered":"http:\/\/www.ressources.univ-rennes2.fr\/cultures-numeriques-dans-l-enseignement\/droit\/?page_id=1369"},"modified":"2014-11-17T17:17:00","modified_gmt":"2014-11-17T16:17:00","slug":"etude-de-cas-4-diffusio-dun-contenu-audiovisuel-1-la-television","status":"publish","type":"page","link":"http:\/\/www.ressources.univ-rennes2.fr\/cultures-numeriques-dans-l-enseignement\/droit\/etudes-de-cas\/etudes-de-cas-droit-a-limage\/etude-de-cas-4-diffusio-dun-contenu-audiovisuel-1-la-television\/","title":{"rendered":"Etude de cas 4 &#8211; diffusion d&rsquo;un contenu audiovisuel 1 : la t\u00e9l\u00e9vision"},"content":{"rendered":"<p>Pour illustrer votre cours d&rsquo;histoire vous souhaitez diffuser en classe un film historique ou des extraits de ce film enregistr\u00e9 lors de son passage \u00e0 la t\u00e9l\u00e9vision. Dans quelles mesures pouvez-vous le faire ?<\/p>\n<p>Rappelons que l&rsquo;enseignant et ses \u00e9l\u00e8ves peuvent regarder en classe la t\u00e9l\u00e9vision en direct.<\/p>\n<p>&nbsp;<\/p>\n<p>R\u00e9ponse<\/p>\n","protected":false},"excerpt":{"rendered":"<p>Pour illustrer votre cours d&rsquo;histoire vous souhaitez diffuser en classe un film historique ou des extraits de ce film enregistr\u00e9 lors de son passage \u00e0 la t\u00e9l\u00e9vision. Dans quelles mesures pouvez-vous le faire ? Rappelons que l&rsquo;enseignant et ses \u00e9l\u00e8ves peuvent regarder en classe la t\u00e9l\u00e9vision en direct. &nbsp; R\u00e9ponse<\/p>\n","protected":false},"author":3,"featured_media":0,"parent":195,"menu_order":0,"comment_status":"open","ping_status":"open","template":"","meta":{"_acf_changed":false,"footnotes":""},"class_list":["post-1369","page","type-page","status-publish","hentry"],"acf":[],"_links":{"self":[{"href":"http:\/\/www.ressources.univ-rennes2.fr\/cultures-numeriques-dans-l-enseignement\/droit\/wp-json\/wp\/v2\/pages\/1369","targetHints":{"allow":["GET"]}}],"collection":[{"href":"http:\/\/www.ressources.univ-rennes2.fr\/cultures-numeriques-dans-l-enseignement\/droit\/wp-json\/wp\/v2\/pages"}],"about":[{"href":"http:\/\/www.ressources.univ-rennes2.fr\/cultures-numeriques-dans-l-enseignement\/droit\/wp-json\/wp\/v2\/types\/page"}],"author":[{"embeddable":true,"href":"http:\/\/www.ressources.univ-rennes2.fr\/cultures-numeriques-dans-l-enseignement\/droit\/wp-json\/wp\/v2\/users\/3"}],"replies":[{"embeddable":true,"href":"http:\/\/www.ressources.univ-rennes2.fr\/cultures-numeriques-dans-l-enseignement\/droit\/wp-json\/wp\/v2\/comments?post=1369"}],"version-history":[{"count":2,"href":"http:\/\/www.ressources.univ-rennes2.fr\/cultures-numeriques-dans-l-enseignement\/droit\/wp-json\/wp\/v2\/pages\/1369\/revisions"}],"predecessor-version":[{"id":1371,"href":"http:\/\/www.ressources.univ-rennes2.fr\/cultures-numeriques-dans-l-enseignement\/droit\/wp-json\/wp\/v2\/pages\/1369\/revisions\/1371"}],"up":[{"embeddable":true,"href":"http:\/\/www.ressources.univ-rennes2.fr\/cultures-numeriques-dans-l-enseignement\/droit\/wp-json\/wp\/v2\/pages\/195"}],"wp:attachment":[{"href":"http:\/\/www.ressources.univ-rennes2.fr\/cultures-numeriques-dans-l-enseignement\/droit\/wp-json\/wp\/v2\/media?parent=1369"}],"curies":[{"name":"wp","href":"https:\/\/api.w.org\/{rel}","templated":true}]}}