{"id":1383,"date":"2014-11-21T16:14:02","date_gmt":"2014-11-21T15:14:02","guid":{"rendered":"http:\/\/www.ressources.univ-rennes2.fr\/cultures-numeriques-dans-l-enseignement\/droit\/?page_id=1383"},"modified":"2015-01-14T10:51:17","modified_gmt":"2015-01-14T09:51:17","slug":"reponse-diffusion-contenu-audiovisuel-cd-dvd","status":"publish","type":"page","link":"http:\/\/www.ressources.univ-rennes2.fr\/cultures-numeriques-dans-l-enseignement\/droit\/etudes-de-cas\/etudes-de-cas-droit-a-limage\/etude-de-cas-5-diffusion-dun-contenu-audiovisuel-2-un-cd-un-dvd\/reponse-diffusion-contenu-audiovisuel-cd-dvd\/","title":{"rendered":"R\u00e9ponse diffusion contenu audiovisuel : CD, DVD&#8230;"},"content":{"rendered":"<p><span style=\"font-size: small;\">Au regard de la loi tout particulier peut faire une <b>copie priv\u00e9e<\/b> (de fait pour un usage priv\u00e9 limit\u00e9 au cercle familial\u00a0: article L122-5-2 et article L211-3 du CPI)) d&rsquo;un support CD ou DVD original qui lui appartient.<\/span><\/p>\n<p><span style=\"font-size: small;\">Il est toutefois interdit de copier un tel support si il est prot\u00e9g\u00e9. <\/span><\/p>\n<p><span style=\"font-size: small;\">Par d\u00e9finition il est donc exclu de pouvoir diffuser en classe le contenu copi\u00e9 sur un support vierge. Ce dernier fait d&rsquo;ailleurs l&rsquo;objet d&rsquo;une <b>taxe<\/b> compensant le manque \u00e0 gagner des ayants-droit.<\/span><\/p>\n<p><span style=\"font-size: small;\">Diffuser une copie d&rsquo;un enregistrement est un acte de <b>contrefa\u00e7on<\/b>.<\/span><\/p>\n<p><span style=\"font-size: small; color: #ff0000;\">Contrefa\u00e7on\u00a0: amende de 150 000 euros et 2 ans d&#8217;emprisonnement<\/span><\/p>\n<p><span style=\"font-size: small;\"><b>Consulter le texte de la loi DADVSI chapitre 3 relatif \u00e0 la copie de supports<\/b>\u00a0:<\/span><\/p>\n<p><span style=\"font-size: small;\"><a href=\"http:\/\/www.legifrance.gouv.fr\/affichTexte.do\">http:\/\/www.legifrance.gouv.fr\/affichTexte.do<\/a><a href=\"http:\/\/www.legifrance.gouv.fr\/affichTexte.do?cidTexte=JORFTEXT000000266350&amp;dateTexte=&amp;categorieLien=id\">?cidTexte=JORFTEXT000000266350&amp;dateTexte=&amp;categorieLien=id<\/a><\/span><\/p>\n<p><b><span style=\"font-size: small;\">Cas 1\u00a0: Vous diffusez un ou plusieurs extraits\u00a0<\/span><\/b><span style=\"font-size: small;\">:<\/span><\/p>\n<p><span style=\"font-family: Calibri,sans-serif;\"><span style=\"font-size: small;\">D&rsquo;apr\u00e8s le protocole d&rsquo;accord sur la propri\u00e9t\u00e9 intellectuelle du BO N\u00b0 5 du 04 f\u00e9vrier 2010, la l\u00e9gislation permet de diffuser un extrait d\u2019une \u0153uvre audiovisuelle ou musicale en classe, aux \u00e9l\u00e8ves ou aux \u00e9tudiants \u00e0 des fins exclusives d\u2019illustration de l\u2019enseignement ou de la recherche.<\/span><\/span><\/p>\n<p lang=\"fr-FR\">\u00a0<span style=\"font-family: Calibri,sans-serif;\"><span style=\"font-size: small;\">L&rsquo;extrait est d\u00e9fini comme une partie de l\u2019\u0153uvre dont la longueur est limit\u00e9e \u00e0 6 minutes et ne pouvant exc\u00e9der\u00a0:<\/span><\/span><\/p>\n<ul>\n<li><span style=\"font-family: Calibri,sans-serif;\"><span style=\"font-size: small;\">10% de la dur\u00e9e totale de l\u2019\u0153uvre int\u00e9grale <\/span><\/span><\/li>\n<li><span style=\"font-family: Calibri,sans-serif;\"><span style=\"font-size: small;\">15% maximum s\u2019il existe une utilisation de plusieurs extraits de la m\u00eame \u0153uvre <\/span><\/span><\/li>\n<\/ul>\n<p><span style=\"font-size: small;\">Les \u0153uvres vis\u00e9es par ce protocole d&rsquo;accords sont celles dont les ayants droits ou leur repr\u00e9sentants ont confi\u00e9 mandat\u00a0:<\/span><\/p>\n<ul>\n<li><span style=\"font-size: small;\">\u00e0 la PROCIREP (soci\u00e9t\u00e9 de producteurs de cin\u00e9ma et de t\u00e9l\u00e9vision) <\/span><\/li>\n<li><span style=\"font-size: small;\">\u00e0 la SACEM, la SACD, la SDRM, l\u2019ADAMI, la SCPP, la SPPF, la SPRE ou la SPEDIDAM ou pour les \u0153uvres musicales faisant partie de leur r\u00e9pertoire . <\/span><\/li>\n<\/ul>\n<p><b>Cas 2\u00a0: Vous diffusez l&rsquo;int\u00e9gralit\u00e9 de l&rsquo;enregistrement\u00a0<\/b>:<\/p>\n<p><span style=\"font-family: Calibri,sans-serif;\"><span style=\"font-size: small;\">Rappelons que vous pouvez diffuser l\u2019int\u00e9gralit\u00e9 (et non pas seulement les 6 minutes) de l\u2019\u0153uvre si celle-ci provient d\u2019un programme diffus\u00e9 en mode hertzien, analogique ou num\u00e9rique, par un service de communication non payant\u00a0\u00bb.<\/span><\/span><\/p>\n<p><span style=\"font-size: small;\">La diffusion d&rsquo;un contenu sur un support commercial dans son int\u00e9gralit\u00e9 est interdit sans l&rsquo;autorisation de l&rsquo;auteur de l&rsquo;oeuvre ou de l&rsquo;\u00e9diteur si l&rsquo;auteur a c\u00e9d\u00e9 ses droits.<\/span><\/p>\n<p>&nbsp;<\/p>\n<p>&nbsp;<\/p>\n<p>&nbsp;<\/p>\n<p>&nbsp;<\/p>\n<div id=\"__if72ru4rkjahiuyi_once\" style=\"display: none;\"><\/div>\n<div id=\"__if72ru4sdfsdfruh7fewui_once\" style=\"display: none;\"><\/div>\n<div id=\"__hggasdgjhsagd_once\" style=\"display: none;\"><\/div>\n<div id=\"__if72ru4sdfsdfrkjahiuyi_once\" style=\"display: none;\"><\/div>\n","protected":false},"excerpt":{"rendered":"<p>Au regard de la loi tout particulier peut faire une copie priv\u00e9e (de fait pour un usage priv\u00e9 limit\u00e9 au cercle familial\u00a0: article L122-5-2 et article L211-3 du CPI)) d&rsquo;un support CD ou DVD original qui lui appartient. Il est toutefois interdit de copier un tel support si il est prot\u00e9g\u00e9. Par d\u00e9finition il est [&hellip;]<\/p>\n","protected":false},"author":3,"featured_media":0,"parent":1390,"menu_order":0,"comment_status":"open","ping_status":"open","template":"","meta":{"_acf_changed":false,"footnotes":""},"class_list":["post-1383","page","type-page","status-publish","hentry"],"acf":[],"_links":{"self":[{"href":"http:\/\/www.ressources.univ-rennes2.fr\/cultures-numeriques-dans-l-enseignement\/droit\/wp-json\/wp\/v2\/pages\/1383","targetHints":{"allow":["GET"]}}],"collection":[{"href":"http:\/\/www.ressources.univ-rennes2.fr\/cultures-numeriques-dans-l-enseignement\/droit\/wp-json\/wp\/v2\/pages"}],"about":[{"href":"http:\/\/www.ressources.univ-rennes2.fr\/cultures-numeriques-dans-l-enseignement\/droit\/wp-json\/wp\/v2\/types\/page"}],"author":[{"embeddable":true,"href":"http:\/\/www.ressources.univ-rennes2.fr\/cultures-numeriques-dans-l-enseignement\/droit\/wp-json\/wp\/v2\/users\/3"}],"replies":[{"embeddable":true,"href":"http:\/\/www.ressources.univ-rennes2.fr\/cultures-numeriques-dans-l-enseignement\/droit\/wp-json\/wp\/v2\/comments?post=1383"}],"version-history":[{"count":2,"href":"http:\/\/www.ressources.univ-rennes2.fr\/cultures-numeriques-dans-l-enseignement\/droit\/wp-json\/wp\/v2\/pages\/1383\/revisions"}],"predecessor-version":[{"id":1602,"href":"http:\/\/www.ressources.univ-rennes2.fr\/cultures-numeriques-dans-l-enseignement\/droit\/wp-json\/wp\/v2\/pages\/1383\/revisions\/1602"}],"up":[{"embeddable":true,"href":"http:\/\/www.ressources.univ-rennes2.fr\/cultures-numeriques-dans-l-enseignement\/droit\/wp-json\/wp\/v2\/pages\/1390"}],"wp:attachment":[{"href":"http:\/\/www.ressources.univ-rennes2.fr\/cultures-numeriques-dans-l-enseignement\/droit\/wp-json\/wp\/v2\/media?parent=1383"}],"curies":[{"name":"wp","href":"https:\/\/api.w.org\/{rel}","templated":true}]}}