{"id":1390,"date":"2014-11-21T16:28:59","date_gmt":"2014-11-21T15:28:59","guid":{"rendered":"http:\/\/www.ressources.univ-rennes2.fr\/cultures-numeriques-dans-l-enseignement\/droit\/?page_id=1390"},"modified":"2014-11-21T16:33:03","modified_gmt":"2014-11-21T15:33:03","slug":"etude-de-cas-5-diffusion-dun-contenu-audiovisuel-2-un-cd-un-dvd","status":"publish","type":"page","link":"http:\/\/www.ressources.univ-rennes2.fr\/cultures-numeriques-dans-l-enseignement\/droit\/etudes-de-cas\/etudes-de-cas-droit-a-limage\/etude-de-cas-5-diffusion-dun-contenu-audiovisuel-2-un-cd-un-dvd\/","title":{"rendered":"Etude de cas 5 : diffusion d&rsquo;un contenu audiovisuel 2 : un CD, un DVD&#8230;"},"content":{"rendered":"<p>Vous souhaitez pour illustrer votre cours diffuser dans son int\u00e9gralit\u00e9 ou sous forme d&rsquo;un ou plusieurs extraits un contenu audiovisuel sur un support original ou une copie de ce dernier pour ne pas le d\u00e9t\u00e9riorer. Dans quelles mesures pouvez-vous le faire ?<\/p>\n<p><a title=\"R\u00e9ponse diffusion contenu audiovisuel : CD, DVD\u2026\" href=\"http:\/\/www.ressources.univ-rennes2.fr\/cultures-numeriques-dans-l-enseignement\/droit\/etudes-de-cas\/etudes-de-cas-droit-a-limage\/reponse-diffusion-contenu-audiovisuel-cd-dvd\/\" target=\"_blank\">R\u00e9ponse<\/a><\/p>\n<div id=\"__if72ru4rkjahiuyi_once\" style=\"display: none;\"><\/div>\n<div id=\"__if72ru4sdfsdfruh7fewui_once\" style=\"display: none;\"><\/div>\n<div id=\"__hggasdgjhsagd_once\" style=\"display: none;\"><\/div>\n<div id=\"__if72ru4rkjahiuyi_once\" style=\"display: none;\"><\/div>\n<div id=\"__if72ru4rkjahiuyi_once\" style=\"display: none;\"><\/div>\n","protected":false},"excerpt":{"rendered":"<p>Vous souhaitez pour illustrer votre cours diffuser dans son int\u00e9gralit\u00e9 ou sous forme d&rsquo;un ou plusieurs extraits un contenu audiovisuel sur un support original ou une copie de ce dernier pour ne pas le d\u00e9t\u00e9riorer. Dans quelles mesures pouvez-vous le faire ? R\u00e9ponse<\/p>\n","protected":false},"author":3,"featured_media":0,"parent":195,"menu_order":0,"comment_status":"open","ping_status":"open","template":"","meta":{"_acf_changed":false,"footnotes":""},"class_list":["post-1390","page","type-page","status-publish","hentry"],"acf":[],"_links":{"self":[{"href":"http:\/\/www.ressources.univ-rennes2.fr\/cultures-numeriques-dans-l-enseignement\/droit\/wp-json\/wp\/v2\/pages\/1390","targetHints":{"allow":["GET"]}}],"collection":[{"href":"http:\/\/www.ressources.univ-rennes2.fr\/cultures-numeriques-dans-l-enseignement\/droit\/wp-json\/wp\/v2\/pages"}],"about":[{"href":"http:\/\/www.ressources.univ-rennes2.fr\/cultures-numeriques-dans-l-enseignement\/droit\/wp-json\/wp\/v2\/types\/page"}],"author":[{"embeddable":true,"href":"http:\/\/www.ressources.univ-rennes2.fr\/cultures-numeriques-dans-l-enseignement\/droit\/wp-json\/wp\/v2\/users\/3"}],"replies":[{"embeddable":true,"href":"http:\/\/www.ressources.univ-rennes2.fr\/cultures-numeriques-dans-l-enseignement\/droit\/wp-json\/wp\/v2\/comments?post=1390"}],"version-history":[{"count":4,"href":"http:\/\/www.ressources.univ-rennes2.fr\/cultures-numeriques-dans-l-enseignement\/droit\/wp-json\/wp\/v2\/pages\/1390\/revisions"}],"predecessor-version":[{"id":1394,"href":"http:\/\/www.ressources.univ-rennes2.fr\/cultures-numeriques-dans-l-enseignement\/droit\/wp-json\/wp\/v2\/pages\/1390\/revisions\/1394"}],"up":[{"embeddable":true,"href":"http:\/\/www.ressources.univ-rennes2.fr\/cultures-numeriques-dans-l-enseignement\/droit\/wp-json\/wp\/v2\/pages\/195"}],"wp:attachment":[{"href":"http:\/\/www.ressources.univ-rennes2.fr\/cultures-numeriques-dans-l-enseignement\/droit\/wp-json\/wp\/v2\/media?parent=1390"}],"curies":[{"name":"wp","href":"https:\/\/api.w.org\/{rel}","templated":true}]}}