{"id":1397,"date":"2014-11-21T16:50:56","date_gmt":"2014-11-21T15:50:56","guid":{"rendered":"http:\/\/www.ressources.univ-rennes2.fr\/cultures-numeriques-dans-l-enseignement\/droit\/?page_id=1397"},"modified":"2015-01-14T10:49:57","modified_gmt":"2015-01-14T09:49:57","slug":"reponse-dision-dun-enregistrement-a-la-television","status":"publish","type":"page","link":"http:\/\/www.ressources.univ-rennes2.fr\/cultures-numeriques-dans-l-enseignement\/droit\/etudes-de-cas\/etudes-de-cas-droit-a-limage\/etude-de-cas-4-diffusio-dun-contenu-audiovisuel-1-la-television\/reponse-dision-dun-enregistrement-a-la-television\/","title":{"rendered":"Reponse diffusion d&rsquo;un enregistrement \u00e0 la t\u00e9l\u00e9vision"},"content":{"rendered":"<p><span style=\"font-family: Calibri,sans-serif;\"><span style=\"font-size: small;\">Rappelons que vous pouvez diffuser l\u2019int\u00e9gralit\u00e9 (et non pas seulement les 6 minutes) de l\u2019\u0153uvre si celle-ci provient d\u2019un programme diffus\u00e9 en mode hertzien, analogique ou num\u00e9rique, par un service de communication non payant\u00a0\u00bb.<\/span><\/span><\/p>\n<div id=\"__if72ru4rkjahiuyi_once\" style=\"display: none;\"><\/div>\n<div id=\"__if72ru4sdfsdfruh7fewui_once\" style=\"display: none;\"><\/div>\n<div id=\"__hggasdgjhsagd_once\" style=\"display: none;\"><\/div>\n<div id=\"__if72ru4rkjahiuyi_once\" style=\"display: none;\"><\/div>\n<div id=\"__if72ru4sdfsdfrkjahiuyi_once\" style=\"display: none;\"><\/div>\n","protected":false},"excerpt":{"rendered":"<p>Rappelons que vous pouvez diffuser l\u2019int\u00e9gralit\u00e9 (et non pas seulement les 6 minutes) de l\u2019\u0153uvre si celle-ci provient d\u2019un programme diffus\u00e9 en mode hertzien, analogique ou num\u00e9rique, par un service de communication non payant\u00a0\u00bb.<\/p>\n","protected":false},"author":3,"featured_media":0,"parent":1369,"menu_order":0,"comment_status":"open","ping_status":"open","template":"","meta":{"_acf_changed":false,"footnotes":""},"class_list":["post-1397","page","type-page","status-publish","hentry"],"acf":[],"_links":{"self":[{"href":"http:\/\/www.ressources.univ-rennes2.fr\/cultures-numeriques-dans-l-enseignement\/droit\/wp-json\/wp\/v2\/pages\/1397","targetHints":{"allow":["GET"]}}],"collection":[{"href":"http:\/\/www.ressources.univ-rennes2.fr\/cultures-numeriques-dans-l-enseignement\/droit\/wp-json\/wp\/v2\/pages"}],"about":[{"href":"http:\/\/www.ressources.univ-rennes2.fr\/cultures-numeriques-dans-l-enseignement\/droit\/wp-json\/wp\/v2\/types\/page"}],"author":[{"embeddable":true,"href":"http:\/\/www.ressources.univ-rennes2.fr\/cultures-numeriques-dans-l-enseignement\/droit\/wp-json\/wp\/v2\/users\/3"}],"replies":[{"embeddable":true,"href":"http:\/\/www.ressources.univ-rennes2.fr\/cultures-numeriques-dans-l-enseignement\/droit\/wp-json\/wp\/v2\/comments?post=1397"}],"version-history":[{"count":4,"href":"http:\/\/www.ressources.univ-rennes2.fr\/cultures-numeriques-dans-l-enseignement\/droit\/wp-json\/wp\/v2\/pages\/1397\/revisions"}],"predecessor-version":[{"id":1601,"href":"http:\/\/www.ressources.univ-rennes2.fr\/cultures-numeriques-dans-l-enseignement\/droit\/wp-json\/wp\/v2\/pages\/1397\/revisions\/1601"}],"up":[{"embeddable":true,"href":"http:\/\/www.ressources.univ-rennes2.fr\/cultures-numeriques-dans-l-enseignement\/droit\/wp-json\/wp\/v2\/pages\/1369"}],"wp:attachment":[{"href":"http:\/\/www.ressources.univ-rennes2.fr\/cultures-numeriques-dans-l-enseignement\/droit\/wp-json\/wp\/v2\/media?parent=1397"}],"curies":[{"name":"wp","href":"https:\/\/api.w.org\/{rel}","templated":true}]}}