{"id":1407,"date":"2014-11-21T22:27:45","date_gmt":"2014-11-21T21:27:45","guid":{"rendered":"http:\/\/www.ressources.univ-rennes2.fr\/cultures-numeriques-dans-l-enseignement\/droit\/?page_id=1407"},"modified":"2014-11-24T10:35:32","modified_gmt":"2014-11-24T09:35:32","slug":"1407-2","status":"publish","type":"page","link":"http:\/\/www.ressources.univ-rennes2.fr\/cultures-numeriques-dans-l-enseignement\/droit\/etudes-de-cas\/etudes-de-cas-droit-a-limage\/etude-de-cas-3-copie-de-documents-pour-une-utilisation-en-classe\/1407-2\/","title":{"rendered":"R\u00e9ponse copie de documents"},"content":{"rendered":"<p>La repr\u00e9sentation ou la reproduction totale ou partielle d&rsquo;une \u0153uvre sans l&rsquo;accord pr\u00e9alable de l&rsquo;auteur est interdite. Articles L.122-2, L.122-4 L.122-2 du Code de la propri\u00e9t\u00e9 Intellectuelle<\/p>\n<p>L&rsquo;enseignant peut toutefois repr\u00e9senter ou reproduire des extraits d&rsquo;oeuvre en classe, devant ses \u00e9l\u00e8ves afin d&rsquo;illustrer son cours. Il doit imp\u00e9rativement mentionner le nom de l&rsquo;auteur ainsi que la source o\u00f9 l&rsquo;oeuvre a \u00e9t\u00e9 identifi\u00e9e.<\/p>\n<p>En vertu du droit d&rsquo;auteur toute diffusion de la totalit\u00e9 ou un extrait d&rsquo;une \u0153uvre ou d&rsquo;un ouvrage <strong>sur Internet<\/strong> est interdite sans autorisation.<\/p>\n<p>Le minist\u00e8re de l&rsquo;\u00e9ducation nationale, le Centre fran\u00e7ais d&rsquo;exploitation du doit de copie (CFC) et la soci\u00e9t\u00e9 des \u00e9diteurs et des auteurs de musique SEAM ont sign\u00e9 un contrat qui permet aux enseignants de remettre aux \u00e9l\u00e8ves des photocopies d&rsquo;extraits de livres, de manuels, de p\u00e9riodiques ou de partitions musicales sous certaines contraintes (Circulaire n\u00b02012-006 du 5 janvier 2012)\u00a0:<\/p>\n<p>Photocopies\u00a0: Attention ! Nous parlons bien de photocopies et non de num\u00e9risations (changement de support)<\/p>\n<ul>\n<li>Livres\u00a0: moins de 10% d&rsquo;un livre ou d&rsquo;une partition par acte de reproduction<\/li>\n<li>P\u00e9riodiques\u00a0: moins de 30% d&rsquo;un num\u00e9ro (revue ou journal) par acte de reproduction<\/li>\n<\/ul>\n<p>Les r\u00e9f\u00e9rences des ouvres doivent appara\u00eetre sur les photocopies (titre, auteur, \u00e9diteur)<\/p>\n<p>La reproduction ne doit pas exc\u00e9der 80 pages d&rsquo;un ouvrage prot\u00e9g\u00e9 par \u00e9l\u00e8ve et par an.<\/p>\n<p>Quelques types d&rsquo;oeuvres sont interdits \u00e0 la reproduction\u00a0:<\/p>\n<ul>\n<li>Les oeuvres musicales<\/li>\n<li>Les \u0153uvres de concours et d&rsquo;examens<\/li>\n<li>Les manuels pour logiciels<\/li>\n<li>Les \u00e9tudes de march\u00e9<\/li>\n<\/ul>\n","protected":false},"excerpt":{"rendered":"<p>La repr\u00e9sentation ou la reproduction totale ou partielle d&rsquo;une \u0153uvre sans l&rsquo;accord pr\u00e9alable de l&rsquo;auteur est interdite. Articles L.122-2, L.122-4 L.122-2 du Code de la propri\u00e9t\u00e9 Intellectuelle L&rsquo;enseignant peut toutefois repr\u00e9senter ou reproduire des extraits d&rsquo;oeuvre en classe, devant ses \u00e9l\u00e8ves afin d&rsquo;illustrer son cours. Il doit imp\u00e9rativement mentionner le nom de l&rsquo;auteur ainsi que [&hellip;]<\/p>\n","protected":false},"author":3,"featured_media":0,"parent":1029,"menu_order":0,"comment_status":"open","ping_status":"open","template":"","meta":{"_acf_changed":false,"footnotes":""},"class_list":["post-1407","page","type-page","status-publish","hentry"],"acf":[],"_links":{"self":[{"href":"http:\/\/www.ressources.univ-rennes2.fr\/cultures-numeriques-dans-l-enseignement\/droit\/wp-json\/wp\/v2\/pages\/1407","targetHints":{"allow":["GET"]}}],"collection":[{"href":"http:\/\/www.ressources.univ-rennes2.fr\/cultures-numeriques-dans-l-enseignement\/droit\/wp-json\/wp\/v2\/pages"}],"about":[{"href":"http:\/\/www.ressources.univ-rennes2.fr\/cultures-numeriques-dans-l-enseignement\/droit\/wp-json\/wp\/v2\/types\/page"}],"author":[{"embeddable":true,"href":"http:\/\/www.ressources.univ-rennes2.fr\/cultures-numeriques-dans-l-enseignement\/droit\/wp-json\/wp\/v2\/users\/3"}],"replies":[{"embeddable":true,"href":"http:\/\/www.ressources.univ-rennes2.fr\/cultures-numeriques-dans-l-enseignement\/droit\/wp-json\/wp\/v2\/comments?post=1407"}],"version-history":[{"count":2,"href":"http:\/\/www.ressources.univ-rennes2.fr\/cultures-numeriques-dans-l-enseignement\/droit\/wp-json\/wp\/v2\/pages\/1407\/revisions"}],"predecessor-version":[{"id":1409,"href":"http:\/\/www.ressources.univ-rennes2.fr\/cultures-numeriques-dans-l-enseignement\/droit\/wp-json\/wp\/v2\/pages\/1407\/revisions\/1409"}],"up":[{"embeddable":true,"href":"http:\/\/www.ressources.univ-rennes2.fr\/cultures-numeriques-dans-l-enseignement\/droit\/wp-json\/wp\/v2\/pages\/1029"}],"wp:attachment":[{"href":"http:\/\/www.ressources.univ-rennes2.fr\/cultures-numeriques-dans-l-enseignement\/droit\/wp-json\/wp\/v2\/media?parent=1407"}],"curies":[{"name":"wp","href":"https:\/\/api.w.org\/{rel}","templated":true}]}}