{"id":1422,"date":"2014-11-24T11:57:56","date_gmt":"2014-11-24T10:57:56","guid":{"rendered":"http:\/\/www.ressources.univ-rennes2.fr\/cultures-numeriques-dans-l-enseignement\/droit\/?page_id=1422"},"modified":"2014-11-24T12:33:30","modified_gmt":"2014-11-24T11:33:30","slug":"etude-de-cas-6-activite-de-recherche-documentaire-sur-internet","status":"publish","type":"page","link":"http:\/\/www.ressources.univ-rennes2.fr\/cultures-numeriques-dans-l-enseignement\/droit\/etudes-de-cas\/etudes-de-cas-droit-a-limage\/etude-de-cas-6-activite-de-recherche-documentaire-sur-internet\/","title":{"rendered":"Etude de cas 6 &#8211; Activit\u00e9 de recherche documentaire sur Internet"},"content":{"rendered":"<p>Dans le cadre d&rsquo;une activit\u00e9 de classe ; vos \u00e9l\u00e8ves sont invit\u00e9s \u00e0 effectuer une recherche sur Internet &#8230; Quelles sont les pr\u00e9cautions dont vous devez vous entourer ?<\/p>\n<p><a title=\"R\u00e9ponse recherche sur Internet\" href=\"http:\/\/www.ressources.univ-rennes2.fr\/cultures-numeriques-dans-l-enseignement\/droit\/etudes-de-cas\/etudes-de-cas-droit-a-limage\/reponse-recherche-sur-internet\/\">R\u00e9ponse<\/a><\/p>\n","protected":false},"excerpt":{"rendered":"<p>Dans le cadre d&rsquo;une activit\u00e9 de classe ; vos \u00e9l\u00e8ves sont invit\u00e9s \u00e0 effectuer une recherche sur Internet &#8230; Quelles sont les pr\u00e9cautions dont vous devez vous entourer ? R\u00e9ponse<\/p>\n","protected":false},"author":3,"featured_media":0,"parent":195,"menu_order":0,"comment_status":"open","ping_status":"open","template":"","meta":{"_acf_changed":false,"footnotes":""},"class_list":["post-1422","page","type-page","status-publish","hentry"],"acf":[],"_links":{"self":[{"href":"http:\/\/www.ressources.univ-rennes2.fr\/cultures-numeriques-dans-l-enseignement\/droit\/wp-json\/wp\/v2\/pages\/1422","targetHints":{"allow":["GET"]}}],"collection":[{"href":"http:\/\/www.ressources.univ-rennes2.fr\/cultures-numeriques-dans-l-enseignement\/droit\/wp-json\/wp\/v2\/pages"}],"about":[{"href":"http:\/\/www.ressources.univ-rennes2.fr\/cultures-numeriques-dans-l-enseignement\/droit\/wp-json\/wp\/v2\/types\/page"}],"author":[{"embeddable":true,"href":"http:\/\/www.ressources.univ-rennes2.fr\/cultures-numeriques-dans-l-enseignement\/droit\/wp-json\/wp\/v2\/users\/3"}],"replies":[{"embeddable":true,"href":"http:\/\/www.ressources.univ-rennes2.fr\/cultures-numeriques-dans-l-enseignement\/droit\/wp-json\/wp\/v2\/comments?post=1422"}],"version-history":[{"count":2,"href":"http:\/\/www.ressources.univ-rennes2.fr\/cultures-numeriques-dans-l-enseignement\/droit\/wp-json\/wp\/v2\/pages\/1422\/revisions"}],"predecessor-version":[{"id":1428,"href":"http:\/\/www.ressources.univ-rennes2.fr\/cultures-numeriques-dans-l-enseignement\/droit\/wp-json\/wp\/v2\/pages\/1422\/revisions\/1428"}],"up":[{"embeddable":true,"href":"http:\/\/www.ressources.univ-rennes2.fr\/cultures-numeriques-dans-l-enseignement\/droit\/wp-json\/wp\/v2\/pages\/195"}],"wp:attachment":[{"href":"http:\/\/www.ressources.univ-rennes2.fr\/cultures-numeriques-dans-l-enseignement\/droit\/wp-json\/wp\/v2\/media?parent=1422"}],"curies":[{"name":"wp","href":"https:\/\/api.w.org\/{rel}","templated":true}]}}