{"id":1426,"date":"2014-11-24T12:29:28","date_gmt":"2014-11-24T11:29:28","guid":{"rendered":"http:\/\/www.ressources.univ-rennes2.fr\/cultures-numeriques-dans-l-enseignement\/droit\/?page_id=1426"},"modified":"2015-01-14T10:53:20","modified_gmt":"2015-01-14T09:53:20","slug":"reponse-recherche-sur-internet","status":"publish","type":"page","link":"http:\/\/www.ressources.univ-rennes2.fr\/cultures-numeriques-dans-l-enseignement\/droit\/etudes-de-cas\/etudes-de-cas-droit-a-limage\/etude-de-cas-6-activite-de-recherche-documentaire-sur-internet\/reponse-recherche-sur-internet\/","title":{"rendered":"R\u00e9ponse recherche sur Internet"},"content":{"rendered":"<p>Tout usage d&rsquo;Internet dans la classe doit au pr\u00e9alable faire l&rsquo;objet d&rsquo;une s\u00e9ance de sensibilisation des \u00e9l\u00e8ves aux dangers d&rsquo;Internet. Toute activit\u00e9 par la suite doit r\u00e9pondre aux imp\u00e9ratifs de s\u00e9curit\u00e9 et de protection des \u00e9l\u00e8ves (des mineurs en g\u00e9n\u00e9ral).<\/p>\n<p>Notons que le chef d&rsquo;\u00e9tablissement n&rsquo;est pas tenu de mettre en place les mesures de s\u00e9curit\u00e9, mais il est responsable dans la mesure o\u00f9 il doit veiller \u00e0 ce que soient mises en place ces mesures de pr\u00e9vention.<\/p>\n<p>Ces mesures se d\u00e9clinent sous les formes suivantes :<\/p>\n<ul>\n<li>Une liste noire interdisant l&rsquo;acc\u00e8s aux sites identifi\u00e9s comme dangereux : contenu \u00e0 caract\u00e8re violent, discriminatoire, pornographique&#8230;\u00a0Vous trouverez une liste noire de r\u00e9f\u00e9rence sur le site\u00a0 : www.educnet.education.fr<\/li>\n<li>Une liste blanche qui limite l&rsquo;acc\u00e8s et la consultation \u00e0 un ensemble de sites connus pour leur pertinence.<\/li>\n<li>L&rsquo;enseignant peut, dans le contexte de chaque activit\u00e9 sp\u00e9cifique, faire une pr\u00e9s\u00e9lection des sites r\u00e9pondant \u00e0 l&rsquo;exercice propos\u00e9.<\/li>\n<\/ul>\n<p>Rappelons que l&rsquo;enseignant ne peut consulter la messagerie d&rsquo;un \u00e9l\u00e8ve, sauf si la nature du message est li\u00e9e \u00e0 l&rsquo;activit\u00e9 p\u00e9dagogique.<\/p>\n<div id=\"__if72ru4sdfsdfrkjahiuyi_once\" style=\"display: none;\"><\/div>\n<div id=\"__if72ru4sdfsdfruh7fewui_once\" style=\"display: none;\"><\/div>\n<div id=\"__hggasdgjhsagd_once\" style=\"display: none;\"><\/div>\n","protected":false},"excerpt":{"rendered":"<p>Tout usage d&rsquo;Internet dans la classe doit au pr\u00e9alable faire l&rsquo;objet d&rsquo;une s\u00e9ance de sensibilisation des \u00e9l\u00e8ves aux dangers d&rsquo;Internet. Toute activit\u00e9 par la suite doit r\u00e9pondre aux imp\u00e9ratifs de s\u00e9curit\u00e9 et de protection des \u00e9l\u00e8ves (des mineurs en g\u00e9n\u00e9ral). Notons que le chef d&rsquo;\u00e9tablissement n&rsquo;est pas tenu de mettre en place les mesures de [&hellip;]<\/p>\n","protected":false},"author":3,"featured_media":0,"parent":1422,"menu_order":0,"comment_status":"open","ping_status":"open","template":"","meta":{"_acf_changed":false,"footnotes":""},"class_list":["post-1426","page","type-page","status-publish","hentry"],"acf":[],"_links":{"self":[{"href":"http:\/\/www.ressources.univ-rennes2.fr\/cultures-numeriques-dans-l-enseignement\/droit\/wp-json\/wp\/v2\/pages\/1426","targetHints":{"allow":["GET"]}}],"collection":[{"href":"http:\/\/www.ressources.univ-rennes2.fr\/cultures-numeriques-dans-l-enseignement\/droit\/wp-json\/wp\/v2\/pages"}],"about":[{"href":"http:\/\/www.ressources.univ-rennes2.fr\/cultures-numeriques-dans-l-enseignement\/droit\/wp-json\/wp\/v2\/types\/page"}],"author":[{"embeddable":true,"href":"http:\/\/www.ressources.univ-rennes2.fr\/cultures-numeriques-dans-l-enseignement\/droit\/wp-json\/wp\/v2\/users\/3"}],"replies":[{"embeddable":true,"href":"http:\/\/www.ressources.univ-rennes2.fr\/cultures-numeriques-dans-l-enseignement\/droit\/wp-json\/wp\/v2\/comments?post=1426"}],"version-history":[{"count":2,"href":"http:\/\/www.ressources.univ-rennes2.fr\/cultures-numeriques-dans-l-enseignement\/droit\/wp-json\/wp\/v2\/pages\/1426\/revisions"}],"predecessor-version":[{"id":1603,"href":"http:\/\/www.ressources.univ-rennes2.fr\/cultures-numeriques-dans-l-enseignement\/droit\/wp-json\/wp\/v2\/pages\/1426\/revisions\/1603"}],"up":[{"embeddable":true,"href":"http:\/\/www.ressources.univ-rennes2.fr\/cultures-numeriques-dans-l-enseignement\/droit\/wp-json\/wp\/v2\/pages\/1422"}],"wp:attachment":[{"href":"http:\/\/www.ressources.univ-rennes2.fr\/cultures-numeriques-dans-l-enseignement\/droit\/wp-json\/wp\/v2\/media?parent=1426"}],"curies":[{"name":"wp","href":"https:\/\/api.w.org\/{rel}","templated":true}]}}