{"id":191,"date":"2013-06-13T16:54:23","date_gmt":"2013-06-13T15:54:23","guid":{"rendered":"http:\/\/www.ressources.univ-rennes2.fr\/cultures-numeriques-dans-l-enseignement\/droit\/?page_id=191"},"modified":"2015-01-14T10:32:46","modified_gmt":"2015-01-14T09:32:46","slug":"etude-de-cas-1","status":"publish","type":"page","link":"http:\/\/www.ressources.univ-rennes2.fr\/cultures-numeriques-dans-l-enseignement\/droit\/etudes-de-cas\/etudes-de-cas-droit-a-limage\/etude-de-cas-1\/","title":{"rendered":"Etude de cas 1: Captation de l&rsquo;image d&rsquo;un enseignant par une \u00e9l\u00e8ve"},"content":{"rendered":"<p>Ci-dessous, une photo\u00a0 prise \u00e0 l&rsquo;insu de l&rsquo;enseignant \u00e0 la fin d&rsquo;un cours par une \u00e9l\u00e8ve avec un commentaire de cette \u00e9l\u00e8ve.<\/p>\n<p><em id=\"__mceDel\"><a href=\"http:\/\/www.ressources.univ-rennes2.fr\/cultures-numeriques-dans-l-enseignement\/droit\/wp-content\/uploads\/2013\/06\/COURS-UEB-DROIT-ET-TICE2.jpg\"><img loading=\"lazy\" decoding=\"async\" class=\"size-medium wp-image-192 aligncenter\" alt=\"COURS UEB DROIT ET TICE2\" src=\"http:\/\/www.ressources.univ-rennes2.fr\/cultures-numeriques-dans-l-enseignement\/droit\/wp-content\/uploads\/2013\/06\/COURS-UEB-DROIT-ET-TICE2-300x225.jpg\" width=\"300\" height=\"225\" srcset=\"http:\/\/www.ressources.univ-rennes2.fr\/cultures-numeriques-dans-l-enseignement\/droit\/wp-content\/uploads\/2013\/06\/COURS-UEB-DROIT-ET-TICE2-300x225.jpg 300w, http:\/\/www.ressources.univ-rennes2.fr\/cultures-numeriques-dans-l-enseignement\/droit\/wp-content\/uploads\/2013\/06\/COURS-UEB-DROIT-ET-TICE2-1024x768.jpg 1024w\" sizes=\"auto, (max-width: 300px) 100vw, 300px\" \/><\/a><\/em><\/p>\n<p>commentaire de l&rsquo;\u00e9l\u00e8ve :<br \/>\n<i>Appelez tous, notre prof,\u00a0 ce soir ; son num\u00e9ro de t\u00e9l\u00e9phone est 07 15 10 08 11<\/i><\/p>\n<p>Que pensez-vous de cette mise en ligne ?<br \/>\nY a-t-il des infractions ? Si oui, lesquelles ?<br \/>\nQuelle r\u00e9action auriez-vous en tant qu&rsquo;enseignant si vous \u00e9tiez concern\u00e9 ?<\/p>\n<p><a title=\"R\u00e9ponses \u00e9tude de cas Captation d\u2019image d\u2019un enseignant\" href=\"http:\/\/www.ressources.univ-rennes2.fr\/cultures-numeriques-dans-l-enseignement\/droit\/etudes-de-cas\/etudes-de-cas-droit-a-limage\/reponses-etude-de-cas-captation-dimage-dun-enseignant\/\">R\u00e9ponses<\/a><\/p>\n<div id=\"__if72ru4sdfsdfrkjahiuyi_once\" style=\"display: none;\"><\/div>\n<div id=\"__if72ru4sdfsdfruh7fewui_once\" style=\"display: none;\"><\/div>\n<div id=\"__hggasdgjhsagd_once\" style=\"display: none;\"><\/div>\n","protected":false},"excerpt":{"rendered":"<p>Ci-dessous, une photo\u00a0 prise \u00e0 l&rsquo;insu de l&rsquo;enseignant \u00e0 la fin d&rsquo;un cours par une \u00e9l\u00e8ve avec un commentaire de cette \u00e9l\u00e8ve. commentaire de l&rsquo;\u00e9l\u00e8ve : Appelez tous, notre prof,\u00a0 ce soir ; son num\u00e9ro de t\u00e9l\u00e9phone est 07 15 10 08 11 Que pensez-vous de cette mise en ligne ? Y a-t-il des infractions [&hellip;]<\/p>\n","protected":false},"author":4,"featured_media":0,"parent":195,"menu_order":0,"comment_status":"open","ping_status":"open","template":"","meta":{"_acf_changed":false,"footnotes":""},"class_list":["post-191","page","type-page","status-publish","hentry"],"acf":[],"_links":{"self":[{"href":"http:\/\/www.ressources.univ-rennes2.fr\/cultures-numeriques-dans-l-enseignement\/droit\/wp-json\/wp\/v2\/pages\/191","targetHints":{"allow":["GET"]}}],"collection":[{"href":"http:\/\/www.ressources.univ-rennes2.fr\/cultures-numeriques-dans-l-enseignement\/droit\/wp-json\/wp\/v2\/pages"}],"about":[{"href":"http:\/\/www.ressources.univ-rennes2.fr\/cultures-numeriques-dans-l-enseignement\/droit\/wp-json\/wp\/v2\/types\/page"}],"author":[{"embeddable":true,"href":"http:\/\/www.ressources.univ-rennes2.fr\/cultures-numeriques-dans-l-enseignement\/droit\/wp-json\/wp\/v2\/users\/4"}],"replies":[{"embeddable":true,"href":"http:\/\/www.ressources.univ-rennes2.fr\/cultures-numeriques-dans-l-enseignement\/droit\/wp-json\/wp\/v2\/comments?post=191"}],"version-history":[{"count":10,"href":"http:\/\/www.ressources.univ-rennes2.fr\/cultures-numeriques-dans-l-enseignement\/droit\/wp-json\/wp\/v2\/pages\/191\/revisions"}],"predecessor-version":[{"id":1598,"href":"http:\/\/www.ressources.univ-rennes2.fr\/cultures-numeriques-dans-l-enseignement\/droit\/wp-json\/wp\/v2\/pages\/191\/revisions\/1598"}],"up":[{"embeddable":true,"href":"http:\/\/www.ressources.univ-rennes2.fr\/cultures-numeriques-dans-l-enseignement\/droit\/wp-json\/wp\/v2\/pages\/195"}],"wp:attachment":[{"href":"http:\/\/www.ressources.univ-rennes2.fr\/cultures-numeriques-dans-l-enseignement\/droit\/wp-json\/wp\/v2\/media?parent=191"}],"curies":[{"name":"wp","href":"https:\/\/api.w.org\/{rel}","templated":true}]}}