{"id":22,"date":"2013-06-11T11:17:36","date_gmt":"2013-06-11T10:17:36","guid":{"rendered":"http:\/\/www.ressources.univ-rennes2.fr\/cultures-numeriques-dans-l-enseignement\/droit\/?page_id=22"},"modified":"2014-11-25T10:11:39","modified_gmt":"2014-11-25T09:11:39","slug":"2-0-introduction","status":"publish","type":"page","link":"http:\/\/www.ressources.univ-rennes2.fr\/cultures-numeriques-dans-l-enseignement\/droit\/2-0-introduction\/","title":{"rendered":"1. Introduction"},"content":{"rendered":"<p dir=\"ltr\">Dans l\u2019ensemble de ce module, plusieurs points de vue vous seront souvent propos\u00e9s.<br \/>\nEn termes de droits, \u00a0il est utile de distinguer, par exemple :<\/p>\n<ul>\n<li>les r\u00e8gles du droit, telles que les textes les pr\u00e9sentent : \u00ab vous \u00eates l\u2019auteur d\u2019une \u0153uvre et vous n\u2019avez pas besoin de faire la moindre d\u00e9marche pour que vos \u00ab droits d\u2019auteur \u00bb soient constitu\u00e9s.<\/li>\n<li>les conseils d\u2019un avocat qui consid\u00e8re que dans plus de 80% des cas, vous gagnerez un proc\u00e8s dans ce domaine SI et seulement si vous avez la preuve que ce qui a \u00e9t\u00e9 copi\u00e9 vous appartenait. Le d\u00e9tail de cet exemple se trouve dans le cours sur les cat\u00e9gories de droits par l&rsquo;avocat Bernard Lamon dans le module en ligne suivant :\u00a0<em><a href=\"http:\/\/ressources.univ-rennes2.fr\/propriete-intellectuelle\/cours-1-2.html\" target=\"_blank\">Propri\u00e9t\u00e9 intellectuelle &#8211; Cat\u00e9gories de droits<\/a><\/em>, \u00e0 la minute 13.<\/li>\n<\/ul>\n<p>Pour donner un autre exemple, dans le domaine de la s\u00e9curit\u00e9, les mesures que vous prenez peuvent \u00eatre consid\u00e9r\u00e9es comme surdimensionn\u00e9es ou insuffisantes, en fonction des interlocuteurs qui vous conseilleront. Dans ce domaine, la vision du juriste s\u2019accorde rarement avec celle de l\u2019informaticien.<\/p>\n<p dir=\"ltr\">On peut donc dire en conclusion, qu\u2019une d\u00e9cision, dans le domaine de la s\u00e9curit\u00e9 ou du droit, est influenc\u00e9e par :<\/p>\n<ul>\n<li dir=\"ltr\">\n<p dir=\"ltr\">La perception du d\u00e9cideur : celle-ci peut concerner le risque encouru ou m\u00eame un le sens d\u2019un concept. Jean-Marc Manach a bien montr\u00e9 la diff\u00e9rence notable de perception de ce qu\u2019est \u00ab la vie priv\u00e9e \u00bb chez les adolescents d\u2019aujourd\u2019hui et chez les adultes dans son ouvrage\u00a0<em><a href=\"http:\/\/bugbrother.blog.lemonde.fr\/2010\/07\/02\/la-vie-privee-un-probleme-de-vieux-cons-le-livre\/\" target=\"_blank\">La vie priv\u00e9e, un probl\u00e8me de vieux cons ?<\/a><\/em>.<\/p>\n<\/li>\n<li dir=\"ltr\">\n<p dir=\"ltr\">Le contexte : la diffamation, les ragots, les questions de r\u00e9putation existaient bien s\u00fbr avant Internet, mais avec son explosion, on peut affirmer que ces questions ont chang\u00e9 d\u2019\u00e9chelle.<\/p>\n<\/li>\n<li dir=\"ltr\">\n<p dir=\"ltr\">La culture : le droit fran\u00e7ais n\u2019est pas aussi diff\u00e9rent du droit am\u00e9ricain qu\u2019on le dit (surtout du point de vue des pratiques en vigueur du fait de la mondialisation) mais ces diff\u00e9rences se fondent sur des priorit\u00e9s totalement diff\u00e9rentes.<\/p>\n<\/li>\n<\/ul>\n<p>Le droit am\u00e9ricain se fonde sur la libert\u00e9 d\u2019expression et la libert\u00e9 d\u2019entreprise, du march\u00e9. Cet engagement est li\u00e9 \u00e0 la religion. Si la population de ce pays a pu \u00e9lire un pr\u00e9sident noir, elle n\u2019est pas en situation d\u2019\u00e9lire un pr\u00e9sident ath\u00e9e. C\u2019est un pays o\u00f9 il faut croire \u00e0\/en quelque chose, o\u00f9 il faut toujours s\u2019am\u00e9liorer (<a href=\"http:\/\/fr.wikipedia.org\/wiki\/Perfectionnisme_(philosophie)\" target=\"_blank\">perfectionnisme<\/a>\u00a0dont parle\u00a0<a href=\"http:\/\/study.stanley-cavell.org\/Qu-est-ce-que-le-perfectionnisme\" target=\"_blank\">Stanley Cavell<\/a>).On consid\u00e8re que l\u2019information et l\u2019innovation doivent circuler et qu\u2019il faut que des industriels investissent pour que cela se r\u00e9alise.<\/p>\n<p><a href=\"http:\/\/www.ressources.univ-rennes2.fr\/cultures-numeriques-dans-l-enseignement\/droit\/wp-content\/uploads\/2013\/06\/societe-auteur.jpg\"><img loading=\"lazy\" decoding=\"async\" alt=\"societe auteur\" src=\"http:\/\/www.ressources.univ-rennes2.fr\/cultures-numeriques-dans-l-enseignement\/droit\/wp-content\/uploads\/2013\/06\/societe-auteur.jpg\" width=\"640\" height=\"250\" \/><\/a><\/p>\n<p dir=\"ltr\"><em><b>La soci\u00e9t\u00e9 contre l\u2019auteur (source Pixabay)<\/b><\/em><\/p>\n<p dir=\"ltr\">A l&rsquo;inverse, e droit fran\u00e7ais prot\u00e8ge prioritairement l\u2019auteur, l\u2019individu cr\u00e9atif contre l\u2019industrie. C\u2019est l\u2019individu qui constitue la cellule de base de la soci\u00e9t\u00e9 et l\u2019\u00e9tat doit le prot\u00e9ger. Le droit \u00e0 la vie priv\u00e9e est consid\u00e9r\u00e9 comme fondamental, et son respect conditionne tous les autres droits.<\/p>\n<p dir=\"ltr\">Il a cependant \u00e9t\u00e9 tardivement introduit dans le code civil (article 9). C\u2019est l\u2019explosion de la photographie (progr\u00e8s techniques, appareils \u00e0 des prix abordables, d\u00e9veloppement des loisirs..) qui a amen\u00e9 le droit \u00e0 se saisir de cette question.<\/p>\n<p dir=\"ltr\">On peut distinguer le droit correctif associ\u00e9 au droit \u00e0 la vie priv\u00e9e (vous devez dire en quoi on vous a port\u00e9 pr\u00e9judice) et le droit pr\u00e9ventif qui concerne la protection des donn\u00e9es personnelles. Dans ce dernier, il n\u2019y a pas \u00e0 prouver un pr\u00e9judice. Si tel organisme n\u2019est pas habilit\u00e9 par la CNIL \u00e0 poss\u00e9der tel fichier nominatif, vous l\u2019attaquez en justice et vous gagnez.<\/p>\n<p dir=\"ltr\">Ces deux logiques, ces deux principes (correctif et pr\u00e9ventif), se \u00ab compl\u00e8tent \u00bb, si on les prend en extension. Ils peuvent aussi laisser des zones d\u2019ombres si elles sont consid\u00e9r\u00e9es chacune au sens strict.<\/p>\n<p dir=\"ltr\">Ex : Si un fichier a \u00e9t\u00e9 constitu\u00e9 vous concernant et qu\u2019il circule sur le web, il vous faut d\u2019une part \u00e9tablir que ce fichier existe bien et que les infos qu\u2019il contient vous portent r\u00e9ellement pr\u00e9judice.<\/p>\n","protected":false},"excerpt":{"rendered":"<p>Dans l\u2019ensemble de ce module, plusieurs points de vue vous seront souvent propos\u00e9s. En termes de droits, \u00a0il est utile de distinguer, par exemple : les r\u00e8gles du droit, telles que les textes les pr\u00e9sentent : \u00ab vous \u00eates l\u2019auteur d\u2019une \u0153uvre et vous n\u2019avez pas besoin de faire la moindre d\u00e9marche pour que vos [&hellip;]<\/p>\n","protected":false},"author":4,"featured_media":0,"parent":0,"menu_order":0,"comment_status":"open","ping_status":"closed","template":"","meta":{"_acf_changed":false,"footnotes":""},"class_list":["post-22","page","type-page","status-publish","hentry"],"acf":[],"_links":{"self":[{"href":"http:\/\/www.ressources.univ-rennes2.fr\/cultures-numeriques-dans-l-enseignement\/droit\/wp-json\/wp\/v2\/pages\/22","targetHints":{"allow":["GET"]}}],"collection":[{"href":"http:\/\/www.ressources.univ-rennes2.fr\/cultures-numeriques-dans-l-enseignement\/droit\/wp-json\/wp\/v2\/pages"}],"about":[{"href":"http:\/\/www.ressources.univ-rennes2.fr\/cultures-numeriques-dans-l-enseignement\/droit\/wp-json\/wp\/v2\/types\/page"}],"author":[{"embeddable":true,"href":"http:\/\/www.ressources.univ-rennes2.fr\/cultures-numeriques-dans-l-enseignement\/droit\/wp-json\/wp\/v2\/users\/4"}],"replies":[{"embeddable":true,"href":"http:\/\/www.ressources.univ-rennes2.fr\/cultures-numeriques-dans-l-enseignement\/droit\/wp-json\/wp\/v2\/comments?post=22"}],"version-history":[{"count":22,"href":"http:\/\/www.ressources.univ-rennes2.fr\/cultures-numeriques-dans-l-enseignement\/droit\/wp-json\/wp\/v2\/pages\/22\/revisions"}],"predecessor-version":[{"id":1437,"href":"http:\/\/www.ressources.univ-rennes2.fr\/cultures-numeriques-dans-l-enseignement\/droit\/wp-json\/wp\/v2\/pages\/22\/revisions\/1437"}],"wp:attachment":[{"href":"http:\/\/www.ressources.univ-rennes2.fr\/cultures-numeriques-dans-l-enseignement\/droit\/wp-json\/wp\/v2\/media?parent=22"}],"curies":[{"name":"wp","href":"https:\/\/api.w.org\/{rel}","templated":true}]}}