{"id":430,"date":"2013-06-15T09:03:35","date_gmt":"2013-06-15T08:03:35","guid":{"rendered":"http:\/\/www.ressources.univ-rennes2.fr\/cultures-numeriques-dans-l-enseignement\/droit\/?page_id=430"},"modified":"2015-01-01T22:12:13","modified_gmt":"2015-01-01T21:12:13","slug":"1-presentation","status":"publish","type":"page","link":"http:\/\/www.ressources.univ-rennes2.fr\/cultures-numeriques-dans-l-enseignement\/droit\/2-0-introduction\/1-presentation\/","title":{"rendered":"1.1. Risques et dangers"},"content":{"rendered":"<p style=\"text-align: left;\">Quelle diff\u00e9rences faites-vous entre ces deux termes ? Ecrivez-les sur une feuille de papier.<\/p>\n<p style=\"text-align: left;\"><em>cliquez sur le dessin pour acc\u00e9der au diaporama.<\/em><em><a href=\"http:\/\/www.ressources.univ-rennes2.fr\/cultures-numeriques-dans-l-enseignement\/droit\/wp-content\/uploads\/2013\/06\/Du-danger-au-risque.pps\"><img loading=\"lazy\" decoding=\"async\" class=\"aligncenter\" alt=\"skateCapture\" src=\"http:\/\/www.ressources.univ-rennes2.fr\/cultures-numeriques-dans-l-enseignement\/droit\/wp-content\/uploads\/2013\/06\/skateCapture.jpg\" width=\"250\" height=\"200\" \/><\/a><\/em><\/p>\n<p style=\"text-align: left;\">Est-ce que ce sont ces diff\u00e9rences que vous aviez not\u00e9 ?<\/p>\n<p>&nbsp;<\/p>\n","protected":false},"excerpt":{"rendered":"<p>Quelle diff\u00e9rences faites-vous entre ces deux termes ? Ecrivez-les sur une feuille de papier. cliquez sur le dessin pour acc\u00e9der au diaporama. Est-ce que ce sont ces diff\u00e9rences que vous aviez not\u00e9 ? &nbsp;<\/p>\n","protected":false},"author":2,"featured_media":0,"parent":22,"menu_order":1,"comment_status":"open","ping_status":"closed","template":"","meta":{"_acf_changed":false,"footnotes":""},"class_list":["post-430","page","type-page","status-publish","hentry"],"acf":[],"_links":{"self":[{"href":"http:\/\/www.ressources.univ-rennes2.fr\/cultures-numeriques-dans-l-enseignement\/droit\/wp-json\/wp\/v2\/pages\/430","targetHints":{"allow":["GET"]}}],"collection":[{"href":"http:\/\/www.ressources.univ-rennes2.fr\/cultures-numeriques-dans-l-enseignement\/droit\/wp-json\/wp\/v2\/pages"}],"about":[{"href":"http:\/\/www.ressources.univ-rennes2.fr\/cultures-numeriques-dans-l-enseignement\/droit\/wp-json\/wp\/v2\/types\/page"}],"author":[{"embeddable":true,"href":"http:\/\/www.ressources.univ-rennes2.fr\/cultures-numeriques-dans-l-enseignement\/droit\/wp-json\/wp\/v2\/users\/2"}],"replies":[{"embeddable":true,"href":"http:\/\/www.ressources.univ-rennes2.fr\/cultures-numeriques-dans-l-enseignement\/droit\/wp-json\/wp\/v2\/comments?post=430"}],"version-history":[{"count":34,"href":"http:\/\/www.ressources.univ-rennes2.fr\/cultures-numeriques-dans-l-enseignement\/droit\/wp-json\/wp\/v2\/pages\/430\/revisions"}],"predecessor-version":[{"id":1560,"href":"http:\/\/www.ressources.univ-rennes2.fr\/cultures-numeriques-dans-l-enseignement\/droit\/wp-json\/wp\/v2\/pages\/430\/revisions\/1560"}],"up":[{"embeddable":true,"href":"http:\/\/www.ressources.univ-rennes2.fr\/cultures-numeriques-dans-l-enseignement\/droit\/wp-json\/wp\/v2\/pages\/22"}],"wp:attachment":[{"href":"http:\/\/www.ressources.univ-rennes2.fr\/cultures-numeriques-dans-l-enseignement\/droit\/wp-json\/wp\/v2\/media?parent=430"}],"curies":[{"name":"wp","href":"https:\/\/api.w.org\/{rel}","templated":true}]}}