{"id":529,"date":"2013-06-16T13:37:02","date_gmt":"2013-06-16T12:37:02","guid":{"rendered":"http:\/\/www.ressources.univ-rennes2.fr\/cultures-numeriques-dans-l-enseignement\/droit\/?page_id=529"},"modified":"2014-11-25T17:14:29","modified_gmt":"2014-11-25T16:14:29","slug":"les-faits","status":"publish","type":"page","link":"http:\/\/www.ressources.univ-rennes2.fr\/cultures-numeriques-dans-l-enseignement\/droit\/a-partir-de-lactualite\/la-gueule-de-lemploi\/les-faits\/","title":{"rendered":"2.5.1 Les faits"},"content":{"rendered":"<p style=\"text-align: left;\"><b>R\u00e9sum\u00e9\u00a0: <\/b>un film documentaire, \u00ab\u00a0La gueule de l\u2019emploi\u00a0\u00bb de Didier Cros est pass\u00e9 \u00e0 la t\u00e9l\u00e9vision deux fois en France (France 2). La premi\u00e8re fois \u00e0 l\u2019automne 2011 o\u00f9 il a eu un fort retentissement, sur Internet<b>, <\/b>notamment.<b> <\/b>Il pr\u00e9sente les m\u00e9thodes particuli\u00e8res, mais assez repr\u00e9sentatives des pratiques ordinaires, d\u2019un cabinet de recrutement. Un site, cr\u00e9\u00e9 par une personne qui a vu le film a vu le jour.<\/p>\n<p style=\"text-align: center;\"><a href=\"http:\/\/www.ressources.univ-rennes2.fr\/cultures-numeriques-dans-l-enseignement\/droit\/wp-content\/uploads\/2013\/06\/extrait-site.jpg\"><img loading=\"lazy\" decoding=\"async\" class=\"size-full wp-image-544 aligncenter\" alt=\"extrait site\" src=\"http:\/\/www.ressources.univ-rennes2.fr\/cultures-numeriques-dans-l-enseignement\/droit\/wp-content\/uploads\/2013\/06\/extrait-site.jpg\" width=\"570\" height=\"360\" srcset=\"http:\/\/www.ressources.univ-rennes2.fr\/cultures-numeriques-dans-l-enseignement\/droit\/wp-content\/uploads\/2013\/06\/extrait-site.jpg 570w, http:\/\/www.ressources.univ-rennes2.fr\/cultures-numeriques-dans-l-enseignement\/droit\/wp-content\/uploads\/2013\/06\/extrait-site-300x189.jpg 300w\" sizes=\"auto, (max-width: 570px) 100vw, 570px\" \/><\/a><\/p>\n<p style=\"text-align: left;\">Il invitait chacun \u00e0 regarder ce film et \u00e0 faire part aux recruteurs de leur appr\u00e9ciation de ces m\u00e9thodes de recrutement. Pour cela, il incitait \u00e0 diffuser largement des flyers avec les photos et les adresses des recruteurs des cabinets Gan et de RST Conseil \u00ab<em>dans les zones g\u00e9ographiques o\u00f9 vivent ces personnes\u00bb.<\/em><\/p>\n<p style=\"text-align: left;\"><a href=\"http:\/\/www.ressources.univ-rennes2.fr\/cultures-numeriques-dans-l-enseignement\/droit\/wp-content\/uploads\/2013\/06\/guuele-nb.jpg\"><img loading=\"lazy\" decoding=\"async\" class=\"alignnone size-full wp-image-530\" alt=\"guuele nb\" src=\"http:\/\/www.ressources.univ-rennes2.fr\/cultures-numeriques-dans-l-enseignement\/droit\/wp-content\/uploads\/2013\/06\/guuele-nb.jpg\" width=\"550\" height=\"220\" srcset=\"http:\/\/www.ressources.univ-rennes2.fr\/cultures-numeriques-dans-l-enseignement\/droit\/wp-content\/uploads\/2013\/06\/guuele-nb.jpg 550w, http:\/\/www.ressources.univ-rennes2.fr\/cultures-numeriques-dans-l-enseignement\/droit\/wp-content\/uploads\/2013\/06\/guuele-nb-300x119.jpg 300w\" sizes=\"auto, (max-width: 550px) 100vw, 550px\" \/><\/a><\/p>\n","protected":false},"excerpt":{"rendered":"<p>R\u00e9sum\u00e9\u00a0: un film documentaire, \u00ab\u00a0La gueule de l\u2019emploi\u00a0\u00bb de Didier Cros est pass\u00e9 \u00e0 la t\u00e9l\u00e9vision deux fois en France (France 2). La premi\u00e8re fois \u00e0 l\u2019automne 2011 o\u00f9 il a eu un fort retentissement, sur Internet, notamment. Il pr\u00e9sente les m\u00e9thodes particuli\u00e8res, mais assez repr\u00e9sentatives des pratiques ordinaires, d\u2019un cabinet de recrutement. Un site, [&hellip;]<\/p>\n","protected":false},"author":2,"featured_media":0,"parent":421,"menu_order":0,"comment_status":"open","ping_status":"open","template":"","meta":{"_acf_changed":false,"footnotes":""},"class_list":["post-529","page","type-page","status-publish","hentry"],"acf":[],"_links":{"self":[{"href":"http:\/\/www.ressources.univ-rennes2.fr\/cultures-numeriques-dans-l-enseignement\/droit\/wp-json\/wp\/v2\/pages\/529","targetHints":{"allow":["GET"]}}],"collection":[{"href":"http:\/\/www.ressources.univ-rennes2.fr\/cultures-numeriques-dans-l-enseignement\/droit\/wp-json\/wp\/v2\/pages"}],"about":[{"href":"http:\/\/www.ressources.univ-rennes2.fr\/cultures-numeriques-dans-l-enseignement\/droit\/wp-json\/wp\/v2\/types\/page"}],"author":[{"embeddable":true,"href":"http:\/\/www.ressources.univ-rennes2.fr\/cultures-numeriques-dans-l-enseignement\/droit\/wp-json\/wp\/v2\/users\/2"}],"replies":[{"embeddable":true,"href":"http:\/\/www.ressources.univ-rennes2.fr\/cultures-numeriques-dans-l-enseignement\/droit\/wp-json\/wp\/v2\/comments?post=529"}],"version-history":[{"count":15,"href":"http:\/\/www.ressources.univ-rennes2.fr\/cultures-numeriques-dans-l-enseignement\/droit\/wp-json\/wp\/v2\/pages\/529\/revisions"}],"predecessor-version":[{"id":1485,"href":"http:\/\/www.ressources.univ-rennes2.fr\/cultures-numeriques-dans-l-enseignement\/droit\/wp-json\/wp\/v2\/pages\/529\/revisions\/1485"}],"up":[{"embeddable":true,"href":"http:\/\/www.ressources.univ-rennes2.fr\/cultures-numeriques-dans-l-enseignement\/droit\/wp-json\/wp\/v2\/pages\/421"}],"wp:attachment":[{"href":"http:\/\/www.ressources.univ-rennes2.fr\/cultures-numeriques-dans-l-enseignement\/droit\/wp-json\/wp\/v2\/media?parent=529"}],"curies":[{"name":"wp","href":"https:\/\/api.w.org\/{rel}","templated":true}]}}