{"id":538,"date":"2013-06-16T13:43:08","date_gmt":"2013-06-16T12:43:08","guid":{"rendered":"http:\/\/www.ressources.univ-rennes2.fr\/cultures-numeriques-dans-l-enseignement\/droit\/?page_id=538"},"modified":"2014-11-25T17:14:52","modified_gmt":"2014-11-25T16:14:52","slug":"le-scenario-de-travail","status":"publish","type":"page","link":"http:\/\/www.ressources.univ-rennes2.fr\/cultures-numeriques-dans-l-enseignement\/droit\/a-partir-de-lactualite\/la-gueule-de-lemploi\/le-scenario-de-travail\/","title":{"rendered":"2.5.2 Le sc\u00e9nario de travail"},"content":{"rendered":"<p>Vous avez pris connaissance du fait d\u2019actualit\u00e9 qui sert de support \u00e0 ce travail. Une s\u00e9rie de questions vont maintenant vous \u00eatre propos\u00e9es.<\/p>\n<p>Une r\u00e9ponse est propos\u00e9e \u00e0 la fin de l\u2019activit\u00e9 et peut vous permettre d\u2019auto-\u00e9valuer votre travail personnel.<\/p>\n<p>Des informations compl\u00e9mentaires sur le cas sont ensuite fournies mais elles ne doivent pas vous emp\u00eacher de poursuivre l\u2019enqu\u00eate, bien au contraire.<\/p>\n<p style=\"text-align: center;\"><a href=\"http:\/\/www.ressources.univ-rennes2.fr\/cultures-numeriques-dans-l-enseignement\/droit\/wp-content\/uploads\/2013\/06\/2-tetes.jpg\"><img loading=\"lazy\" decoding=\"async\" class=\" wp-image-539 aligncenter\" alt=\"2 tetes\" src=\"http:\/\/www.ressources.univ-rennes2.fr\/cultures-numeriques-dans-l-enseignement\/droit\/wp-content\/uploads\/2013\/06\/2-tetes.jpg\" width=\"750\" height=\"420\" \/><\/a><\/p>\n","protected":false},"excerpt":{"rendered":"<p>Vous avez pris connaissance du fait d\u2019actualit\u00e9 qui sert de support \u00e0 ce travail. Une s\u00e9rie de questions vont maintenant vous \u00eatre propos\u00e9es. Une r\u00e9ponse est propos\u00e9e \u00e0 la fin de l\u2019activit\u00e9 et peut vous permettre d\u2019auto-\u00e9valuer votre travail personnel. Des informations compl\u00e9mentaires sur le cas sont ensuite fournies mais elles ne doivent pas vous [&hellip;]<\/p>\n","protected":false},"author":2,"featured_media":0,"parent":421,"menu_order":0,"comment_status":"open","ping_status":"open","template":"","meta":{"_acf_changed":false,"footnotes":""},"class_list":["post-538","page","type-page","status-publish","hentry"],"acf":[],"_links":{"self":[{"href":"http:\/\/www.ressources.univ-rennes2.fr\/cultures-numeriques-dans-l-enseignement\/droit\/wp-json\/wp\/v2\/pages\/538","targetHints":{"allow":["GET"]}}],"collection":[{"href":"http:\/\/www.ressources.univ-rennes2.fr\/cultures-numeriques-dans-l-enseignement\/droit\/wp-json\/wp\/v2\/pages"}],"about":[{"href":"http:\/\/www.ressources.univ-rennes2.fr\/cultures-numeriques-dans-l-enseignement\/droit\/wp-json\/wp\/v2\/types\/page"}],"author":[{"embeddable":true,"href":"http:\/\/www.ressources.univ-rennes2.fr\/cultures-numeriques-dans-l-enseignement\/droit\/wp-json\/wp\/v2\/users\/2"}],"replies":[{"embeddable":true,"href":"http:\/\/www.ressources.univ-rennes2.fr\/cultures-numeriques-dans-l-enseignement\/droit\/wp-json\/wp\/v2\/comments?post=538"}],"version-history":[{"count":10,"href":"http:\/\/www.ressources.univ-rennes2.fr\/cultures-numeriques-dans-l-enseignement\/droit\/wp-json\/wp\/v2\/pages\/538\/revisions"}],"predecessor-version":[{"id":1486,"href":"http:\/\/www.ressources.univ-rennes2.fr\/cultures-numeriques-dans-l-enseignement\/droit\/wp-json\/wp\/v2\/pages\/538\/revisions\/1486"}],"up":[{"embeddable":true,"href":"http:\/\/www.ressources.univ-rennes2.fr\/cultures-numeriques-dans-l-enseignement\/droit\/wp-json\/wp\/v2\/pages\/421"}],"wp:attachment":[{"href":"http:\/\/www.ressources.univ-rennes2.fr\/cultures-numeriques-dans-l-enseignement\/droit\/wp-json\/wp\/v2\/media?parent=538"}],"curies":[{"name":"wp","href":"https:\/\/api.w.org\/{rel}","templated":true}]}}