{"id":576,"date":"2013-06-16T15:17:49","date_gmt":"2013-06-16T14:17:49","guid":{"rendered":"http:\/\/www.ressources.univ-rennes2.fr\/cultures-numeriques-dans-l-enseignement\/droit\/?page_id=576"},"modified":"2015-01-01T20:25:50","modified_gmt":"2015-01-01T19:25:50","slug":"les-reponses-aux-questions","status":"publish","type":"page","link":"http:\/\/www.ressources.univ-rennes2.fr\/cultures-numeriques-dans-l-enseignement\/droit\/a-partir-de-lactualite\/la-gueule-de-lemploi\/les-reponses-aux-questions\/","title":{"rendered":"2.5.5 Les r\u00e9ponses aux questions"},"content":{"rendered":"<p>Premi\u00e8re question : Un internaute a-t-il droit de cr\u00e9er un site avec un tel contenu\u00a0?<\/p>\n<p><i>Les\u00a0<\/i><i>avocats de Gan ont effectivement mis en demeure le cr\u00e9ateur du site, Baptiste Fluzin, pour qu\u2019il retire les informations personnelles et les photos pr\u00e9sentes sur le site. Ces flyers portaient\u00a0<\/i><em>\u00abatteinte \u00e0 la vie priv\u00e9e par la publication des adresses personnelles et t\u00e9l\u00e9phones priv\u00e9s, et droit \u00e0 l&rsquo;image\u00bb<\/em><i>\u00a0<\/i><i>(art.9 du code civil), avait soulign\u00e9 d\u00e8s le 13 octobre\u00a0<\/i><a href=\"http:\/\/fr.wikipedia.org\/wiki\/Ma%C3%AEtre_Eolas\" target=\"_blank\"><i>Maitre Eolas<\/i><\/a><i>, avocat-blogueur. Ses cibles pourraient lui r\u00e9clamer des dommages et int\u00e9r\u00eats personnels.<\/i><i><\/i><\/p>\n<p>En parcourant ces articles, vous prendrez connaissance des arguments de l\u2019internaute.<br \/>\n<a href=\"http:\/\/www.slate.fr\/lien\/45045\/site-anonyme-recruteurs-lagueuledelemploi\" target=\"_blank\">http:\/\/www.slate.fr\/lien\/45045\/site-anonyme-recruteurs-lagueuledelemploi<br \/>\n<\/a><a href=\"http:\/\/www.lexpress.fr\/emploi-carriere\/emploi\/la-gueule-de-l-emploi-l-internaute-en-colere-fait-marche-arriere_1040643.html\" target=\"_blank\">http:\/\/www.lexpress.fr\/emploi-carriere\/emploi\/la-gueule-de-l-emploi-l-internaute-en-colere-fait-marche-arriere_1040643.html<\/a><\/p>\n<p>Deuxi\u00e8me question :<\/p>\n<p><i>La r\u00e9ponse est OUI.<\/i><\/p>\n<p><i>En tant que telles, ces informations ne posent pas de probl\u00e8me. Mais du fait de l\u2019impact du film et du site, chacun peut, effectivement, suivre tout de m\u00eame ses conseils (porter atteinte aux recruteurs). Par rapport \u00e0 la justice, cela constitue de plus une provocation d\u2019ailleurs revendiqu\u00e9e qui met bien en \u00e9vidence les probl\u00e8mes pos\u00e9s par Internet. Une fois qu\u2019une information est lanc\u00e9e et relay\u00e9e, personne ne peut plus l\u2019arr\u00eater.<\/i><\/p>\n<p>Ensuite, il a ferm\u00e9 le site\u00a0:\u00a0<a href=\"http:\/\/www.soymalau.com\/lagueule\/\" target=\"_blank\">http:\/\/www.soymalau.com\/lagueule\/<\/a><\/p>\n<p>&#8211;\u00a0<i>Le r\u00e9alisateur a-t-il droit de faire un tel film\u00a0?<\/i><\/p>\n<p><i>R\u00e9ponse\u00a0: Oui, d\u2019un point de vue juridique\u00a0: d\u00e9cision prise par le tribunal correctionnel (17<sup>\u00e8me<\/sup>\u00a0chambre). Suite a un deuxi\u00e8me passage \u00e0 la t\u00e9l\u00e9vision, d\u00e9but 2012, le cabinet de recrutement, qui a \u00e9t\u00e9 \u00ab\u00a0l\u00e2ch\u00e9\u00a0\u00bb par ses clients a port\u00e9 plainte en centrant ses attaques sur le site qui a \u00e9t\u00e9 pr\u00e9sent\u00e9 dans cette \u00e9tude de cas. Il a \u00e9t\u00e9 d\u00e9bout\u00e9.<\/i><\/p>\n<p><i>Une analyse crois\u00e9e permet \u00e0 chacun de se faire son opinion et de peser les arguments des uns et des autres.<\/i><\/p>\n","protected":false},"excerpt":{"rendered":"<p>Premi\u00e8re question : Un internaute a-t-il droit de cr\u00e9er un site avec un tel contenu\u00a0? Les\u00a0avocats de Gan ont effectivement mis en demeure le cr\u00e9ateur du site, Baptiste Fluzin, pour qu\u2019il retire les informations personnelles et les photos pr\u00e9sentes sur le site. Ces flyers portaient\u00a0\u00abatteinte \u00e0 la vie priv\u00e9e par la publication des adresses personnelles [&hellip;]<\/p>\n","protected":false},"author":2,"featured_media":0,"parent":421,"menu_order":0,"comment_status":"open","ping_status":"closed","template":"","meta":{"_acf_changed":false,"footnotes":""},"class_list":["post-576","page","type-page","status-publish","hentry"],"acf":[],"_links":{"self":[{"href":"http:\/\/www.ressources.univ-rennes2.fr\/cultures-numeriques-dans-l-enseignement\/droit\/wp-json\/wp\/v2\/pages\/576","targetHints":{"allow":["GET"]}}],"collection":[{"href":"http:\/\/www.ressources.univ-rennes2.fr\/cultures-numeriques-dans-l-enseignement\/droit\/wp-json\/wp\/v2\/pages"}],"about":[{"href":"http:\/\/www.ressources.univ-rennes2.fr\/cultures-numeriques-dans-l-enseignement\/droit\/wp-json\/wp\/v2\/types\/page"}],"author":[{"embeddable":true,"href":"http:\/\/www.ressources.univ-rennes2.fr\/cultures-numeriques-dans-l-enseignement\/droit\/wp-json\/wp\/v2\/users\/2"}],"replies":[{"embeddable":true,"href":"http:\/\/www.ressources.univ-rennes2.fr\/cultures-numeriques-dans-l-enseignement\/droit\/wp-json\/wp\/v2\/comments?post=576"}],"version-history":[{"count":7,"href":"http:\/\/www.ressources.univ-rennes2.fr\/cultures-numeriques-dans-l-enseignement\/droit\/wp-json\/wp\/v2\/pages\/576\/revisions"}],"predecessor-version":[{"id":1507,"href":"http:\/\/www.ressources.univ-rennes2.fr\/cultures-numeriques-dans-l-enseignement\/droit\/wp-json\/wp\/v2\/pages\/576\/revisions\/1507"}],"up":[{"embeddable":true,"href":"http:\/\/www.ressources.univ-rennes2.fr\/cultures-numeriques-dans-l-enseignement\/droit\/wp-json\/wp\/v2\/pages\/421"}],"wp:attachment":[{"href":"http:\/\/www.ressources.univ-rennes2.fr\/cultures-numeriques-dans-l-enseignement\/droit\/wp-json\/wp\/v2\/media?parent=576"}],"curies":[{"name":"wp","href":"https:\/\/api.w.org\/{rel}","templated":true}]}}