{"id":584,"date":"2013-06-16T15:25:27","date_gmt":"2013-06-16T14:25:27","guid":{"rendered":"http:\/\/www.ressources.univ-rennes2.fr\/cultures-numeriques-dans-l-enseignement\/droit\/?page_id=584"},"modified":"2015-01-01T21:05:29","modified_gmt":"2015-01-01T20:05:29","slug":"9-7-question-inactuelle","status":"publish","type":"page","link":"http:\/\/www.ressources.univ-rennes2.fr\/cultures-numeriques-dans-l-enseignement\/droit\/a-partir-de-lactualite\/la-gueule-de-lemploi\/9-7-question-inactuelle\/","title":{"rendered":"2.5.7. Question inactuelle"},"content":{"rendered":"<p><b>Les 3 objets m\u00e9diatiques pr\u00e9sent\u00e9s qui ont le m\u00eame nom, ont-ils des points communs, des ressemblances, de grosses diff\u00e9rences\u00a0?<\/b><\/p>\n<p><strong>A vous d&rsquo;exercer votre esprit d&rsquo;analyse.<\/strong><\/p>\n<p>&nbsp;<\/p>\n","protected":false},"excerpt":{"rendered":"<p>Les 3 objets m\u00e9diatiques pr\u00e9sent\u00e9s qui ont le m\u00eame nom, ont-ils des points communs, des ressemblances, de grosses diff\u00e9rences\u00a0? A vous d&rsquo;exercer votre esprit d&rsquo;analyse. &nbsp;<\/p>\n","protected":false},"author":2,"featured_media":0,"parent":421,"menu_order":6,"comment_status":"open","ping_status":"closed","template":"","meta":{"_acf_changed":false,"footnotes":""},"class_list":["post-584","page","type-page","status-publish","hentry"],"acf":[],"_links":{"self":[{"href":"http:\/\/www.ressources.univ-rennes2.fr\/cultures-numeriques-dans-l-enseignement\/droit\/wp-json\/wp\/v2\/pages\/584","targetHints":{"allow":["GET"]}}],"collection":[{"href":"http:\/\/www.ressources.univ-rennes2.fr\/cultures-numeriques-dans-l-enseignement\/droit\/wp-json\/wp\/v2\/pages"}],"about":[{"href":"http:\/\/www.ressources.univ-rennes2.fr\/cultures-numeriques-dans-l-enseignement\/droit\/wp-json\/wp\/v2\/types\/page"}],"author":[{"embeddable":true,"href":"http:\/\/www.ressources.univ-rennes2.fr\/cultures-numeriques-dans-l-enseignement\/droit\/wp-json\/wp\/v2\/users\/2"}],"replies":[{"embeddable":true,"href":"http:\/\/www.ressources.univ-rennes2.fr\/cultures-numeriques-dans-l-enseignement\/droit\/wp-json\/wp\/v2\/comments?post=584"}],"version-history":[{"count":6,"href":"http:\/\/www.ressources.univ-rennes2.fr\/cultures-numeriques-dans-l-enseignement\/droit\/wp-json\/wp\/v2\/pages\/584\/revisions"}],"predecessor-version":[{"id":1519,"href":"http:\/\/www.ressources.univ-rennes2.fr\/cultures-numeriques-dans-l-enseignement\/droit\/wp-json\/wp\/v2\/pages\/584\/revisions\/1519"}],"up":[{"embeddable":true,"href":"http:\/\/www.ressources.univ-rennes2.fr\/cultures-numeriques-dans-l-enseignement\/droit\/wp-json\/wp\/v2\/pages\/421"}],"wp:attachment":[{"href":"http:\/\/www.ressources.univ-rennes2.fr\/cultures-numeriques-dans-l-enseignement\/droit\/wp-json\/wp\/v2\/media?parent=584"}],"curies":[{"name":"wp","href":"https:\/\/api.w.org\/{rel}","templated":true}]}}