{"id":586,"date":"2013-06-16T15:26:08","date_gmt":"2013-06-16T14:26:08","guid":{"rendered":"http:\/\/www.ressources.univ-rennes2.fr\/cultures-numeriques-dans-l-enseignement\/droit\/?page_id=586"},"modified":"2015-01-01T21:08:35","modified_gmt":"2015-01-01T20:08:35","slug":"9-8-reponses-proposees","status":"publish","type":"page","link":"http:\/\/www.ressources.univ-rennes2.fr\/cultures-numeriques-dans-l-enseignement\/droit\/a-partir-de-lactualite\/la-gueule-de-lemploi\/9-8-reponses-proposees\/","title":{"rendered":"2.5.8. Derni\u00e8re r\u00e9ponse"},"content":{"rendered":"<p><b>Ce documentaire a \u00e9t\u00e9 pr\u00e9c\u00e9d\u00e9 par un film (1973) et un livre (2011) qui utilisaient comme titre cette expression suggestive\u00a0:<\/b><\/p>\n<p><b>Le film \u00e9ponyme de Jacques Rouland, est sorti en 1973\u00a0<\/b>: deux com\u00e9diens sans emploi d\u00e9cident d&rsquo;escroquer et de cambrioler les gens fortun\u00e9s. La supercherie r\u00e9ussit et ils deviennent tr\u00e8s riches. L&rsquo;Etat leur offre m\u00eame des places importantes&#8230; Vous en trouverez\u00a0<a href=\"http:\/\/www.allocine.fr\/film\/fichefilm-33092\/casting\/\">ici<\/a>\u00a0le casting\u00a0? (<a href=\"http:\/\/www.allocine.fr\/film\/fichefilm-33092\/casting\/\">http:\/\/www.allocine.fr\/film\/fichefilm-33092\/casting\/<\/a>).<\/p>\n<p><b><a href=\"http:\/\/www.ressources.univ-rennes2.fr\/cultures-numeriques-dans-l-enseignement\/droit\/wp-content\/uploads\/2013\/06\/affiche-film.jpg\"><img loading=\"lazy\" decoding=\"async\" alt=\"affiche film\" src=\"http:\/\/www.ressources.univ-rennes2.fr\/cultures-numeriques-dans-l-enseignement\/droit\/wp-content\/uploads\/2013\/06\/affiche-film-280x300.jpg\" width=\"280\" height=\"300\" \/><\/a>Genre :<\/b>\u00a0Com\u00e9die<\/p>\n<p><b>R\u00e9alisateur(s) :<\/b>\u00a0Jacques Rouland<b>\u00a0Acteur(s) :<\/b>\u00a0Jacques Rouland,<\/p>\n<p>Michel Serrault, Jean Carmet, Darry Cowl, Jacques Legras,<\/p>\n<p>Claude Pi\u00e9plu, Micheline Presle, Daniel Pr\u00e9vost, Evelyne Buyle,<\/p>\n<p>Jean-Claude Massoulier, Daniel G\u00e9lin, Georges G\u00e9ret<\/p>\n<p>Read more:\u00a0<a href=\"http:\/\/www.kepster.com\/film-streaming\/regarder-La-Gueule-de-lemploi-streaming-48399#ixzz2ECM1Zz5n\">http:\/\/www.kepster.com\/film-streaming\/regarder-La-Gueule-de-lemploi-streaming-48399#ixzz2ECM1Zz5n<\/a><\/p>\n<p><b>Et un livre\u00a0: 2011, dont voici la pr\u00e9sentation :<\/b><b>\u00ab\u00a0<\/b>Que faire, quand on n&rsquo;a plus la gueule de l&#8217;emploi ? Mais monter des arnaques et tromper son\u00a0monde, c&rsquo;est si\u00a0bon, et gentiment lucratif. Certains y laisseront des plumes, c&rsquo;est le destin, on n&rsquo;y peut rien. \u00ab\u00a0J\u2019ai dit \u00e0 ma\u00a0femme, ch\u00e9rie, je me couche t\u00f4t, demain je vais \u00e0 Activation-Motivation pour le travail de deuil, elle m&rsquo;a r\u00e9pondu question travail tu ferais mieux\u00a0de trouver du boulot, le banquier a encore appel\u00e9, ta m\u00e8re aussi\u00a0\u00bb.On peut en lire le d\u00e9but ici\u00a0:\u00a0<a href=\"http:\/\/www.amazon.fr\/La-gueule-lemploi-Vincent-Wackenheim\/dp\/2842636694\">http:\/\/www.amazon.fr\/La-gueule-lemploi-Vincent-Wackenheim\/dp\/2842636694<\/a>et une analyse ici\u00a0:<b>\u00a0<\/b><a href=\"http:\/\/www.ledilettante.com\/livre-978-2-84263-669-2.htm\"><b>http:\/\/www.ledilettante.com\/livre-978-2-84263-669-2.htm<\/b><\/a><\/p>\n","protected":false},"excerpt":{"rendered":"<p>Ce documentaire a \u00e9t\u00e9 pr\u00e9c\u00e9d\u00e9 par un film (1973) et un livre (2011) qui utilisaient comme titre cette expression suggestive\u00a0: Le film \u00e9ponyme de Jacques Rouland, est sorti en 1973\u00a0: deux com\u00e9diens sans emploi d\u00e9cident d&rsquo;escroquer et de cambrioler les gens fortun\u00e9s. La supercherie r\u00e9ussit et ils deviennent tr\u00e8s riches. L&rsquo;Etat leur offre m\u00eame des [&hellip;]<\/p>\n","protected":false},"author":2,"featured_media":0,"parent":421,"menu_order":8,"comment_status":"open","ping_status":"closed","template":"","meta":{"_acf_changed":false,"footnotes":""},"class_list":["post-586","page","type-page","status-publish","hentry"],"acf":[],"_links":{"self":[{"href":"http:\/\/www.ressources.univ-rennes2.fr\/cultures-numeriques-dans-l-enseignement\/droit\/wp-json\/wp\/v2\/pages\/586","targetHints":{"allow":["GET"]}}],"collection":[{"href":"http:\/\/www.ressources.univ-rennes2.fr\/cultures-numeriques-dans-l-enseignement\/droit\/wp-json\/wp\/v2\/pages"}],"about":[{"href":"http:\/\/www.ressources.univ-rennes2.fr\/cultures-numeriques-dans-l-enseignement\/droit\/wp-json\/wp\/v2\/types\/page"}],"author":[{"embeddable":true,"href":"http:\/\/www.ressources.univ-rennes2.fr\/cultures-numeriques-dans-l-enseignement\/droit\/wp-json\/wp\/v2\/users\/2"}],"replies":[{"embeddable":true,"href":"http:\/\/www.ressources.univ-rennes2.fr\/cultures-numeriques-dans-l-enseignement\/droit\/wp-json\/wp\/v2\/comments?post=586"}],"version-history":[{"count":5,"href":"http:\/\/www.ressources.univ-rennes2.fr\/cultures-numeriques-dans-l-enseignement\/droit\/wp-json\/wp\/v2\/pages\/586\/revisions"}],"predecessor-version":[{"id":1521,"href":"http:\/\/www.ressources.univ-rennes2.fr\/cultures-numeriques-dans-l-enseignement\/droit\/wp-json\/wp\/v2\/pages\/586\/revisions\/1521"}],"up":[{"embeddable":true,"href":"http:\/\/www.ressources.univ-rennes2.fr\/cultures-numeriques-dans-l-enseignement\/droit\/wp-json\/wp\/v2\/pages\/421"}],"wp:attachment":[{"href":"http:\/\/www.ressources.univ-rennes2.fr\/cultures-numeriques-dans-l-enseignement\/droit\/wp-json\/wp\/v2\/media?parent=586"}],"curies":[{"name":"wp","href":"https:\/\/api.w.org\/{rel}","templated":true}]}}