{"id":820,"date":"2013-07-24T20:42:50","date_gmt":"2013-07-24T19:42:50","guid":{"rendered":"http:\/\/www.ressources.univ-rennes2.fr\/cultures-numeriques-dans-l-enseignement\/droit\/?page_id=820"},"modified":"2015-01-02T12:13:39","modified_gmt":"2015-01-02T11:13:39","slug":"5-2-1-la-protection-des-donnees-que-vous-produisez","status":"publish","type":"page","link":"http:\/\/www.ressources.univ-rennes2.fr\/cultures-numeriques-dans-l-enseignement\/droit\/2-la-securite\/5-2-la-protection-des-donnees\/5-2-1-la-protection-des-donnees-que-vous-produisez\/","title":{"rendered":"5.2.1. La protection des donn\u00e9es que vous produisez"},"content":{"rendered":"<p><b>I. Sauvegardes<\/b><\/p>\n<p>Dans cette deuxi\u00e8me partie, nous n\u2019aborderons que les mesures que l\u2019usager des technologies de l\u2019information (ordinateur, smartphone\u2026) doit prendre lui-m\u00eame. La focale ne sera pas mise ici sur la malveillance (qui sera abord\u00e9e en troisi\u00e8me partie).<\/p>\n<p>La premi\u00e8re des pr\u00e9cautions, quand on utilise un ordinateur est de bien nommer et enregistrer les fichiers que l\u2019on cr\u00e9e dans des endroits bien identifi\u00e9 de votre disque dur. \u00a0Cette organisation est essentielle, car un fichier perdu est parfois seulement un fichier que l\u2019on ne retrouve plus. Les logiciels permettent g\u00e9n\u00e9ralement de programmer des enregistrements r\u00e9guliers de votre travail. Le syst\u00e8me peut programmer des sauvegardes r\u00e9guli\u00e8res de votre syst\u00e8me d\u2019exploitation et aussi de vos donn\u00e9es. Il est recommand\u00e9 de mettre vos donn\u00e9es sur une autre partition de votre disque dur que celle o\u00f9 est install\u00e9 le syst\u00e8me. En cas de d\u00e9faillance de ce dernier, il peut \u00eatre r\u00e9install\u00e9 ou r\u00e9par\u00e9 sans dommage pour les donn\u00e9es personnelles.<\/p>\n<p>Selon l\u2019usage que vous faites de votre ordinateur, il est pr\u00e9f\u00e9rable d\u2019effectuer manuellement des sauvegardes r\u00e9guli\u00e8res qui seront stock\u00e9es ailleurs que sur votre ordinateur. Les fournisseurs d\u2019acc\u00e8s proposent de les stocker en ligne (in the clouds). Nous aborderons cette question en 2.2.<\/p>\n<p>Si des donn\u00e9es ont disparu de votre ordinateur et que vous ne poss\u00e9dez pas de sauvegarde, il existe des logiciels qui peuvent r\u00e9cup\u00e9rer des fichiers, m\u00eame s\u2019ils ont \u00e9t\u00e9 effac\u00e9s (<a href=\"http:\/\/www.piriform.com\/recuva\/download\">par exemple<\/a>). Bien entendu, les chances de retrouver intact textes ou photos, sont d\u2019autant plus grandes que votre tentative est effectu\u00e9e au plus t\u00f4t apr\u00e8s l\u2019effacement inopportun. L\u2019enregistrement de nouveaux fichiers peut se faire sur les m\u00eames secteurs (clusters) du disque dur et alors le contenu ant\u00e9rieur est d\u00e9finitivement perdu.<\/p>\n<p>Les indications ci-dessus sont de simple bon sens, mais ne sont pas toujours respect\u00e9es et engendrent encore bien des probl\u00e8mes \u00e0 de nombreux utilisateurs, y compris des jeunes g\u00e9n\u00e9rations.<\/p>\n<p>La p\u00e9rennit\u00e9 de ces donn\u00e9es n\u2019est d\u2019ailleurs pas assur\u00e9e \u00e0 long terme, surtout si\u00a0 elles sont stock\u00e9es sur des disques num\u00e9riques dont la qualit\u00e9 tr\u00e8s variable ne permet pas de garantir un stockage s\u00fbr au-del\u00e0 d\u2019une dizaine d\u2019ann\u00e9e. Depuis 1985, une exception autorise la copie priv\u00e9e de documents que vous avez acquis d mani\u00e8re licite ou que vous avez emprunt\u00e9 \u00e0 une biblioth\u00e8que. Chaque fois que vous achetez un support vierge ou un appareil num\u00e9rique, vous payez une taxe pour cela. Ce droit est r\u00e9guli\u00e8rement mis en cause par les industriels mais il est farouchement d\u00e9fendu par les ayant-droits qui en r\u00e9coltent les b\u00e9n\u00e9fices. Pour ce qui nous int\u00e9resse ici, il s\u2019agit d\u2019un moyen de garantir l\u2019acc\u00e8s \u00e0 un document num\u00e9rique (CD, DVD) sur une plus longue p\u00e9riode. Il est \u00e0 noter que si l\u2019objet num\u00e9rique est prot\u00e9g\u00e9, nous n\u2019avons pas le droit de les contourner. Ce droit est peu connu et la loi Hadopi a marqu\u00e9 les esprits de mani\u00e8re peu circonstanci\u00e9e. Nous le verrons \u00e9galement au point 2.2 \u00e0 propos de la question du t\u00e9l\u00e9chargement\u00a0?<\/p>\n<p><b>II. Protection, licences Creative common et donn\u00e9es publiques<\/b><\/p>\n<p>Prot\u00e9ger ses donn\u00e9es ou les partager\u00a0? La question se pose aujourd\u2019hui et Internet a apport\u00e9 de nombreux bouleversements dans les pratiques du droit d\u2019auteur fran\u00e7ais. Les licences\u00a0<i>Creative commons<\/i>\u00a0permettent de diffuser ses \u0153uvres, dans le respect du code de propri\u00e9t\u00e9 intellectuelle(CPI). Ainsi, l\u2019auteur ne peut perdre ses droits moraux qui sont inali\u00e9nables dans le droit fran\u00e7ais. Se constitue ainsi, gr\u00e2ce \u00e0 ces licences \u00ab\u00a0libres\u00a0\u00bb et \u00e0 la politique d\u2019archives ouvertes (open datas), un domaine public \u00e9largi qui permet \u00e0 chaque citoyen de mener des enqu\u00eates (Dewey) sur les sujets les plus vari\u00e9s. Une nouvelle profession est n\u00e9e avec le journalisme de donn\u00e9es. Ils proposent des lectures crois\u00e9es de ces donn\u00e9es (<a href=\"http:\/\/quoi.info\/actualite-culture\/2013\/04\/05\/datajournalisme-le-marche-de-lart-pour-les-nuls-1162814\/\">voici une production<\/a>\u00a0qui rel\u00e8ve de cette nouvelle sp\u00e9cialit\u00e9). Les donn\u00e9es peuvent apporter des r\u00e9ponses \u00e0 certaines questions, mais le plus int\u00e9ressant est que l\u2019analyse de ces donn\u00e9es peut aussi faire na\u00eetre de nouvelles questions.<\/p>\n<p>Quand on parle des donn\u00e9es, il faut bien en identifier la port\u00e9e. Un tweet, par exemple est constitu\u00e9 (au plus) de 140 caract\u00e8res qui peuvent \u00eatre lus par des humains. Mais, il est \u00e9galement constitu\u00e9 de code, lisible par les machines et qui identifie qui a \u00e9crit, quand et de quel ordinateur\u2026 C\u2019est l\u2019ensemble de ces \u00e9l\u00e9ments qui peuvent ensuite \u00eatre exploit\u00e9es, quand ils circulent sur la toile. \u00a0C\u2019est cet aspect que nous allons aborder dans la section suivante.<\/p>\n","protected":false},"excerpt":{"rendered":"<p>I. Sauvegardes Dans cette deuxi\u00e8me partie, nous n\u2019aborderons que les mesures que l\u2019usager des technologies de l\u2019information (ordinateur, smartphone\u2026) doit prendre lui-m\u00eame. La focale ne sera pas mise ici sur la malveillance (qui sera abord\u00e9e en troisi\u00e8me partie). La premi\u00e8re des pr\u00e9cautions, quand on utilise un ordinateur est de bien nommer et enregistrer les fichiers [&hellip;]<\/p>\n","protected":false},"author":2,"featured_media":0,"parent":722,"menu_order":1,"comment_status":"open","ping_status":"closed","template":"","meta":{"_acf_changed":false,"footnotes":""},"class_list":["post-820","page","type-page","status-publish","hentry"],"acf":[],"_links":{"self":[{"href":"http:\/\/www.ressources.univ-rennes2.fr\/cultures-numeriques-dans-l-enseignement\/droit\/wp-json\/wp\/v2\/pages\/820","targetHints":{"allow":["GET"]}}],"collection":[{"href":"http:\/\/www.ressources.univ-rennes2.fr\/cultures-numeriques-dans-l-enseignement\/droit\/wp-json\/wp\/v2\/pages"}],"about":[{"href":"http:\/\/www.ressources.univ-rennes2.fr\/cultures-numeriques-dans-l-enseignement\/droit\/wp-json\/wp\/v2\/types\/page"}],"author":[{"embeddable":true,"href":"http:\/\/www.ressources.univ-rennes2.fr\/cultures-numeriques-dans-l-enseignement\/droit\/wp-json\/wp\/v2\/users\/2"}],"replies":[{"embeddable":true,"href":"http:\/\/www.ressources.univ-rennes2.fr\/cultures-numeriques-dans-l-enseignement\/droit\/wp-json\/wp\/v2\/comments?post=820"}],"version-history":[{"count":4,"href":"http:\/\/www.ressources.univ-rennes2.fr\/cultures-numeriques-dans-l-enseignement\/droit\/wp-json\/wp\/v2\/pages\/820\/revisions"}],"predecessor-version":[{"id":1592,"href":"http:\/\/www.ressources.univ-rennes2.fr\/cultures-numeriques-dans-l-enseignement\/droit\/wp-json\/wp\/v2\/pages\/820\/revisions\/1592"}],"up":[{"embeddable":true,"href":"http:\/\/www.ressources.univ-rennes2.fr\/cultures-numeriques-dans-l-enseignement\/droit\/wp-json\/wp\/v2\/pages\/722"}],"wp:attachment":[{"href":"http:\/\/www.ressources.univ-rennes2.fr\/cultures-numeriques-dans-l-enseignement\/droit\/wp-json\/wp\/v2\/media?parent=820"}],"curies":[{"name":"wp","href":"https:\/\/api.w.org\/{rel}","templated":true}]}}