{"id":906,"date":"2013-08-19T21:02:27","date_gmt":"2013-08-19T20:02:27","guid":{"rendered":"http:\/\/www.ressources.univ-rennes2.fr\/cultures-numeriques-dans-l-enseignement\/droit\/?page_id=906"},"modified":"2014-11-25T11:01:06","modified_gmt":"2014-11-25T10:01:06","slug":"les-questions","status":"publish","type":"page","link":"http:\/\/www.ressources.univ-rennes2.fr\/cultures-numeriques-dans-l-enseignement\/droit\/a-partir-de-lactualite\/11-de-qui-anonymous-est-il-le-nom\/les-questions\/","title":{"rendered":"2.2.1 Les questions"},"content":{"rendered":"<p>Faites une petite enqu\u00eate. Elle vous permettra de r\u00e9pondre \u00e0 ces questions\u00a0:<\/p>\n<ol start=\"1\">\n<li>Quand\u00a0 \u00e9t\u00e9 cr\u00e9\u00e9 ce mouvement\u00a0?<\/li>\n<li>Quels sont ses principaux \u00ab\u00a0faits d\u2019armes\u00a0\u00bb\u00a0?<\/li>\n<li>Quelle est sa devise\u00a0?<\/li>\n<li>En quoi est-ce un exemple de contestation 2.0\u00a0?<\/li>\n<li>En quoi peut-on dire qu\u2019ils sont pacifiques\u00a0?<\/li>\n<li>Ont-ils d\u00e9j\u00e0\u00a0 pratiqu\u00e9 le d\u00e9ni de service distribu\u00e9\u00a0? (DDOS = distributed denial of service)<\/li>\n<\/ol>\n<p><a href=\"http:\/\/www.ressources.univ-rennes2.fr\/cultures-numeriques-dans-l-enseignement\/droit\/wp-content\/uploads\/2013\/08\/Anonymous.doc.jpg\"><img loading=\"lazy\" decoding=\"async\" class=\"aligncenter\" alt=\"Anonymous.doc\" src=\"http:\/\/www.ressources.univ-rennes2.fr\/cultures-numeriques-dans-l-enseignement\/droit\/wp-content\/uploads\/2013\/08\/Anonymous.doc.jpg\" width=\"284\" height=\"177\" \/><\/a><\/p>\n<p>Des \u00e9l\u00e9ments de r\u00e9ponse sont fournis dans la <a href=\" http:\/\/www.ressources.univ-rennes2.fr\/cultures-numeriques-dans-l-enseignement\/droit\/a-partir-de-lactualite\/11-de-qui-anonymous-est-il-le-nom\/11-2-les-reponses\/\">page suivante.<\/a><\/p>\n<p>&nbsp;<\/p>\n<p>&nbsp;<\/p>\n<p>&nbsp;<\/p>\n<p>&nbsp;<\/p>\n<p>&nbsp;<\/p>\n<p>&nbsp;<\/p>\n","protected":false},"excerpt":{"rendered":"<p>Faites une petite enqu\u00eate. Elle vous permettra de r\u00e9pondre \u00e0 ces questions\u00a0: Quand\u00a0 \u00e9t\u00e9 cr\u00e9\u00e9 ce mouvement\u00a0? Quels sont ses principaux \u00ab\u00a0faits d\u2019armes\u00a0\u00bb\u00a0? Quelle est sa devise\u00a0? En quoi est-ce un exemple de contestation 2.0\u00a0? En quoi peut-on dire qu\u2019ils sont pacifiques\u00a0? Ont-ils d\u00e9j\u00e0\u00a0 pratiqu\u00e9 le d\u00e9ni de service distribu\u00e9\u00a0? (DDOS = distributed denial of [&hellip;]<\/p>\n","protected":false},"author":2,"featured_media":0,"parent":902,"menu_order":0,"comment_status":"open","ping_status":"open","template":"","meta":{"_acf_changed":false,"footnotes":""},"class_list":["post-906","page","type-page","status-publish","hentry"],"acf":[],"_links":{"self":[{"href":"http:\/\/www.ressources.univ-rennes2.fr\/cultures-numeriques-dans-l-enseignement\/droit\/wp-json\/wp\/v2\/pages\/906","targetHints":{"allow":["GET"]}}],"collection":[{"href":"http:\/\/www.ressources.univ-rennes2.fr\/cultures-numeriques-dans-l-enseignement\/droit\/wp-json\/wp\/v2\/pages"}],"about":[{"href":"http:\/\/www.ressources.univ-rennes2.fr\/cultures-numeriques-dans-l-enseignement\/droit\/wp-json\/wp\/v2\/types\/page"}],"author":[{"embeddable":true,"href":"http:\/\/www.ressources.univ-rennes2.fr\/cultures-numeriques-dans-l-enseignement\/droit\/wp-json\/wp\/v2\/users\/2"}],"replies":[{"embeddable":true,"href":"http:\/\/www.ressources.univ-rennes2.fr\/cultures-numeriques-dans-l-enseignement\/droit\/wp-json\/wp\/v2\/comments?post=906"}],"version-history":[{"count":10,"href":"http:\/\/www.ressources.univ-rennes2.fr\/cultures-numeriques-dans-l-enseignement\/droit\/wp-json\/wp\/v2\/pages\/906\/revisions"}],"predecessor-version":[{"id":1470,"href":"http:\/\/www.ressources.univ-rennes2.fr\/cultures-numeriques-dans-l-enseignement\/droit\/wp-json\/wp\/v2\/pages\/906\/revisions\/1470"}],"up":[{"embeddable":true,"href":"http:\/\/www.ressources.univ-rennes2.fr\/cultures-numeriques-dans-l-enseignement\/droit\/wp-json\/wp\/v2\/pages\/902"}],"wp:attachment":[{"href":"http:\/\/www.ressources.univ-rennes2.fr\/cultures-numeriques-dans-l-enseignement\/droit\/wp-json\/wp\/v2\/media?parent=906"}],"curies":[{"name":"wp","href":"https:\/\/api.w.org\/{rel}","templated":true}]}}