{"id":911,"date":"2013-08-19T21:06:11","date_gmt":"2013-08-19T20:06:11","guid":{"rendered":"http:\/\/www.ressources.univ-rennes2.fr\/cultures-numeriques-dans-l-enseignement\/droit\/?page_id=911"},"modified":"2014-11-25T11:01:39","modified_gmt":"2014-11-25T10:01:39","slug":"les-reponses","status":"publish","type":"page","link":"http:\/\/www.ressources.univ-rennes2.fr\/cultures-numeriques-dans-l-enseignement\/droit\/a-partir-de-lactualite\/11-de-qui-anonymous-est-il-le-nom\/les-reponses\/","title":{"rendered":"2.2.2 Les r\u00e9ponses"},"content":{"rendered":"<ol start=\"1\">\n<li>Quand \u00a0a \u00e9t\u00e9 cr\u00e9\u00e9 ce mouvement\u00a0?<\/li>\n<\/ol>\n<p>Il est n\u00e9 aux USA en 2003, mais est connu surtout \u00e0 partir de 2006 et 2008.<\/p>\n<ol start=\"2\">\n<li>Quels sont ses principaux \u00ab\u00a0faits d\u2019armes\u00a0\u00bb\u00a0?<\/li>\n<\/ol>\n<p>Ils restent assez discrets jusqu\u2019en 2008 o\u00f9 ils entrent dans l\u2019activisme.<\/p>\n<ul>\n<li>Lutte contre les scientologues (vid\u00e9o de Tom Cruise que l\u2019\u00e9glise de scientologie a voulu\u00a0 faire dispara\u00eetre de la toile) (en 2008)<\/li>\n<li>Aide \u00e0 la r\u00e9volution tunisienne (en 2011)<\/li>\n<li>Attaque de Mastercard , Visa et Paypal en repr\u00e9sailles au blocage des compte de WeakiLeaks (2010)<\/li>\n<li>Lutte contre Acta, accord anti-contrefa\u00e7ons qui am\u00e8ne les fournisseurs d\u2019acc\u00e8s \u00e0\u00a0 Internet \u2013FAI) \u00e0 r\u00e9v\u00e9ler certaines infos priv\u00e9es de leurs clients.<\/li>\n<\/ul>\n<ol start=\"3\">\n<li>Quelle est sa devise\u00a0?<\/li>\n<\/ol>\n<p>Devise\u00a0: \u00ab\u00a0Nous sommes Anonymes. Nous sommes l\u00e9gion. Nous ne pardonnons pas. Nous n&rsquo;oublions pas. Redoutez-nous\u00a0\u00bb. Slogan\u00a0: \u00ab\u00a0Anonymous\u00a0est une conscience collective de lutte contre les manipulations de l&rsquo;esprit\u00a0\u00bb. Il s\u2019agit d\u2019un mouvement qui d\u00e9fend la libert\u00e9 d\u2019expression sur le web et en dehors.<\/p>\n<ol start=\"4\">\n<li>En quoi est-ce un exemple de contestation 2.0\u00a0?<\/li>\n<\/ol>\n<p>Il n\u2019y a pas de chef, pas de hi\u00e9rarchie, pas d\u2019adh\u00e9sion officielle. Un membre ne conna\u00eet jamais plus de trois autres membres (r\u00e9seau). Les d\u00e9cisions sont prises \u00e0 l\u2019unanimit\u00e9\u2026<\/p>\n<ol start=\"5\">\n<li>En quoi peut-on dire qu\u2019ils sont pacifiques\u00a0?<\/li>\n<\/ol>\n<p>Ils bloquent des sites mais ne les d\u00e9truisent pas.<\/p>\n<ol start=\"6\">\n<li>Ont-ils d\u00e9j\u00e0 pratiqu\u00e9 le d\u00e9ni de service distribu\u00e9\u00a0? (DDOS = distributed denial of service)<\/li>\n<\/ol>\n<p>Oui, c\u2019est un de leur mode d\u2019intervention favori. Ils l\u2019ont utilis\u00e9 contre Mastercard et contre Visa, par exemple. Pour r\u00e9sumer, il s\u2019agit plus d\u2019une id\u00e9e qu\u2019une organisation. Certains disent qu\u2019elle succ\u00e8de \u00e0 WikiLeaks.<\/p>\n<p>Le masque qui caract\u00e9rise les militants d\u2019Anonymous \u00a0est \u00e0 la fois souriant et inqui\u00e9tant. Il joue de mani\u00e8re \u00e9quivoque sur le mythe de l\u2019anonymat sur Internet.<\/p>\n<p>Les militants d\u2019Anonymous jouent avec les paradoxes et bousculent l\u2019ordre \u00e9tabli. \u00ab\u00a0L\u2019anonymat n\u2019existe pas sur Internet, malgr\u00e9 les apparences\u00a0\u00bb r\u00e9p\u00e8te \u2013t\u2019on \u00e0 l\u2019envie. Ils montrent, \u00e0 l\u2019aube de cette nouvelle \u00e8re num\u00e9rique que tout esprit critique n\u2019a pas disparu. De par leur organisation n\u2019importe qui peut se pr\u00e9tendre de ce mouvement pour d\u00e9fendre n\u2019importe quel int\u00e9r\u00eat en se cachant derri\u00e8re n\u2019importe quelle id\u00e9e. C\u2019est leur point faible\u2026 et \u00e0 l\u2019heure du num\u00e9rique, o\u00f9 l\u2019information se r\u00e9pand comme une train\u00e9e de poudre, c\u2019est un vrai danger pour la d\u00e9mocratie. Un pharmakon de plus, en quelque sorte\u2026dont il faut mesurer la port\u00e9e.<\/p>\n","protected":false},"excerpt":{"rendered":"<p>Quand \u00a0a \u00e9t\u00e9 cr\u00e9\u00e9 ce mouvement\u00a0? Il est n\u00e9 aux USA en 2003, mais est connu surtout \u00e0 partir de 2006 et 2008. Quels sont ses principaux \u00ab\u00a0faits d\u2019armes\u00a0\u00bb\u00a0? Ils restent assez discrets jusqu\u2019en 2008 o\u00f9 ils entrent dans l\u2019activisme. Lutte contre les scientologues (vid\u00e9o de Tom Cruise que l\u2019\u00e9glise de scientologie a voulu\u00a0 faire [&hellip;]<\/p>\n","protected":false},"author":2,"featured_media":0,"parent":902,"menu_order":0,"comment_status":"open","ping_status":"open","template":"","meta":{"_acf_changed":false,"footnotes":""},"class_list":["post-911","page","type-page","status-publish","hentry"],"acf":[],"_links":{"self":[{"href":"http:\/\/www.ressources.univ-rennes2.fr\/cultures-numeriques-dans-l-enseignement\/droit\/wp-json\/wp\/v2\/pages\/911","targetHints":{"allow":["GET"]}}],"collection":[{"href":"http:\/\/www.ressources.univ-rennes2.fr\/cultures-numeriques-dans-l-enseignement\/droit\/wp-json\/wp\/v2\/pages"}],"about":[{"href":"http:\/\/www.ressources.univ-rennes2.fr\/cultures-numeriques-dans-l-enseignement\/droit\/wp-json\/wp\/v2\/types\/page"}],"author":[{"embeddable":true,"href":"http:\/\/www.ressources.univ-rennes2.fr\/cultures-numeriques-dans-l-enseignement\/droit\/wp-json\/wp\/v2\/users\/2"}],"replies":[{"embeddable":true,"href":"http:\/\/www.ressources.univ-rennes2.fr\/cultures-numeriques-dans-l-enseignement\/droit\/wp-json\/wp\/v2\/comments?post=911"}],"version-history":[{"count":11,"href":"http:\/\/www.ressources.univ-rennes2.fr\/cultures-numeriques-dans-l-enseignement\/droit\/wp-json\/wp\/v2\/pages\/911\/revisions"}],"predecessor-version":[{"id":1471,"href":"http:\/\/www.ressources.univ-rennes2.fr\/cultures-numeriques-dans-l-enseignement\/droit\/wp-json\/wp\/v2\/pages\/911\/revisions\/1471"}],"up":[{"embeddable":true,"href":"http:\/\/www.ressources.univ-rennes2.fr\/cultures-numeriques-dans-l-enseignement\/droit\/wp-json\/wp\/v2\/pages\/902"}],"wp:attachment":[{"href":"http:\/\/www.ressources.univ-rennes2.fr\/cultures-numeriques-dans-l-enseignement\/droit\/wp-json\/wp\/v2\/media?parent=911"}],"curies":[{"name":"wp","href":"https:\/\/api.w.org\/{rel}","templated":true}]}}