{"id":920,"date":"2013-08-20T15:41:12","date_gmt":"2013-08-20T14:41:12","guid":{"rendered":"http:\/\/www.ressources.univ-rennes2.fr\/cultures-numeriques-dans-l-enseignement\/droit\/?page_id=920"},"modified":"2014-11-25T10:55:18","modified_gmt":"2014-11-25T09:55:18","slug":"question","status":"publish","type":"page","link":"http:\/\/www.ressources.univ-rennes2.fr\/cultures-numeriques-dans-l-enseignement\/droit\/a-partir-de-lactualite\/carglas-mis-a-mort\/question\/","title":{"rendered":"2.3.1 Question"},"content":{"rendered":"<p><b>Question : Vous \u00eates avocat. Carglass vient vous voir avec <a href=\"http:\/\/images.telerama.fr\/medias\/2011\/02\/media_65630\/quand-la-societe-carglass-tente-de-faire-lourdement-condamner-un-documentaire-de-france,M49033.flv\">l\u2019extrait vid\u00e9o suivant<\/a>.<\/b><\/p>\n<p><b>Sur quoi pouvez-vous vous appuyer pour intenter une action judiciaire contre le producteur de ces images\u00a0?<\/b><\/p>\n<p>Ce <a href=\"http:\/\/images.telerama.fr\/medias\/2011\/02\/media_65630\/quand-la-societe-carglass-tente-de-faire-lourdement-condamner-un-documentaire-de-france,M49032.flv\">deuxi\u00e8me extrait<\/a> vous donne un aper\u00e7u de la tonalit\u00e9 du film et de ses objectifs d\u00e9clar\u00e9s. Il est peut-\u00eatre \u00e0 int\u00e9grer \u00e0 votre dossier.<\/p>\n<p><span style=\"font-size: 13px;\">\u00c9noncez entre 3 et 5 arguments s\u2019appuyant sur des aspects pr\u00e9cis de ce reportage qui a pass\u00e9 sur les cha\u00eenes gratuites en France.<\/span><\/p>\n<p><span style=\"color: #ff0000;\">Il ne faudrait pas indiquer la source ?\u00a0<a href=\"http:\/\/television.telerama.fr\/television\/quand-la-societe-carglass-tente-de-faire-lourdement-condamner-un-documentaire-de-france,65630.php\" target=\"_blank\">http:\/\/television.telerama.fr\/television\/quand-la-societe-carglass-tente-de-faire-lourdement-condamner-un-documentaire-de-france,65630.php<\/a><\/span><\/p>\n","protected":false},"excerpt":{"rendered":"<p>Question : Vous \u00eates avocat. Carglass vient vous voir avec l\u2019extrait vid\u00e9o suivant. Sur quoi pouvez-vous vous appuyer pour intenter une action judiciaire contre le producteur de ces images\u00a0? Ce deuxi\u00e8me extrait vous donne un aper\u00e7u de la tonalit\u00e9 du film et de ses objectifs d\u00e9clar\u00e9s. Il est peut-\u00eatre \u00e0 int\u00e9grer \u00e0 votre dossier. \u00c9noncez [&hellip;]<\/p>\n","protected":false},"author":2,"featured_media":0,"parent":918,"menu_order":0,"comment_status":"open","ping_status":"open","template":"","meta":{"_acf_changed":false,"footnotes":""},"class_list":["post-920","page","type-page","status-publish","hentry"],"acf":[],"_links":{"self":[{"href":"http:\/\/www.ressources.univ-rennes2.fr\/cultures-numeriques-dans-l-enseignement\/droit\/wp-json\/wp\/v2\/pages\/920","targetHints":{"allow":["GET"]}}],"collection":[{"href":"http:\/\/www.ressources.univ-rennes2.fr\/cultures-numeriques-dans-l-enseignement\/droit\/wp-json\/wp\/v2\/pages"}],"about":[{"href":"http:\/\/www.ressources.univ-rennes2.fr\/cultures-numeriques-dans-l-enseignement\/droit\/wp-json\/wp\/v2\/types\/page"}],"author":[{"embeddable":true,"href":"http:\/\/www.ressources.univ-rennes2.fr\/cultures-numeriques-dans-l-enseignement\/droit\/wp-json\/wp\/v2\/users\/2"}],"replies":[{"embeddable":true,"href":"http:\/\/www.ressources.univ-rennes2.fr\/cultures-numeriques-dans-l-enseignement\/droit\/wp-json\/wp\/v2\/comments?post=920"}],"version-history":[{"count":8,"href":"http:\/\/www.ressources.univ-rennes2.fr\/cultures-numeriques-dans-l-enseignement\/droit\/wp-json\/wp\/v2\/pages\/920\/revisions"}],"predecessor-version":[{"id":1461,"href":"http:\/\/www.ressources.univ-rennes2.fr\/cultures-numeriques-dans-l-enseignement\/droit\/wp-json\/wp\/v2\/pages\/920\/revisions\/1461"}],"up":[{"embeddable":true,"href":"http:\/\/www.ressources.univ-rennes2.fr\/cultures-numeriques-dans-l-enseignement\/droit\/wp-json\/wp\/v2\/pages\/918"}],"wp:attachment":[{"href":"http:\/\/www.ressources.univ-rennes2.fr\/cultures-numeriques-dans-l-enseignement\/droit\/wp-json\/wp\/v2\/media?parent=920"}],"curies":[{"name":"wp","href":"https:\/\/api.w.org\/{rel}","templated":true}]}}