{"id":924,"date":"2013-08-20T15:56:32","date_gmt":"2013-08-20T14:56:32","guid":{"rendered":"http:\/\/www.ressources.univ-rennes2.fr\/cultures-numeriques-dans-l-enseignement\/droit\/?page_id=924"},"modified":"2014-11-25T10:56:29","modified_gmt":"2014-11-25T09:56:29","slug":"reponse","status":"publish","type":"page","link":"http:\/\/www.ressources.univ-rennes2.fr\/cultures-numeriques-dans-l-enseignement\/droit\/a-partir-de-lactualite\/carglas-mis-a-mort\/reponse\/","title":{"rendered":"2.3.2 R\u00e9ponse"},"content":{"rendered":"<p><i>Les extraits propos\u00e9s proviennent du documentaire en 3 parties intitul\u00e9 \u00ab\u00a0la mise \u00e0 mort du travail\u00a0\u00bb. Il a \u00e9t\u00e9 produit en 2009 par Jean-Robert Viallet et a obtenu le prix Albert Londres.<\/i><\/p>\n<p>Carglass a effectivement <a href=\"http:\/\/television.telerama.fr\/television\/quand-la-societe-carglass-tente-de-faire-lourdement-condamner-un-documentaire-de-france,65630.php\">voulu condamner lourdement le r\u00e9alisateur<\/a> (200\u00a0000\u20ac) pour diffamation. En suivant le lien pr\u00e9c\u00e9dent, vous verrez en d\u00e9tail les paroles prononc\u00e9es en voix off qui ont justifi\u00e9 les poursuites.<\/p>\n<p><span style=\"font-size: 13px;\">Carglass a\u00a0<a href=\"http:\/\/television.telerama.fr\/television\/carglass-perd-son-proces-contre-la-mise-a-mort-du-travail,66329.php\">perdu ce proc\u00e8s<\/a>. L<\/span>e r\u00e9alisateur explique <a href=\"http:\/\/television.telerama.fr\/television\/jean-robert-viallet-decortique-sa-mise-a-mort-du-travail,48747.php\">son projet politique<\/a>.<\/p>\n<p><span style=\"font-size: small;\">Le prolongement inactuel \u00a0de ce \u00ab\u00a0fait d&rsquo;actualit\u00e9\u00a0\u00bb peut\u00a0<\/span>s\u2019\u00e9noncer<span style=\"font-size: small;\">\u00a0ainsi: La libert\u00e9 d\u2019expression est un bien inestimable (principe encore plus fort aux Etats-Unis qu\u2019en France). Pourtant, elle n\u2019est pas sans limite et se heurte assez vite aux int\u00e9r\u00eats (et \u00e0 la libert\u00e9) d\u2019autres individus ou institutions. La justice est l\u00e0 pour r\u00e9gler les diff\u00e9rends, mais elle le fait toujours en tenant compte de l\u2019\u00e9poque dans laquelle elle est plong\u00e9e. Fixant ainsi des lignes jaunes\u2026 \u00e0 ne pas d\u00e9passer.<\/span><\/p>\n<p>Ce fait d\u2019actualit\u00e9 est centr\u00e9 sur le droit mais concerne aussi l\u2019e-r\u00e9putation. Les exemples de rumeurs infond\u00e9es ne manquent pas. Quel cr\u00e9dit accorder, par exemple, <a href=\"ttp:\/\/www.quimper.maville.com\/actu\/actudet_-Quimper.-La-photo-d-un-client-qui-embarrasse-McDonald-s_fil-2384024_actu.Htm\">\u00e0 ce fait divers<\/a>\u00a0?<\/p>\n<p><a href=\"http:\/\/www.ressources.univ-rennes2.fr\/cultures-numeriques-dans-l-enseignement\/droit\/wp-content\/uploads\/2013\/08\/Mac-do-petit.jpg\"><img loading=\"lazy\" decoding=\"async\" class=\"alignnone size-medium wp-image-926 aligncenter\" alt=\"Mac do petit\" src=\"http:\/\/www.ressources.univ-rennes2.fr\/cultures-numeriques-dans-l-enseignement\/droit\/wp-content\/uploads\/2013\/08\/Mac-do-petit-300x243.jpg\" width=\"300\" height=\"243\" srcset=\"http:\/\/www.ressources.univ-rennes2.fr\/cultures-numeriques-dans-l-enseignement\/droit\/wp-content\/uploads\/2013\/08\/Mac-do-petit-300x243.jpg 300w, http:\/\/www.ressources.univ-rennes2.fr\/cultures-numeriques-dans-l-enseignement\/droit\/wp-content\/uploads\/2013\/08\/Mac-do-petit.jpg 680w\" sizes=\"auto, (max-width: 300px) 100vw, 300px\" \/><\/a><\/p>\n<p><a href=\"http:\/\/www.quimper.maville.com\/actu\/actudet_-Quimper.-La-photo-d-un-client-qui-embarrasse-McDonald-s_fil-2384024_actu.Htm\">\u00a0<\/a><\/p>\n","protected":false},"excerpt":{"rendered":"<p>Les extraits propos\u00e9s proviennent du documentaire en 3 parties intitul\u00e9 \u00ab\u00a0la mise \u00e0 mort du travail\u00a0\u00bb. Il a \u00e9t\u00e9 produit en 2009 par Jean-Robert Viallet et a obtenu le prix Albert Londres. Carglass a effectivement voulu condamner lourdement le r\u00e9alisateur (200\u00a0000\u20ac) pour diffamation. En suivant le lien pr\u00e9c\u00e9dent, vous verrez en d\u00e9tail les paroles prononc\u00e9es [&hellip;]<\/p>\n","protected":false},"author":2,"featured_media":0,"parent":918,"menu_order":0,"comment_status":"open","ping_status":"open","template":"","meta":{"_acf_changed":false,"footnotes":""},"class_list":["post-924","page","type-page","status-publish","hentry"],"acf":[],"_links":{"self":[{"href":"http:\/\/www.ressources.univ-rennes2.fr\/cultures-numeriques-dans-l-enseignement\/droit\/wp-json\/wp\/v2\/pages\/924","targetHints":{"allow":["GET"]}}],"collection":[{"href":"http:\/\/www.ressources.univ-rennes2.fr\/cultures-numeriques-dans-l-enseignement\/droit\/wp-json\/wp\/v2\/pages"}],"about":[{"href":"http:\/\/www.ressources.univ-rennes2.fr\/cultures-numeriques-dans-l-enseignement\/droit\/wp-json\/wp\/v2\/types\/page"}],"author":[{"embeddable":true,"href":"http:\/\/www.ressources.univ-rennes2.fr\/cultures-numeriques-dans-l-enseignement\/droit\/wp-json\/wp\/v2\/users\/2"}],"replies":[{"embeddable":true,"href":"http:\/\/www.ressources.univ-rennes2.fr\/cultures-numeriques-dans-l-enseignement\/droit\/wp-json\/wp\/v2\/comments?post=924"}],"version-history":[{"count":8,"href":"http:\/\/www.ressources.univ-rennes2.fr\/cultures-numeriques-dans-l-enseignement\/droit\/wp-json\/wp\/v2\/pages\/924\/revisions"}],"predecessor-version":[{"id":1463,"href":"http:\/\/www.ressources.univ-rennes2.fr\/cultures-numeriques-dans-l-enseignement\/droit\/wp-json\/wp\/v2\/pages\/924\/revisions\/1463"}],"up":[{"embeddable":true,"href":"http:\/\/www.ressources.univ-rennes2.fr\/cultures-numeriques-dans-l-enseignement\/droit\/wp-json\/wp\/v2\/pages\/918"}],"wp:attachment":[{"href":"http:\/\/www.ressources.univ-rennes2.fr\/cultures-numeriques-dans-l-enseignement\/droit\/wp-json\/wp\/v2\/media?parent=924"}],"curies":[{"name":"wp","href":"https:\/\/api.w.org\/{rel}","templated":true}]}}