{"id":955,"date":"2013-08-22T21:15:08","date_gmt":"2013-08-22T20:15:08","guid":{"rendered":"http:\/\/www.ressources.univ-rennes2.fr\/cultures-numeriques-dans-l-enseignement\/droit\/?page_id=955"},"modified":"2014-11-25T10:58:21","modified_gmt":"2014-11-25T09:58:21","slug":"les-questions","status":"publish","type":"page","link":"http:\/\/www.ressources.univ-rennes2.fr\/cultures-numeriques-dans-l-enseignement\/droit\/a-partir-de-lactualite\/google-et-la-presse\/les-questions\/","title":{"rendered":"2.1.1 Les questions"},"content":{"rendered":"<p>Voici 3 questions pour guider une enqu\u00eate qui s&rsquo;av\u00e8re sinon bien vaste.<\/p>\n<ol start=\"1\">\n<li>Google a-t-il fait de la publicit\u00e9 lors de sa cr\u00e9ation en 1998\u00a0? Quels \u00e9taient les effets vis\u00e9s\u00a0?<\/li>\n<li>Google respecte-t-il la r\u00e9glementation europ\u00e9enne en mati\u00e8re de droit d\u2019auteur et de vie priv\u00e9e\u00a0?<\/li>\n<li>Combien d\u2019argent donne Google \u00e0 la presse fran\u00e7aise (sur projet) selon l\u2019accord de 2013\u00a0? Quel pourcentage de son chiffre d\u2019affaires et de son b\u00e9n\u00e9fice cela repr\u00e9sente-t-il\u00a0?<a href=\"http:\/\/www.ressources.univ-rennes2.fr\/cultures-numeriques-dans-l-enseignement\/droit\/wp-content\/uploads\/2013\/08\/googlepuzzle.jpg\"><img loading=\"lazy\" decoding=\"async\" class=\" wp-image-956 aligncenter\" alt=\"googlepuzzle\" src=\"http:\/\/www.ressources.univ-rennes2.fr\/cultures-numeriques-dans-l-enseignement\/droit\/wp-content\/uploads\/2013\/08\/googlepuzzle-300x194.jpg\" width=\"300\" height=\"194\" srcset=\"http:\/\/www.ressources.univ-rennes2.fr\/cultures-numeriques-dans-l-enseignement\/droit\/wp-content\/uploads\/2013\/08\/googlepuzzle-300x194.jpg 300w, http:\/\/www.ressources.univ-rennes2.fr\/cultures-numeriques-dans-l-enseignement\/droit\/wp-content\/uploads\/2013\/08\/googlepuzzle.jpg 1000w\" sizes=\"auto, (max-width: 300px) 100vw, 300px\" \/><\/a><\/li>\n<\/ol>\n","protected":false},"excerpt":{"rendered":"<p>Voici 3 questions pour guider une enqu\u00eate qui s&rsquo;av\u00e8re sinon bien vaste. Google a-t-il fait de la publicit\u00e9 lors de sa cr\u00e9ation en 1998\u00a0? Quels \u00e9taient les effets vis\u00e9s\u00a0? Google respecte-t-il la r\u00e9glementation europ\u00e9enne en mati\u00e8re de droit d\u2019auteur et de vie priv\u00e9e\u00a0? Combien d\u2019argent donne Google \u00e0 la presse fran\u00e7aise (sur projet) selon l\u2019accord [&hellip;]<\/p>\n","protected":false},"author":2,"featured_media":0,"parent":417,"menu_order":0,"comment_status":"open","ping_status":"open","template":"","meta":{"_acf_changed":false,"footnotes":""},"class_list":["post-955","page","type-page","status-publish","hentry"],"acf":[],"_links":{"self":[{"href":"http:\/\/www.ressources.univ-rennes2.fr\/cultures-numeriques-dans-l-enseignement\/droit\/wp-json\/wp\/v2\/pages\/955","targetHints":{"allow":["GET"]}}],"collection":[{"href":"http:\/\/www.ressources.univ-rennes2.fr\/cultures-numeriques-dans-l-enseignement\/droit\/wp-json\/wp\/v2\/pages"}],"about":[{"href":"http:\/\/www.ressources.univ-rennes2.fr\/cultures-numeriques-dans-l-enseignement\/droit\/wp-json\/wp\/v2\/types\/page"}],"author":[{"embeddable":true,"href":"http:\/\/www.ressources.univ-rennes2.fr\/cultures-numeriques-dans-l-enseignement\/droit\/wp-json\/wp\/v2\/users\/2"}],"replies":[{"embeddable":true,"href":"http:\/\/www.ressources.univ-rennes2.fr\/cultures-numeriques-dans-l-enseignement\/droit\/wp-json\/wp\/v2\/comments?post=955"}],"version-history":[{"count":4,"href":"http:\/\/www.ressources.univ-rennes2.fr\/cultures-numeriques-dans-l-enseignement\/droit\/wp-json\/wp\/v2\/pages\/955\/revisions"}],"predecessor-version":[{"id":1466,"href":"http:\/\/www.ressources.univ-rennes2.fr\/cultures-numeriques-dans-l-enseignement\/droit\/wp-json\/wp\/v2\/pages\/955\/revisions\/1466"}],"up":[{"embeddable":true,"href":"http:\/\/www.ressources.univ-rennes2.fr\/cultures-numeriques-dans-l-enseignement\/droit\/wp-json\/wp\/v2\/pages\/417"}],"wp:attachment":[{"href":"http:\/\/www.ressources.univ-rennes2.fr\/cultures-numeriques-dans-l-enseignement\/droit\/wp-json\/wp\/v2\/media?parent=955"}],"curies":[{"name":"wp","href":"https:\/\/api.w.org\/{rel}","templated":true}]}}