{"id":960,"date":"2013-08-22T21:17:08","date_gmt":"2013-08-22T20:17:08","guid":{"rendered":"http:\/\/www.ressources.univ-rennes2.fr\/cultures-numeriques-dans-l-enseignement\/droit\/?page_id=960"},"modified":"2014-11-25T10:58:53","modified_gmt":"2014-11-25T09:58:53","slug":"pub-or-not-pub","status":"publish","type":"page","link":"http:\/\/www.ressources.univ-rennes2.fr\/cultures-numeriques-dans-l-enseignement\/droit\/a-partir-de-lactualite\/google-et-la-presse\/pub-or-not-pub\/","title":{"rendered":"2.1.2 Pub or not pub ?"},"content":{"rendered":"<p>Menez une petite enqu\u00eate sur Google. Les informations sont surabondantes. Vous en trouverez ici\u00a0: <a href=\"http:\/\/fr.wikipedia.org\/wiki\/Google\">http:\/\/fr.wikipedia.org\/wiki\/Google<\/a>, mais il s\u2019agit d\u2019un cas d\u2019\u00e9cole car des accords Google-Wikipedia, peu transparents permettent de douter de la neutralit\u00e9 chim\u00e9rique de cette encyclop\u00e9die. Il faut donc aussi absolument chercher ailleurs. Dans des <a href=\"http:\/\/fr.slideshare.net\/UrfistRennes\/stage-explorer-google-24novembre09\">diaporamas dignes de foi<\/a> ou des <a href=\"http:\/\/royal.pingdom.com\/2010\/02\/24\/google-facts-and-figures-massive-infographic\/\">infographies<\/a>, par exemple.<\/p>\n<p><b>Google a-t-il fait de la publicit\u00e9 lors de sa cr\u00e9ation en 1998\u00a0? Quels \u00e9taient les effets vis\u00e9s\u00a0?<\/b><\/p>\n<p>La r\u00e9ponse est bien \u00e9videmment n\u00e9gative. Du coup, sa pr\u00e9sence est apparue comme naturelle, \u00e9vidente. Cette discr\u00e9tion est un peu une marque de fabrique. \u00ab\u00a0Tout ce qui n\u2019est pas interdit est autoris\u00e9\u00a0\u00bb et \u00ab\u00a0ce qui est pris est pris\u00a0\u00bb. Ces devises ont \u00e9t\u00e9 appliqu\u00e9es dans de nombreux domaines et la liste des condamnations est r\u00e9v\u00e9latrice de leur fa\u00e7on de fonctionner.<\/p>\n<p>Il arrive maintenant que Google fasse de la publicit\u00e9, mais toujours de mani\u00e8re particuli\u00e8re, <a href=\"http:\/\/www.ozap.com\/actu\/pub-google-se-rappelle-de-la-creation-d-internet\/447180\">comme ici<\/a> <a href=\"http:\/\/www.abime-concept.com\/blog\/2013\/03\/22\/google-glass-les-nouvelles-lunettes-de-google\/\">ou l\u00e0\u00a0<\/a>.<\/p>\n<div>\n<h3>Peines et condamnations (extrait de Wikipedia)<\/h3>\n<\/div>\n<ul>\n<li>Le\u00a021\u00a0f\u00e9vrier\u00a02008, Google a \u00e9t\u00e9 condamn\u00e9 \u00e0 payer\u00a0150\u00a0000\u00a0\u20ac\u00a0pour contrefa\u00e7on.<\/li>\n<li>L&rsquo;Union europ\u00e9enne\u00a0a inflig\u00e9 plusieurs lourdes amendes \u00e0 Google pour monopole abusif envers d&rsquo;autres soci\u00e9t\u00e9s minoritaires.<\/li>\n<li>La branche vid\u00e9o de Google,\u00a0YouTube, a \u00e9t\u00e9 plusieurs fois condamn\u00e9e \u00e0 des amendes allant jusqu&rsquo;\u00e0\u00a01,6\u00a0million\u00a0de\u00a0dollars\u00a0pour diffusions ill\u00e9gales ou non-respect des\u00a0droits d&rsquo;auteurs.<\/li>\n<li>Le\u00a018\u00a0d\u00e9cembre\u00a02009, Google a \u00e9t\u00e9 condamn\u00e9 \u00e0 payer\u00a0300\u00a0000\u00a0\u20ac\u00a0de dommages et int\u00e9r\u00eats aux \u00e9ditions\u00a0du Seuil,\u00a0Delachaux et Niestl\u00e9\u00a0et\u00a0Harry N. Abrams, ainsi qu&rsquo;un euro \u00e0 titre de pr\u00e9judice au\u00a0Syndicat national de l&rsquo;\u00e9dition\u00a0(SNE) et \u00e0 la\u00a0Soci\u00e9t\u00e9 des gens de lettres\u00a0(SGDL) pour avoir reproduit int\u00e9gralement et en rendant accessibles des extraits d&rsquo;ouvrages sans l&rsquo;autorisation des ayants droit. Le\u00a0tribunal de grande instance de Paris\u00a0a \u00e9galement interdit \u00e0 Google de poursuivre la num\u00e9risation d&rsquo;ouvrages sans l&rsquo;autorisation des \u00e9diteurs.<\/li>\n<li>Le\u00a08\u00a0septembre\u00a02010, Google est condamn\u00e9 en France pour diffamation par algorithme pour avoir associ\u00e9 certains mots-cl\u00e9s avec les termes \u00ab\u00a0viol\u00a0\u00bb, \u00ab\u00a0condamn\u00e9\u00a0\u00bb, \u00ab\u00a0sataniste\u00a0\u00bb, \u00ab\u00a0prison\u00a0\u00bb et \u00ab\u00a0violeur\u00a0\u00bb.<\/li>\n<li>Le\u00a024\u00a0ao\u00fbt\u00a02011, Google pr\u00e9f\u00e8re payer une amende de 500 millions de dollars aux autorit\u00e9s am\u00e9ricaines, plut\u00f4t que d&rsquo;\u00eatre poursuivi par la justice pour avoir fait la promotion de m\u00e9dicaments ill\u00e9gaux.<\/li>\n<\/ul>\n<p>On peut ajouter un nouveau proc\u00e8s en cours, qui n\u2019est pas cit\u00e9 dans Wikipedia.<\/p>\n<div>\n<p>6 CNIL europ\u00e9ennes m\u00e8nent une action concert\u00e9e depuis avril 2013 pour d\u00e9faut d\u2019information quant \u00e0 la protection des donn\u00e9es personnelles.<\/p>\n<p><b>\u00a0<\/b><\/p>\n<p><b>Discr\u00e9tion <\/b>(voici le titre d\u2019une rubrique choisie par Wikipedia dans son article sur Google)<\/p>\n<\/div>\n<p>Google est connu pour sa discr\u00e9tion, voire son silence aupr\u00e8s des journalistes. Un exemple document\u00e9 est celui de Mark Jen, un nouvel employ\u00e9 qui arrive chez Google le lundi\u00a0<a title=\"17 janvier\" href=\"http:\/\/fr.wikipedia.org\/wiki\/17_janvier\">17<\/a>\u00a0<a title=\"Janvier 2005\" href=\"http:\/\/fr.wikipedia.org\/wiki\/Janvier_2005\">janvier<\/a>\u00a0<a title=\"2005\" href=\"http:\/\/fr.wikipedia.org\/wiki\/2005\">2005<\/a>. Celui-ci cr\u00e9e alors un\u00a0blog, retra\u00e7ant ses impressions sur la soci\u00e9t\u00e9. Mais peu \u00e0 peu, le ton du blog devient contestataire, Mark Jen allant m\u00eame jusqu&rsquo;\u00e0 d\u00e9clarer que\u00a0\u00ab\u00a0Les avantages que procure\u00a0Microsoft\u00a0au niveau des soins ridiculisent ceux qu&rsquo;offre Google.\u00a0\u00bb. Le 28 janvier, Mark Jen apprend son licenciement, \u00e0 cause de son blog. Cet exemple illustre la volont\u00e9 de discr\u00e9tion de la soci\u00e9t\u00e9, les journalistes n&rsquo;arrivant quasiment jamais \u00e0 d\u00e9crocher un entretien avec les deux fondateurs, Page et Brin<\/p>\n<p>D\u2019autres \u00e9l\u00e9ments peuvent inqui\u00e9ter sur l\u2019emprise qu\u2019a Google sur le monde num\u00e9rique et les donn\u00e9es personnelles de tous les terriens.<\/p>\n<p>Un autre extrait de wikip\u00e9dia nous rappelle qu\u2019il ne s\u2019agit plus que d\u2019un moteur de recherche\u00a0!<\/p>\n<p>\u00ab\u00a0L&rsquo;entreprise est principalement connue \u00e0 travers la situation monopolistique de ce moteur de recherche, concurrenc\u00e9 historiquement par\u00a0AltaVista\u00a0puis par\u00a0Yahoo!\u00a0et\u00a0Bing, mais \u00e9galement par quelques-uns de ses logiciels embl\u00e9matiques, tels que\u00a0<a title=\"Google Earth\" href=\"http:\/\/fr.wikipedia.org\/wiki\/Google_Earth\">Google Earth<\/a>,\u00a0<a title=\"Google Maps\" href=\"http:\/\/fr.wikipedia.org\/wiki\/Google_Maps\">Google Maps<\/a>\u00a0ou le syst\u00e8me d&rsquo;exploitation pour t\u00e9l\u00e9phones mobiles\u00a0<a title=\"Android\" href=\"http:\/\/fr.wikipedia.org\/wiki\/Android\">Android<\/a>, tout comme par le fait que l&rsquo;entreprise compte parmi ses fleurons le site de partage vid\u00e9o en ligne\u00a0<a title=\"YouTube\" href=\"http:\/\/fr.wikipedia.org\/wiki\/YouTube\">YouTube<\/a>.<\/p>\n<p>En\u00a02011, Google poss\u00e9dait un parc de plus de 900\u00a0000\u00a0<a title=\"Serveur informatique\" href=\"http:\/\/fr.wikipedia.org\/wiki\/Serveur_informatique\">serveurs<\/a>, contre 400\u00a0000 en\u00a02006, ce qui en fait le parc de serveurs le plus important au monde (2\u00a0% du nombre total de machines), avec des appareils r\u00e9partis sur 32 sites. Parall\u00e8lement, le\u00a0moteur de recherche\u00a0Google a\u00a0index\u00e9\u00a0plus de\u00a01\u00a0000\u00a0milliards\u00a0de\u00a0page web\u00a0en 2008<sup><a href=\"http:\/\/fr.wikipedia.org\/wiki\/Google#cite_note-6\">6<\/a><\/sup>. En\u00a0octobre\u00a0<a title=\"2010 en informatique\" href=\"http:\/\/fr.wikipedia.org\/wiki\/2010_en_informatique\">2010<\/a>, Google repr\u00e9sente 6,4\u00a0% du trafic Internet mondial et affiche une croissance sup\u00e9rieure \u00e0 celle du web\u00a0\u00bb.<\/p>\n","protected":false},"excerpt":{"rendered":"<p>Menez une petite enqu\u00eate sur Google. Les informations sont surabondantes. Vous en trouverez ici\u00a0: http:\/\/fr.wikipedia.org\/wiki\/Google, mais il s\u2019agit d\u2019un cas d\u2019\u00e9cole car des accords Google-Wikipedia, peu transparents permettent de douter de la neutralit\u00e9 chim\u00e9rique de cette encyclop\u00e9die. Il faut donc aussi absolument chercher ailleurs. Dans des diaporamas dignes de foi ou des infographies, par exemple. [&hellip;]<\/p>\n","protected":false},"author":2,"featured_media":0,"parent":417,"menu_order":0,"comment_status":"open","ping_status":"open","template":"","meta":{"_acf_changed":false,"footnotes":""},"class_list":["post-960","page","type-page","status-publish","hentry"],"acf":[],"_links":{"self":[{"href":"http:\/\/www.ressources.univ-rennes2.fr\/cultures-numeriques-dans-l-enseignement\/droit\/wp-json\/wp\/v2\/pages\/960","targetHints":{"allow":["GET"]}}],"collection":[{"href":"http:\/\/www.ressources.univ-rennes2.fr\/cultures-numeriques-dans-l-enseignement\/droit\/wp-json\/wp\/v2\/pages"}],"about":[{"href":"http:\/\/www.ressources.univ-rennes2.fr\/cultures-numeriques-dans-l-enseignement\/droit\/wp-json\/wp\/v2\/types\/page"}],"author":[{"embeddable":true,"href":"http:\/\/www.ressources.univ-rennes2.fr\/cultures-numeriques-dans-l-enseignement\/droit\/wp-json\/wp\/v2\/users\/2"}],"replies":[{"embeddable":true,"href":"http:\/\/www.ressources.univ-rennes2.fr\/cultures-numeriques-dans-l-enseignement\/droit\/wp-json\/wp\/v2\/comments?post=960"}],"version-history":[{"count":7,"href":"http:\/\/www.ressources.univ-rennes2.fr\/cultures-numeriques-dans-l-enseignement\/droit\/wp-json\/wp\/v2\/pages\/960\/revisions"}],"predecessor-version":[{"id":1467,"href":"http:\/\/www.ressources.univ-rennes2.fr\/cultures-numeriques-dans-l-enseignement\/droit\/wp-json\/wp\/v2\/pages\/960\/revisions\/1467"}],"up":[{"embeddable":true,"href":"http:\/\/www.ressources.univ-rennes2.fr\/cultures-numeriques-dans-l-enseignement\/droit\/wp-json\/wp\/v2\/pages\/417"}],"wp:attachment":[{"href":"http:\/\/www.ressources.univ-rennes2.fr\/cultures-numeriques-dans-l-enseignement\/droit\/wp-json\/wp\/v2\/media?parent=960"}],"curies":[{"name":"wp","href":"https:\/\/api.w.org\/{rel}","templated":true}]}}