{"id":966,"date":"2013-08-22T21:21:30","date_gmt":"2013-08-22T20:21:30","guid":{"rendered":"http:\/\/www.ressources.univ-rennes2.fr\/cultures-numeriques-dans-l-enseignement\/droit\/?page_id=966"},"modified":"2014-11-25T11:00:36","modified_gmt":"2014-11-25T10:00:36","slug":"google-aide-la-presse-francaise","status":"publish","type":"page","link":"http:\/\/www.ressources.univ-rennes2.fr\/cultures-numeriques-dans-l-enseignement\/droit\/a-partir-de-lactualite\/google-et-la-presse\/google-aide-la-presse-francaise\/","title":{"rendered":"2.1.4 Google aide la presse fran\u00e7aise"},"content":{"rendered":"<p><b style=\"font-size: 13px;\">Combien d\u2019argent donne Google \u00e0 la presse fran\u00e7aise (sur projet) selon l\u2019accord de 2013\u00a0? Quel pourcentage de son chiffre d\u2019affaires et de son b\u00e9n\u00e9fice cela repr\u00e9sente-t-il\u00a0?<\/b><\/p>\n<p>La r\u00e9ponse est 60 millions d\u2019euros sur 5 ans. Cela repr\u00e9sente environ 0.02% du chiffre d\u2019affaires de Google et moins de 0.1% de ses b\u00e9n\u00e9fices (chiffres de 2012). De nombreuses voix s\u2019\u00e9l\u00e8vent pour <a href=\"http:\/\/www.01net.com\/editorial\/585917\/l-accord-entre-google-et-la-presse-francaise-essuie-deja-de-severes-critiques\/?page=2&amp;order=older\">d\u00e9noncer ce march\u00e9 de dupes<\/a>. De plus, Google va signer des accords publicitaires\u00a0 avec les journaux s\u00e9lectionn\u00e9s pour les aider \u00e0 augmenter leurs recettes publicitaires (de quoi mettre possiblement \u00e0 mal l\u2019ind\u00e9pendance de ces organes de presse\u00a0!). La publicit\u00e9 se d\u00e9place d\u2019ailleurs <a href=\"http:\/\/www.francepub.fr\/images\/stories\/File\/PDF_Annonceurs_Consommateurs_2013\/Presentation_FPub_Annonceurs_Mars_2013b.pdf\">progressivement de la t\u00e9l\u00e9vision vers Internet<\/a>.<\/p>\n<p>De plus, le principe de droits voisins demand\u00e9 par les \u00e9diteurs est enterr\u00e9.<\/p>\n<p><a href=\"http:\/\/www.ressources.univ-rennes2.fr\/cultures-numeriques-dans-l-enseignement\/droit\/wp-content\/uploads\/2013\/08\/les-lunettes-google-glass.jpg\"><img loading=\"lazy\" decoding=\"async\" class=\"alignnone size-medium wp-image-967 aligncenter\" alt=\"les-lunettes-google-glass\" src=\"http:\/\/www.ressources.univ-rennes2.fr\/cultures-numeriques-dans-l-enseignement\/droit\/wp-content\/uploads\/2013\/08\/les-lunettes-google-glass-300x169.jpg\" width=\"300\" height=\"169\" srcset=\"http:\/\/www.ressources.univ-rennes2.fr\/cultures-numeriques-dans-l-enseignement\/droit\/wp-content\/uploads\/2013\/08\/les-lunettes-google-glass-300x169.jpg 300w, http:\/\/www.ressources.univ-rennes2.fr\/cultures-numeriques-dans-l-enseignement\/droit\/wp-content\/uploads\/2013\/08\/les-lunettes-google-glass.jpg 620w\" sizes=\"auto, (max-width: 300px) 100vw, 300px\" \/><\/a><\/p>\n","protected":false},"excerpt":{"rendered":"<p>Combien d\u2019argent donne Google \u00e0 la presse fran\u00e7aise (sur projet) selon l\u2019accord de 2013\u00a0? Quel pourcentage de son chiffre d\u2019affaires et de son b\u00e9n\u00e9fice cela repr\u00e9sente-t-il\u00a0? La r\u00e9ponse est 60 millions d\u2019euros sur 5 ans. Cela repr\u00e9sente environ 0.02% du chiffre d\u2019affaires de Google et moins de 0.1% de ses b\u00e9n\u00e9fices (chiffres de 2012). De [&hellip;]<\/p>\n","protected":false},"author":2,"featured_media":0,"parent":417,"menu_order":0,"comment_status":"open","ping_status":"open","template":"","meta":{"_acf_changed":false,"footnotes":""},"class_list":["post-966","page","type-page","status-publish","hentry"],"acf":[],"_links":{"self":[{"href":"http:\/\/www.ressources.univ-rennes2.fr\/cultures-numeriques-dans-l-enseignement\/droit\/wp-json\/wp\/v2\/pages\/966","targetHints":{"allow":["GET"]}}],"collection":[{"href":"http:\/\/www.ressources.univ-rennes2.fr\/cultures-numeriques-dans-l-enseignement\/droit\/wp-json\/wp\/v2\/pages"}],"about":[{"href":"http:\/\/www.ressources.univ-rennes2.fr\/cultures-numeriques-dans-l-enseignement\/droit\/wp-json\/wp\/v2\/types\/page"}],"author":[{"embeddable":true,"href":"http:\/\/www.ressources.univ-rennes2.fr\/cultures-numeriques-dans-l-enseignement\/droit\/wp-json\/wp\/v2\/users\/2"}],"replies":[{"embeddable":true,"href":"http:\/\/www.ressources.univ-rennes2.fr\/cultures-numeriques-dans-l-enseignement\/droit\/wp-json\/wp\/v2\/comments?post=966"}],"version-history":[{"count":5,"href":"http:\/\/www.ressources.univ-rennes2.fr\/cultures-numeriques-dans-l-enseignement\/droit\/wp-json\/wp\/v2\/pages\/966\/revisions"}],"predecessor-version":[{"id":1469,"href":"http:\/\/www.ressources.univ-rennes2.fr\/cultures-numeriques-dans-l-enseignement\/droit\/wp-json\/wp\/v2\/pages\/966\/revisions\/1469"}],"up":[{"embeddable":true,"href":"http:\/\/www.ressources.univ-rennes2.fr\/cultures-numeriques-dans-l-enseignement\/droit\/wp-json\/wp\/v2\/pages\/417"}],"wp:attachment":[{"href":"http:\/\/www.ressources.univ-rennes2.fr\/cultures-numeriques-dans-l-enseignement\/droit\/wp-json\/wp\/v2\/media?parent=966"}],"curies":[{"name":"wp","href":"https:\/\/api.w.org\/{rel}","templated":true}]}}