{"id":981,"date":"2013-08-24T20:26:38","date_gmt":"2013-08-24T19:26:38","guid":{"rendered":"http:\/\/www.ressources.univ-rennes2.fr\/cultures-numeriques-dans-l-enseignement\/droit\/?page_id=981"},"modified":"2014-11-25T17:03:55","modified_gmt":"2014-11-25T16:03:55","slug":"protection-des-lanceurs-dalertes","status":"publish","type":"page","link":"http:\/\/www.ressources.univ-rennes2.fr\/cultures-numeriques-dans-l-enseignement\/droit\/a-partir-de-lactualite\/nsa-juste-le-feuilleton-de-lete\/protection-des-lanceurs-dalertes\/","title":{"rendered":"2.4.2 Protection des lanceurs d&rsquo;alertes"},"content":{"rendered":"<p><b>Qu\u2019est-ce qu\u2019un lanceur d\u2019alertes\u00a0? Y a-t\u2019 il des textes les prot\u00e8gent dans la l\u00e9gislation fran\u00e7aise et dans celle en vigueur aux Etats-Unis\u00a0?<\/b><\/p>\n<p>C\u2019est un concept fourre-tout et qui n\u2019est pas r\u00e9cent du tout comme on peut le <a href=\"http:\/\/www.lemonde.fr\/politique\/article\/2013\/07\/18\/les-lanceurs-d-alerte-un-concept-fourre-tout_3448972_823448.html?xtmc=lanceur_d_alertes_concept&amp;xtcr=4\" target=\"_blank\">lire ici<\/a>.<\/p>\n<p>Du coup, deux questions se posent\u00a0:<\/p>\n<p>&#8211; Les lanceurs d\u2019alerte sont-ils des <a href=\"http:\/\/www.lemonde.fr\/international\/article\/2013\/08\/10\/obama-je-ne-vois-pas-snowden-comme-un-patriote_3459899_3210.html\" target=\"_blank\">traitres<\/a> ou des <a href=\"http:\/\/www.lemonde.fr\/idees\/article\/2013\/08\/12\/les-democrates-doivent-avoir-du-respect-pour-des-personnes-comme-snowden_3460459_3232.html?xtmc=lanceur_d_alertes_obama&amp;xtcr=5\" target=\"_blank\">h\u00e9ros<\/a> (<a href=\"http:\/\/www.newyorker.com\/online\/blogs\/johncassidy\/2013\/06\/why-edward-snowden-is-a-hero.html\" target=\"_blank\">Snowden m\u00eame aux US<\/a>)\u00a0?<\/p>\n<p>&#8211;\u00a0<a href=\"http:\/\/www.lemonde.fr\/a-la-une\/article\/2013\/08\/01\/oui-aux-lanceurs-d-alerte-non-a-la-transparence-totale_3456371_3208.html\" target=\"_blank\">La transparence totale est-elle un objectif tenable\u00a0?<\/a><\/p>\n<p>Les textes existent mais ne prennent en compte que des cas particuliers (exclusivement dans le domaine de la sant\u00e9 en France, pour le moment). Aux Etats-Unis le cadre est plus large et exclut soigneusement toutes les personnes ont des fonctions sensibles.<\/p>\n<p>Nous produisons \u00a0un rappel des diff\u00e9rents \u00e9pisodes de cette affaire qui a pris des proportions inattendues :<\/p>\n<p><b>Etapes\u00a0:<\/b><\/p>\n<p>&#8211; F\u00e9vrier 2013\u00a0: Obama se dit lass\u00e9 par l\u2019espionnage des russes et des chinois<\/p>\n<p>&#8211; Les r\u00e9v\u00e9lations de Snowden commencent, orchestr\u00e9es comme un \u00ab\u00a0plan m\u00e9dia\u00a0\u00bb magistral. Elles commencent par les russes et les chinois (des millions de SMS, par exemple) qui sont espionn\u00e9s par les services secrets am\u00e9ricains. Ensuite, il appara\u00eet que le syst\u00e8me fonctionne aussi \u00e0 l\u2019int\u00e9rieur du pays m\u00eame, puis encore plus tard les institutions europ\u00e9ennes et deux pays tout particuli\u00e8rement (La France et l\u2019Italie). Les raisons \u00e9voqu\u00e9es sont bien s\u00fbr la lutte contre le terrorisme.<\/p>\n<p>&#8211; Obama reconnait que la NSA a viol\u00e9 la loi am\u00e9ricaine mais minimise l\u2019importance de du d\u00e9lit.<\/p>\n<p>&#8211; Le 14 juin, Snowden est inculp\u00e9 d\u2019espionnage.<\/p>\n<p>&#8211; Les g\u00e9ants du web demandent plus de transparence. En effet, ils craignent (\u00e0 raison) que la confiance de leurs clients soit \u00e9branl\u00e9e.<\/p>\n<p>&#8211; Le 8 juillet, manuel Valls r\u00e9v\u00e8le que la France n\u2019est pas en reste dans l\u2019usage des logiciels espions\u2026 mais c\u2019est faute de pouvoir compter sur la coop\u00e9ration des g\u00e9ants du Net (qui sont plus ouverts aux requ\u00eates du gouvernement am\u00e9ricain).<\/p>\n<p>&#8211; La Russie accueille provisoirement Snowden (pour un an). Cela a pour cons\u00e9quence la d\u00e9t\u00e9rioration des relations entre les deux grandes puissances. La France elle, lui avait refus\u00e9 l\u2019asile le 6 juillet.<\/p>\n<p>&#8211; Le lanceur d\u2019alerte de WikiLeaks est jug\u00e9 et risque jusqu\u2019\u00e0 100 ans de prison. Au final, il est condamn\u00e9 le 22 aout \u00e035 ans d\u2019emprisonnement.<\/p>\n<p>&#8211; Les USA travaillent sur l\u2019apr\u00e8s Snowden et lancent l\u2019id\u00e9e d\u2019une double cl\u00e9e (comme pour la bombe atomique) qui devrait \u00e9viter les fuites isol\u00e9es (il faut deux cl\u00e9s pour pouvoir diffuser un document).<\/p>\n<p>&#8211; Le plus grand centre d\u2019espionnage du monde doit \u00eatre inaugur\u00e9 en septembre 2013 par la NSA, dans l\u2019Utah. Il a co\u00fbt\u00e9 2 milliards de dollars. Sa sp\u00e9cificit\u00e9 sera sa puissance de calcul pour \u00ab\u00a0casser les codes\u00a0\u00bb et d\u00e9crypter les messages.<\/p>\n<p>La NSA (dont la devise est Never say anything) n\u2019est qu\u2019une des 15 agences de renseignements des US. Son budget est 15 milliards de dollars et il emploie plusieurs dizaines de milliers de personnes. On peut parier que cette inauguration sera un peu embarrassante du fait de l\u2019actualit\u00e9.<\/p>\n<p>&#8211; Ce thriller plan\u00e9taire est palpitant. Orwell n\u2019avait pas imagin\u00e9, dans son roman, que big brother pourrait lire l\u2019ensemble des communications (tel, mail\u2026). Dans cette affaire, Obama est un peu \u00ab\u00a0l\u2019arroseur arros\u00e9\u00a0\u00bb et l\u2019on peut craindre que sous couvert de lutte contre le terrorisme, tous les citoyens de tous les pays subissent une sorte de tyrannie insidieuse.<\/p>\n<p style=\"text-align: center;\"><a href=\"http:\/\/www.ressources.univ-rennes2.fr\/cultures-numeriques-dans-l-enseignement\/droit\/wp-content\/uploads\/2013\/08\/danziger-cartoon.jpg\"><img loading=\"lazy\" decoding=\"async\" class=\"alignnone size-medium wp-image-982\" alt=\"danziger-cartoon\" src=\"http:\/\/www.ressources.univ-rennes2.fr\/cultures-numeriques-dans-l-enseignement\/droit\/wp-content\/uploads\/2013\/08\/danziger-cartoon-300x214.jpg\" width=\"300\" height=\"214\" srcset=\"http:\/\/www.ressources.univ-rennes2.fr\/cultures-numeriques-dans-l-enseignement\/droit\/wp-content\/uploads\/2013\/08\/danziger-cartoon-300x214.jpg 300w, http:\/\/www.ressources.univ-rennes2.fr\/cultures-numeriques-dans-l-enseignement\/droit\/wp-content\/uploads\/2013\/08\/danziger-cartoon.jpg 520w\" sizes=\"auto, (max-width: 300px) 100vw, 300px\" \/><\/a><\/p>\n<p>&nbsp;<\/p>\n","protected":false},"excerpt":{"rendered":"<p>Qu\u2019est-ce qu\u2019un lanceur d\u2019alertes\u00a0? Y a-t\u2019 il des textes les prot\u00e8gent dans la l\u00e9gislation fran\u00e7aise et dans celle en vigueur aux Etats-Unis\u00a0? C\u2019est un concept fourre-tout et qui n\u2019est pas r\u00e9cent du tout comme on peut le lire ici. Du coup, deux questions se posent\u00a0: &#8211; Les lanceurs d\u2019alerte sont-ils des traitres ou des h\u00e9ros [&hellip;]<\/p>\n","protected":false},"author":2,"featured_media":0,"parent":840,"menu_order":0,"comment_status":"open","ping_status":"open","template":"","meta":{"_acf_changed":false,"footnotes":""},"class_list":["post-981","page","type-page","status-publish","hentry"],"acf":[],"_links":{"self":[{"href":"http:\/\/www.ressources.univ-rennes2.fr\/cultures-numeriques-dans-l-enseignement\/droit\/wp-json\/wp\/v2\/pages\/981","targetHints":{"allow":["GET"]}}],"collection":[{"href":"http:\/\/www.ressources.univ-rennes2.fr\/cultures-numeriques-dans-l-enseignement\/droit\/wp-json\/wp\/v2\/pages"}],"about":[{"href":"http:\/\/www.ressources.univ-rennes2.fr\/cultures-numeriques-dans-l-enseignement\/droit\/wp-json\/wp\/v2\/types\/page"}],"author":[{"embeddable":true,"href":"http:\/\/www.ressources.univ-rennes2.fr\/cultures-numeriques-dans-l-enseignement\/droit\/wp-json\/wp\/v2\/users\/2"}],"replies":[{"embeddable":true,"href":"http:\/\/www.ressources.univ-rennes2.fr\/cultures-numeriques-dans-l-enseignement\/droit\/wp-json\/wp\/v2\/comments?post=981"}],"version-history":[{"count":7,"href":"http:\/\/www.ressources.univ-rennes2.fr\/cultures-numeriques-dans-l-enseignement\/droit\/wp-json\/wp\/v2\/pages\/981\/revisions"}],"predecessor-version":[{"id":1476,"href":"http:\/\/www.ressources.univ-rennes2.fr\/cultures-numeriques-dans-l-enseignement\/droit\/wp-json\/wp\/v2\/pages\/981\/revisions\/1476"}],"up":[{"embeddable":true,"href":"http:\/\/www.ressources.univ-rennes2.fr\/cultures-numeriques-dans-l-enseignement\/droit\/wp-json\/wp\/v2\/pages\/840"}],"wp:attachment":[{"href":"http:\/\/www.ressources.univ-rennes2.fr\/cultures-numeriques-dans-l-enseignement\/droit\/wp-json\/wp\/v2\/media?parent=981"}],"curies":[{"name":"wp","href":"https:\/\/api.w.org\/{rel}","templated":true}]}}