{"id":32,"date":"2014-10-08T14:10:50","date_gmt":"2014-10-08T13:10:50","guid":{"rendered":"http:\/\/www.ressources.univ-rennes2.fr\/cultures-numeriques-dans-l-enseignement\/plateforme\/?page_id=32"},"modified":"2015-01-18T10:36:44","modified_gmt":"2015-01-18T09:36:44","slug":"accueil-du-site","status":"publish","type":"page","link":"http:\/\/www.ressources.univ-rennes2.fr\/cultures-numeriques-dans-l-enseignement\/plateforme\/","title":{"rendered":"Accueil du site"},"content":{"rendered":"<p>L&rsquo;objectif de ce cours est de vous apporter les notions et les comp\u00e9tences n\u00e9cessaires pour tirer parti des sp\u00e9cificit\u00e9s de l&rsquo;\u00e9criture collaborative en ligne dans le contexte de l&rsquo;enseignement. Il\u00a0pr\u00e9sente donc des outils de cr\u00e9ation de documents num\u00e9riques :<\/p>\n<ul>\n<li>qui hybrident les formes s\u00e9miotiques (textes, images, sons&#8230;)<\/li>\n<li>qui peuvent \u00eatre cr\u00e9\u00e9s \u00e0 plusieurs et (si besoin) de mani\u00e8re synchrone (simultan\u00e9ment)<\/li>\n<li>qui ne sont jamais clos et qui s&rsquo;ouvrent aux annotations des lecteurs.<\/li>\n<\/ul>\n<p><span style=\"line-height: 1.5em;\">A travers ces \u00e9tudes de cas, il s&rsquo;agit d&rsquo;abord d&rsquo;appr\u00e9hender le document num\u00e9rique comme un objet en perp\u00e9tuelle m\u00e9tamorphose, ouvert aux annotations des lecteurs. Ses contenus peuvent \u00eatre isol\u00e9s sous forme granulaire qui pr\u00eate \u00e0 de nouveaux usages dans des \u00a0contextes in\u00e9dits. On parle de \u00ab\u00a0culture du remix\u00a0\u00bb ou d&rsquo;\u00e9ditorialisation pour d\u00e9signer ce processus collaboratif de reprise et de diss\u00e9mination <\/span><span style=\"line-height: 1.5em;\">par les lecteurs\u00a0<\/span><span style=\"line-height: 1.5em;\">de contenus d\u00e9j\u00e0 publi\u00e9s.<\/span><\/p>\n<p><span style=\"line-height: 1.5em;\">Bas\u00e9s sur ces pratiques de partage, les sc\u00e9narios p\u00e9dagogiques pr\u00e9sent\u00e9s dans ce cours illustrent comment l&rsquo;\u00e9criture num\u00e9rique peut favoriser les processus d&rsquo;apprentissage collaboratif par la co-construction des argumentaires, des annotations ou des commentaires. Ce n&rsquo;est plus seulement la production finale qui est alors valoris\u00e9e mais l&rsquo;ensemble du parcours des apprenants \u00e0 condition que l&rsquo;enseignant prenne en compte ces \u00ab\u00a0\u00e9crits interm\u00e9diaires\u00a0\u00bb dans ses m\u00e9thodes d&rsquo;\u00e9valuation.<br \/>\n<\/span><\/p>\n<p>&nbsp;<\/p>\n<p>&nbsp;<\/p>\n","protected":false},"excerpt":{"rendered":"<p>L&rsquo;objectif de ce cours est de vous apporter les notions et les comp\u00e9tences n\u00e9cessaires pour tirer parti des sp\u00e9cificit\u00e9s de l&rsquo;\u00e9criture collaborative en ligne dans le contexte de l&rsquo;enseignement. Il\u00a0pr\u00e9sente donc des outils de cr\u00e9ation de documents num\u00e9riques : qui hybrident les formes s\u00e9miotiques (textes, images, sons&#8230;) qui peuvent \u00eatre cr\u00e9\u00e9s \u00e0 plusieurs et (si [&hellip;]<\/p>\n","protected":false},"author":5,"featured_media":0,"parent":0,"menu_order":0,"comment_status":"open","ping_status":"open","template":"","meta":{"_acf_changed":false,"footnotes":""},"class_list":["post-32","page","type-page","status-publish","hentry"],"acf":[],"_links":{"self":[{"href":"http:\/\/www.ressources.univ-rennes2.fr\/cultures-numeriques-dans-l-enseignement\/plateforme\/wp-json\/wp\/v2\/pages\/32","targetHints":{"allow":["GET"]}}],"collection":[{"href":"http:\/\/www.ressources.univ-rennes2.fr\/cultures-numeriques-dans-l-enseignement\/plateforme\/wp-json\/wp\/v2\/pages"}],"about":[{"href":"http:\/\/www.ressources.univ-rennes2.fr\/cultures-numeriques-dans-l-enseignement\/plateforme\/wp-json\/wp\/v2\/types\/page"}],"author":[{"embeddable":true,"href":"http:\/\/www.ressources.univ-rennes2.fr\/cultures-numeriques-dans-l-enseignement\/plateforme\/wp-json\/wp\/v2\/users\/5"}],"replies":[{"embeddable":true,"href":"http:\/\/www.ressources.univ-rennes2.fr\/cultures-numeriques-dans-l-enseignement\/plateforme\/wp-json\/wp\/v2\/comments?post=32"}],"version-history":[{"count":14,"href":"http:\/\/www.ressources.univ-rennes2.fr\/cultures-numeriques-dans-l-enseignement\/plateforme\/wp-json\/wp\/v2\/pages\/32\/revisions"}],"predecessor-version":[{"id":873,"href":"http:\/\/www.ressources.univ-rennes2.fr\/cultures-numeriques-dans-l-enseignement\/plateforme\/wp-json\/wp\/v2\/pages\/32\/revisions\/873"}],"wp:attachment":[{"href":"http:\/\/www.ressources.univ-rennes2.fr\/cultures-numeriques-dans-l-enseignement\/plateforme\/wp-json\/wp\/v2\/media?parent=32"}],"curies":[{"name":"wp","href":"https:\/\/api.w.org\/{rel}","templated":true}]}}