{"id":34,"date":"2014-10-08T14:12:10","date_gmt":"2014-10-08T13:12:10","guid":{"rendered":"http:\/\/www.ressources.univ-rennes2.fr\/cultures-numeriques-dans-l-enseignement\/plateforme\/?page_id=34"},"modified":"2015-01-24T13:54:31","modified_gmt":"2015-01-24T12:54:31","slug":"1-collaboration-est-apprentissage","status":"publish","type":"page","link":"http:\/\/www.ressources.univ-rennes2.fr\/cultures-numeriques-dans-l-enseignement\/plateforme\/1-collaboration-est-apprentissage\/","title":{"rendered":"1. Collaboration et apprentissage"},"content":{"rendered":"<table border=\"1\" cellspacing=\"0\" cellpadding=\"0\">\n<tbody>\n<tr>\n<td valign=\"top\" width=\"154\"><b>Types p\u00e9dagogiques d\u2019apr\u00e8s leurs finalit\u00e9s et mod\u00e8les sous-jacents d\u2019apprentissage<\/b><\/td>\n<td valign=\"top\" width=\"154\">\n<p align=\"center\"><b>Artefacts privil\u00e9gi\u00e9s<\/b><\/p>\n<\/td>\n<td valign=\"top\" width=\"154\">\n<p align=\"center\"><b>Fonctions et r\u00f4les des artefacts<\/b><\/p>\n<\/td>\n<td valign=\"top\" width=\"154\">\n<p align=\"center\"><b>Structuration de l\u2019espace-temps des artefacts<\/b><\/p>\n<\/td>\n<\/tr>\n<tr>\n<td valign=\"top\" width=\"154\"><b>P\u00e9dagogie de la transmission<\/b>\u00e8 Centr\u00e9e sur des contenus et progressions pr\u00e9d\u00e9finis<\/p>\n<p align=\"center\"><i>Mod\u00e8le magistral<\/i><\/p>\n<\/td>\n<td valign=\"top\" width=\"154\">Manuels, Multimedia de textes et iconographies de r\u00e9f\u00e9renceCours en ligne<\/p>\n<p><i>Degr\u00e9 d\u2019interactivit\u00e9\u00a0:0<\/i><\/td>\n<td valign=\"top\" width=\"154\">Pr\u00e9sentationsIllustrations<\/p>\n<p>&nbsp;<\/p>\n<p>&nbsp;<\/p>\n<p align=\"center\"><b>Auxiliaire<\/b><\/p>\n<\/td>\n<td valign=\"top\" width=\"154\">Principe des 3 unit\u00e9s de lieu, de temps et d\u2019action (l\u2019enseignement)&nbsp;<\/p>\n<p>&nbsp;<\/p>\n<p align=\"center\"><b>Structure<\/b><\/p>\n<\/td>\n<\/tr>\n<tr>\n<td valign=\"top\" width=\"154\"><b>P\u00e9dagogies de l\u2019entrainement<\/b><b>\u00e0Centr\u00e9es sur des comp\u00e9tences et savoirs-faire (r\u00e9f\u00e9rentiels)<\/b><\/p>\n<p><i>Mod\u00e8le behavioriste et Cognitiviste<\/i><\/td>\n<td valign=\"top\" width=\"154\">Manuels, MultimediaExerciseurs<\/p>\n<p>Tutoriels simples ou \u00e9volu\u00e9s (cognitivistes), mod\u00e9lisations<\/p>\n<p>&nbsp;<\/p>\n<p><i>Degr\u00e9 d\u2019interactivit\u00e9\u00a0:2<\/i><\/td>\n<td valign=\"top\" width=\"154\">R\u00e9p\u00e9titions plus ou moins vari\u00e9s d\u2019exercices fix\u00e9sProgression +\/- pr\u00e9d\u00e9finie d\u2019activit\u00e9s mod\u00e9lis\u00e9es<\/p>\n<p align=\"center\"><b>Outils<\/b><\/p>\n<\/td>\n<td valign=\"top\" width=\"154\">M\u00eame principe en salle de cours comme en salle informatique&nbsp;<\/p>\n<p>&nbsp;<\/p>\n<p align=\"center\"><b>Syst\u00e8me<\/b><\/p>\n<\/td>\n<\/tr>\n<tr>\n<td valign=\"top\" width=\"154\"><b>P\u00e9dagogies du d\u00e9veloppement<\/b>\u00e0Centr\u00e9es sur la construction par le sujet de connaissances, strat\u00e9gies d\u2019apprentissage et m\u00e9ta-comp\u00e9tences (projet individuel)<\/p>\n<p><i>Mod\u00e8le socio-constructiviste<\/i><\/td>\n<td valign=\"top\" width=\"154\">Ouvrages autres que manuels,Documentations authentiques, outils d\u2019exploration et de simulation, d\u2019aide et de communication<\/p>\n<p>&nbsp;<\/p>\n<p><i>Degr\u00e9 d\u2019interactivit\u00e9\u00a0:3<\/i><\/td>\n<td valign=\"top\" width=\"154\">Accompagnement par am\u00e9nagement de situations et d\u2019actions incitatives visant l\u2019apprentissage des moyens d\u2019apprendre&nbsp;<\/p>\n<p>&nbsp;<\/p>\n<p align=\"center\"><b>Instrument<\/b><\/p>\n<\/td>\n<td valign=\"top\" width=\"154\">Diversification des lieux, temps, objets et modalit\u00e9s d\u2019apprentissage, incluant des formes non conventionnelles&nbsp;<\/p>\n<p>&nbsp;<\/p>\n<p align=\"center\"><b>Dispositif<\/b><\/p>\n<\/td>\n<\/tr>\n<\/tbody>\n<\/table>\n<p>&nbsp;<\/p>\n","protected":false},"excerpt":{"rendered":"<p>Types p\u00e9dagogiques d\u2019apr\u00e8s leurs finalit\u00e9s et mod\u00e8les sous-jacents d\u2019apprentissage Artefacts privil\u00e9gi\u00e9s Fonctions et r\u00f4les des artefacts Structuration de l\u2019espace-temps des artefacts P\u00e9dagogie de la transmission\u00e8 Centr\u00e9e sur des contenus et progressions pr\u00e9d\u00e9finis Mod\u00e8le magistral Manuels, Multimedia de textes et iconographies de r\u00e9f\u00e9renceCours en ligne Degr\u00e9 d\u2019interactivit\u00e9\u00a0:0 Pr\u00e9sentationsIllustrations &nbsp; &nbsp; Auxiliaire Principe des 3 unit\u00e9s de [&hellip;]<\/p>\n","protected":false},"author":5,"featured_media":0,"parent":0,"menu_order":0,"comment_status":"open","ping_status":"closed","template":"","meta":{"_acf_changed":false,"footnotes":""},"class_list":["post-34","page","type-page","status-publish","hentry"],"acf":[],"_links":{"self":[{"href":"http:\/\/www.ressources.univ-rennes2.fr\/cultures-numeriques-dans-l-enseignement\/plateforme\/wp-json\/wp\/v2\/pages\/34","targetHints":{"allow":["GET"]}}],"collection":[{"href":"http:\/\/www.ressources.univ-rennes2.fr\/cultures-numeriques-dans-l-enseignement\/plateforme\/wp-json\/wp\/v2\/pages"}],"about":[{"href":"http:\/\/www.ressources.univ-rennes2.fr\/cultures-numeriques-dans-l-enseignement\/plateforme\/wp-json\/wp\/v2\/types\/page"}],"author":[{"embeddable":true,"href":"http:\/\/www.ressources.univ-rennes2.fr\/cultures-numeriques-dans-l-enseignement\/plateforme\/wp-json\/wp\/v2\/users\/5"}],"replies":[{"embeddable":true,"href":"http:\/\/www.ressources.univ-rennes2.fr\/cultures-numeriques-dans-l-enseignement\/plateforme\/wp-json\/wp\/v2\/comments?post=34"}],"version-history":[{"count":8,"href":"http:\/\/www.ressources.univ-rennes2.fr\/cultures-numeriques-dans-l-enseignement\/plateforme\/wp-json\/wp\/v2\/pages\/34\/revisions"}],"predecessor-version":[{"id":982,"href":"http:\/\/www.ressources.univ-rennes2.fr\/cultures-numeriques-dans-l-enseignement\/plateforme\/wp-json\/wp\/v2\/pages\/34\/revisions\/982"}],"wp:attachment":[{"href":"http:\/\/www.ressources.univ-rennes2.fr\/cultures-numeriques-dans-l-enseignement\/plateforme\/wp-json\/wp\/v2\/media?parent=34"}],"curies":[{"name":"wp","href":"https:\/\/api.w.org\/{rel}","templated":true}]}}