{"id":419,"date":"2014-10-08T14:41:19","date_gmt":"2014-10-08T13:41:19","guid":{"rendered":"http:\/\/www.ressources.univ-rennes2.fr\/cultures-numeriques-dans-l-enseignement\/plateforme\/?page_id=419"},"modified":"2014-12-30T11:24:46","modified_gmt":"2014-12-30T10:24:46","slug":"2-2-1-classer-indexer-partager-sa-veille","status":"publish","type":"page","link":"http:\/\/www.ressources.univ-rennes2.fr\/cultures-numeriques-dans-l-enseignement\/plateforme\/2-des-outils-pour-ecrire-et-collaborer\/2-2-diigo\/2-2-1-classer-indexer-partager-sa-veille\/","title":{"rendered":"2.7.1 Classer, indexer, partager sa veille"},"content":{"rendered":"<p style=\"text-align: left;\"><a href=\"http:\/\/www.ressources.univ-rennes2.fr\/cultures-numeriques-dans-l-enseignement\/droit\/wp-content\/uploads\/2014\/08\/Bandeau-Diigo.jpg\"><img loading=\"lazy\" decoding=\"async\" class=\" wp-image-1266 aligncenter\" alt=\"Bandeau Diigo\" src=\"http:\/\/www.ressources.univ-rennes2.fr\/cultures-numeriques-dans-l-enseignement\/droit\/wp-content\/uploads\/2014\/08\/Bandeau-Diigo-300x31.jpg\" width=\"600\" height=\"62\" \/><\/a><\/p>\n<p>Cet outil rencontre un large succ\u00e8s : plus de 7 millions d\u2019utilisateurs \u00e0 travers le monde.<\/p>\n<p style=\"text-align: left;\">Sa fonction initiale est de mettre en m\u00e9moire des pages web visit\u00e9es, \u00e0 la mani\u00e8re d\u2019un outil de gestion de signets (bookmarks ou marque-pages) fourni par tous les navigateurs. Il poss\u00e8de cependant deux types de fonctionnalit\u00e9s suppl\u00e9mentaires qui le distingue de ces services basiques.<\/p>\n<p>&#8211; Une dimension sociale : ces marque pages peuvent \u00eatre partag\u00e9s dans un groupe d\u00e9termin\u00e9 (mais ouvert : \u00a0My Groups) ou mis en acc\u00e8s public sur Internet. De plus, vous pouvez voir les marque-pages de vos connaissances (My network) et ceux de la communaut\u00e9 Diigo (My community).<\/p>\n<p>&#8211; Les pages peuvent \u00eatre affect\u00e9es de mot-cl\u00e9s que vous choisissez vous-m\u00eame. Elles peuvent aussi \u00eatre surlign\u00e9es, annot\u00e9es\u2026 vous pouvez cr\u00e9er des captures d\u2019\u00e9cran\u2026 et partager \u00e9galement tous ces \u00e9l\u00e9ments.<\/p>\n<p>De nombreux tutoriels sont disponibles en ligne. Nous vous en proposons ici deux.<br \/>\nLe premier, r\u00e9alis\u00e9 par Laurence Rambli\u00e8re estadapt\u00e9 aux d\u00e9butants :<br \/>\n<iframe loading=\"lazy\" style=\"border: 1px solid #CCC; border-width: 1px; margin-bottom: 5px; max-width: 100%;\" src=\"\/\/www.slideshare.net\/slideshow\/embed_code\/18290651\" height=\"356\" width=\"427\" allowfullscreen=\"\" frameborder=\"0\" marginwidth=\"0\" marginheight=\"0\" scrolling=\"no\"><\/iframe><\/p>\n<div style=\"margin-bottom: 5px;\"><strong> <a title=\"Tuto diigo\" href=\"https:\/\/fr.slideshare.net\/LaurenceRambliere\/tuto-diigo\" target=\"_blank\">Tuto diigo<\/a> <\/strong> from <strong><a href=\"http:\/\/www.slideshare.net\/LaurenceRambliere\" target=\"_blank\">LaurenceRambliere<\/a><\/strong><\/div>\n<p>L&rsquo;autre, est r\u00e9alis\u00e9 par l\u2019URFIST Bretagne-Pays de Loire, mis \u00e0 jour fin 2013.<\/p>\n<p><iframe loading=\"lazy\" style=\"border: 1px solid #CCC; border-width: 1px; margin-bottom: 5px; max-width: 100%;\" src=\"\/\/www.slideshare.net\/slideshow\/embed_code\/17039044\" height=\"356\" width=\"427\" allowfullscreen=\"\" frameborder=\"0\" marginwidth=\"0\" marginheight=\"0\" scrolling=\"no\"><\/iframe><\/p>\n<div style=\"margin-bottom: 5px;\"><strong>Vous pouvez le t\u00e9l\u00e9charger :\u00a0<a title=\"G\u00e9rer ses signets en ligne avec Diigo : approfondissement\" href=\"https:\/\/fr.slideshare.net\/UrfistRennes\/stage-diigo-approfondissement20130308\" target=\"_blank\">G\u00e9rer ses signets en ligne avec Diigo : approfondissement<\/a> <\/strong> from <strong><a href=\"http:\/\/www.slideshare.net\/UrfistRennes\" target=\"_blank\">URFIST de Rennes <\/a><\/strong><\/div>\n<p>&nbsp;<\/p>\n","protected":false},"excerpt":{"rendered":"<p>Cet outil rencontre un large succ\u00e8s : plus de 7 millions d\u2019utilisateurs \u00e0 travers le monde. Sa fonction initiale est de mettre en m\u00e9moire des pages web visit\u00e9es, \u00e0 la mani\u00e8re d\u2019un outil de gestion de signets (bookmarks ou marque-pages) fourni par tous les navigateurs. Il poss\u00e8de cependant deux types de fonctionnalit\u00e9s suppl\u00e9mentaires qui le [&hellip;]<\/p>\n","protected":false},"author":5,"featured_media":0,"parent":417,"menu_order":0,"comment_status":"open","ping_status":"open","template":"","meta":{"_acf_changed":false,"footnotes":""},"class_list":["post-419","page","type-page","status-publish","hentry"],"acf":[],"_links":{"self":[{"href":"http:\/\/www.ressources.univ-rennes2.fr\/cultures-numeriques-dans-l-enseignement\/plateforme\/wp-json\/wp\/v2\/pages\/419","targetHints":{"allow":["GET"]}}],"collection":[{"href":"http:\/\/www.ressources.univ-rennes2.fr\/cultures-numeriques-dans-l-enseignement\/plateforme\/wp-json\/wp\/v2\/pages"}],"about":[{"href":"http:\/\/www.ressources.univ-rennes2.fr\/cultures-numeriques-dans-l-enseignement\/plateforme\/wp-json\/wp\/v2\/types\/page"}],"author":[{"embeddable":true,"href":"http:\/\/www.ressources.univ-rennes2.fr\/cultures-numeriques-dans-l-enseignement\/plateforme\/wp-json\/wp\/v2\/users\/5"}],"replies":[{"embeddable":true,"href":"http:\/\/www.ressources.univ-rennes2.fr\/cultures-numeriques-dans-l-enseignement\/plateforme\/wp-json\/wp\/v2\/comments?post=419"}],"version-history":[{"count":2,"href":"http:\/\/www.ressources.univ-rennes2.fr\/cultures-numeriques-dans-l-enseignement\/plateforme\/wp-json\/wp\/v2\/pages\/419\/revisions"}],"predecessor-version":[{"id":510,"href":"http:\/\/www.ressources.univ-rennes2.fr\/cultures-numeriques-dans-l-enseignement\/plateforme\/wp-json\/wp\/v2\/pages\/419\/revisions\/510"}],"up":[{"embeddable":true,"href":"http:\/\/www.ressources.univ-rennes2.fr\/cultures-numeriques-dans-l-enseignement\/plateforme\/wp-json\/wp\/v2\/pages\/417"}],"wp:attachment":[{"href":"http:\/\/www.ressources.univ-rennes2.fr\/cultures-numeriques-dans-l-enseignement\/plateforme\/wp-json\/wp\/v2\/media?parent=419"}],"curies":[{"name":"wp","href":"https:\/\/api.w.org\/{rel}","templated":true}]}}