{"id":465,"date":"2014-12-30T10:07:18","date_gmt":"2014-12-30T09:07:18","guid":{"rendered":"http:\/\/www.ressources.univ-rennes2.fr\/cultures-numeriques-dans-l-enseignement\/plateforme\/?page_id=465"},"modified":"2015-01-08T18:17:01","modified_gmt":"2015-01-08T17:17:01","slug":"2-2-1","status":"publish","type":"page","link":"http:\/\/www.ressources.univ-rennes2.fr\/cultures-numeriques-dans-l-enseignement\/plateforme\/2-des-outils-pour-ecrire-et-collaborer\/2-2-padlet\/2-2-1\/","title":{"rendered":"2.2.1 Cr\u00e9er un \u00ab\u00a0mur collaboratif\u00a0\u00bb avec Padlet"},"content":{"rendered":"<p>Padlet est une application en ligne qui permet de cr\u00e9er des murs collaboratifs. Sur ce tableau virtuel o\u00f9 l&rsquo;on peut \u00e9pingler des \u00ab\u00a0posts-it\u00a0\u00bb ou capsules de contenus num\u00e9riques, le titulaire du compte peut inviter des usagers \u00e0 co-\u00e9crire des billets textuels et \u00e0 y ins\u00e9rer images, sons ou vid\u00e9os&#8230;<\/p>\n<p>Padlet est un dispositif d&rsquo;\u00e9criture qui hybride les formats et permet donc de cr\u00e9er une mosa\u00efque de contenus multim\u00e9dias : il tient \u00e0 la fois du traitement de textes et de l&rsquo;outil d&rsquo;agr\u00e9gation de contenus. D&rsquo;une prise en main tr\u00e8s aid\u00e9e, il refl\u00e8te les \u00e9volutions des pratiques d&rsquo;\u00e9criture en ligne o\u00f9 \u00ab\u00a0la culture alphab\u00e9tique h\u00e9g\u00e9monique est partiellement supplant\u00e9e\u00a0 par la culture visuelle\u00a0\u00bb comme l&rsquo;\u00e9crit <a title=\"D F M\" href=\"http:\/\/www.ina-expert.com\/e-dossier-de-l-audiovisuel-l-education-aux-cultures-de-l-information\/la-radicalite-de-la-culture-de-l-information-a-l-ere-cyberiste.html\" target=\"_blank\">Divina Frau Meigs<\/a>, directrice du CLEMI.<\/p>\n<p>&nbsp;<\/p>\n<p><a href=\"http:\/\/www.ressources.univ-rennes2.fr\/cultures-numeriques-dans-l-enseignement\/plateforme\/wp-content\/uploads\/2014\/12\/padlet_doc_definitif2.jpg\"><img loading=\"lazy\" decoding=\"async\" class=\"aligncenter size-full wp-image-466\" alt=\"padlet_doc_definitif2\" src=\"http:\/\/www.ressources.univ-rennes2.fr\/cultures-numeriques-dans-l-enseignement\/plateforme\/wp-content\/uploads\/2014\/12\/padlet_doc_definitif2.jpg\" width=\"570\" height=\"395\" srcset=\"http:\/\/www.ressources.univ-rennes2.fr\/cultures-numeriques-dans-l-enseignement\/plateforme\/wp-content\/uploads\/2014\/12\/padlet_doc_definitif2.jpg 570w, http:\/\/www.ressources.univ-rennes2.fr\/cultures-numeriques-dans-l-enseignement\/plateforme\/wp-content\/uploads\/2014\/12\/padlet_doc_definitif2-300x207.jpg 300w\" sizes=\"auto, (max-width: 570px) 100vw, 570px\" \/><\/a><\/p>\n<p><strong>Les caract\u00e9ristiques d&rsquo;un \u00ab\u00a0mur collaboratif\u00a0\u00bb :<br \/>\n<\/strong><\/p>\n<p>&#8211; les contenus sont textuels, iconographiques, vid\u00e9os, audio&#8230;<\/p>\n<p>&#8211; les contenus peuvent \u00eatre r\u00e9agenc\u00e9s\/r\u00e9organis\u00e9s\/redispos\u00e9s selon trois modalit\u00e9s &#8211; flux comme un blog, ordre al\u00e9atoire, en grille<\/p>\n<p>-chaque contributeur ne peut modifier ou supprimer que ses contributions<br \/>\n&#8211; URL unique(personnalisable) \u00e0 partager<br \/>\n&#8211; collaborateur invit\u00e9 identifi\u00e9 et mises \u00e0 jour du mur en temps r\u00e9el<br \/>\n&#8211; chaque collaborateur invit\u00e9 pourra consulter ou modifier voire ajouter des \u00e9l\u00e9ments sur un mur<br \/>\n&#8211; le document peut \u00eatre export\u00e9 et sauvegard\u00e9 en plusieurs formats (Pdf, format image ..) ou int\u00e9gr\u00e9 \u00e0 un blog ou un site web par le biais du code d&rsquo;exportation.<\/p>\n","protected":false},"excerpt":{"rendered":"<p>Padlet est une application en ligne qui permet de cr\u00e9er des murs collaboratifs. Sur ce tableau virtuel o\u00f9 l&rsquo;on peut \u00e9pingler des \u00ab\u00a0posts-it\u00a0\u00bb ou capsules de contenus num\u00e9riques, le titulaire du compte peut inviter des usagers \u00e0 co-\u00e9crire des billets textuels et \u00e0 y ins\u00e9rer images, sons ou vid\u00e9os&#8230; Padlet est un dispositif d&rsquo;\u00e9criture qui [&hellip;]<\/p>\n","protected":false},"author":2,"featured_media":0,"parent":462,"menu_order":0,"comment_status":"open","ping_status":"open","template":"","meta":{"_acf_changed":false,"footnotes":""},"class_list":["post-465","page","type-page","status-publish","hentry"],"acf":[],"_links":{"self":[{"href":"http:\/\/www.ressources.univ-rennes2.fr\/cultures-numeriques-dans-l-enseignement\/plateforme\/wp-json\/wp\/v2\/pages\/465","targetHints":{"allow":["GET"]}}],"collection":[{"href":"http:\/\/www.ressources.univ-rennes2.fr\/cultures-numeriques-dans-l-enseignement\/plateforme\/wp-json\/wp\/v2\/pages"}],"about":[{"href":"http:\/\/www.ressources.univ-rennes2.fr\/cultures-numeriques-dans-l-enseignement\/plateforme\/wp-json\/wp\/v2\/types\/page"}],"author":[{"embeddable":true,"href":"http:\/\/www.ressources.univ-rennes2.fr\/cultures-numeriques-dans-l-enseignement\/plateforme\/wp-json\/wp\/v2\/users\/2"}],"replies":[{"embeddable":true,"href":"http:\/\/www.ressources.univ-rennes2.fr\/cultures-numeriques-dans-l-enseignement\/plateforme\/wp-json\/wp\/v2\/comments?post=465"}],"version-history":[{"count":13,"href":"http:\/\/www.ressources.univ-rennes2.fr\/cultures-numeriques-dans-l-enseignement\/plateforme\/wp-json\/wp\/v2\/pages\/465\/revisions"}],"predecessor-version":[{"id":706,"href":"http:\/\/www.ressources.univ-rennes2.fr\/cultures-numeriques-dans-l-enseignement\/plateforme\/wp-json\/wp\/v2\/pages\/465\/revisions\/706"}],"up":[{"embeddable":true,"href":"http:\/\/www.ressources.univ-rennes2.fr\/cultures-numeriques-dans-l-enseignement\/plateforme\/wp-json\/wp\/v2\/pages\/462"}],"wp:attachment":[{"href":"http:\/\/www.ressources.univ-rennes2.fr\/cultures-numeriques-dans-l-enseignement\/plateforme\/wp-json\/wp\/v2\/media?parent=465"}],"curies":[{"name":"wp","href":"https:\/\/api.w.org\/{rel}","templated":true}]}}