{"id":476,"date":"2014-12-30T10:19:59","date_gmt":"2014-12-30T09:19:59","guid":{"rendered":"http:\/\/www.ressources.univ-rennes2.fr\/cultures-numeriques-dans-l-enseignement\/plateforme\/?page_id=476"},"modified":"2015-01-14T10:10:24","modified_gmt":"2015-01-14T09:10:24","slug":"2-2-2-typlogies-dactivites-avec-padlet","status":"publish","type":"page","link":"http:\/\/www.ressources.univ-rennes2.fr\/cultures-numeriques-dans-l-enseignement\/plateforme\/2-des-outils-pour-ecrire-et-collaborer\/2-2-padlet\/2-2-2-typlogies-dactivites-avec-padlet\/","title":{"rendered":"2.2.2 Padlet \u00e0 l&rsquo;\u00e9cole"},"content":{"rendered":"<p><strong>Ressources pour se former :<\/strong><\/p>\n<p>Voici un premier <a title=\"Tutoriel Padlet\" href=\"http:\/\/www.ressources.univ-rennes2.fr\/cultures-numeriques-dans-l-enseignement\/plateforme\/wp-content\/uploads\/2014\/12\/Tutoriel-Padlet.pdf\" target=\"_blank\">tutoriel Padlet<\/a> interne \u00e0 ce cours (publication et mise en forme dans Padlet)<\/p>\n<p>Le lyc\u00e9e fran\u00e7ais d&rsquo;Istanbul propose des tutoriels en ligne pour l&rsquo;usage p\u00e9dagogique de Padlet :<\/p>\n<ul>\n<li>un <a title=\"Tuto Padlet print\" href=\"https:\/\/francaisetnumerique.wordpress.com\/2014\/11\/03\/article-recapitulatif-de-nos-experiences-avec-le-mur-collaboratif-padlet\/\" target=\"_blank\">tutoriel au format \u00ab\u00a0texte\u00a0\u00bb<\/a><\/li>\n<\/ul>\n<ul>\n<li>\u00a0un <a title=\"Tuto vid\u00e9o Padlet\" href=\"http:\/\/vimeo.com\/104496944\" target=\"_blank\">tutoriel vid\u00e9o<\/a> qui explique comment utiliser le smartphone pour enregistrer un fichier son et l&rsquo;\u00e9diter sur Padlet<\/li>\n<\/ul>\n<p><strong>Padlet et le travail collaboratif :<\/strong><\/p>\n<p>L&rsquo;interface de Padlet permet de pr\u00e9senter sous forme tr\u00e8s visuelle et personnalis\u00e9e :<\/p>\n<ul>\n<li>toute recherche d&rsquo;information sur un th\u00e8me, un personnage (document de collecte)<\/li>\n<\/ul>\n<ul>\n<li>de regrouper des prises de notes collaboratives sur un th\u00e8me (r\u00e9sultat d&rsquo;un remue-m\u00e9ninges)<\/li>\n<\/ul>\n<ul>\n<li>de pr\u00e9senter de mani\u00e8re intuitive des documents iconographiques ou vid\u00e9os r\u00e9alis\u00e9s \u00e0 partir d&rsquo;une application num\u00e9rique (texte, son, image ou vid\u00e9o r\u00e9alis\u00e9e avec un Pc, une tablette ou un smartphone)<\/li>\n<\/ul>\n<ul>\n<li>de publier le r\u00e9sultat d&rsquo;un travail d&rsquo;\u00e9quipe sous forme de mur virtuel pr\u00e9sentant une collection d&rsquo;objets documentaires<\/li>\n<\/ul>\n<p><a href=\"http:\/\/www.ressources.univ-rennes2.fr\/cultures-numeriques-dans-l-enseignement\/plateforme\/wp-content\/uploads\/2014\/12\/padlet_collaboratif2.jpg\"><img loading=\"lazy\" decoding=\"async\" class=\"aligncenter size-full wp-image-574\" alt=\"padlet_collaboratif2\" src=\"http:\/\/www.ressources.univ-rennes2.fr\/cultures-numeriques-dans-l-enseignement\/plateforme\/wp-content\/uploads\/2014\/12\/padlet_collaboratif2.jpg\" width=\"571\" height=\"372\" srcset=\"http:\/\/www.ressources.univ-rennes2.fr\/cultures-numeriques-dans-l-enseignement\/plateforme\/wp-content\/uploads\/2014\/12\/padlet_collaboratif2.jpg 571w, http:\/\/www.ressources.univ-rennes2.fr\/cultures-numeriques-dans-l-enseignement\/plateforme\/wp-content\/uploads\/2014\/12\/padlet_collaboratif2-300x195.jpg 300w\" sizes=\"auto, (max-width: 571px) 100vw, 571px\" \/><\/a><\/p>\n<p>Le lyc\u00e9e fran\u00e7ais d&rsquo;Istanbul propose un <a title=\"Bilan Padlet\" href=\"https:\/\/francaisetnumerique.wordpress.com\/2014\/02\/12\/un-padlet-pour-resumer-les-avantages-et-les-limites-rencontres-avec-lutilisation-de-padlet\/\" target=\"_blank\">Padlet <\/a>comme instrument de bilan collaboratif d&rsquo;exp\u00e9riences men\u00e9es avec cet outil<\/p>\n<p>&nbsp;<\/p>\n","protected":false},"excerpt":{"rendered":"<p>Ressources pour se former : Voici un premier tutoriel Padlet interne \u00e0 ce cours (publication et mise en forme dans Padlet) Le lyc\u00e9e fran\u00e7ais d&rsquo;Istanbul propose des tutoriels en ligne pour l&rsquo;usage p\u00e9dagogique de Padlet : un tutoriel au format \u00ab\u00a0texte\u00a0\u00bb \u00a0un tutoriel vid\u00e9o qui explique comment utiliser le smartphone pour enregistrer un fichier son [&hellip;]<\/p>\n","protected":false},"author":2,"featured_media":0,"parent":462,"menu_order":2,"comment_status":"open","ping_status":"open","template":"","meta":{"_acf_changed":false,"footnotes":""},"class_list":["post-476","page","type-page","status-publish","hentry"],"acf":[],"_links":{"self":[{"href":"http:\/\/www.ressources.univ-rennes2.fr\/cultures-numeriques-dans-l-enseignement\/plateforme\/wp-json\/wp\/v2\/pages\/476","targetHints":{"allow":["GET"]}}],"collection":[{"href":"http:\/\/www.ressources.univ-rennes2.fr\/cultures-numeriques-dans-l-enseignement\/plateforme\/wp-json\/wp\/v2\/pages"}],"about":[{"href":"http:\/\/www.ressources.univ-rennes2.fr\/cultures-numeriques-dans-l-enseignement\/plateforme\/wp-json\/wp\/v2\/types\/page"}],"author":[{"embeddable":true,"href":"http:\/\/www.ressources.univ-rennes2.fr\/cultures-numeriques-dans-l-enseignement\/plateforme\/wp-json\/wp\/v2\/users\/2"}],"replies":[{"embeddable":true,"href":"http:\/\/www.ressources.univ-rennes2.fr\/cultures-numeriques-dans-l-enseignement\/plateforme\/wp-json\/wp\/v2\/comments?post=476"}],"version-history":[{"count":24,"href":"http:\/\/www.ressources.univ-rennes2.fr\/cultures-numeriques-dans-l-enseignement\/plateforme\/wp-json\/wp\/v2\/pages\/476\/revisions"}],"predecessor-version":[{"id":870,"href":"http:\/\/www.ressources.univ-rennes2.fr\/cultures-numeriques-dans-l-enseignement\/plateforme\/wp-json\/wp\/v2\/pages\/476\/revisions\/870"}],"up":[{"embeddable":true,"href":"http:\/\/www.ressources.univ-rennes2.fr\/cultures-numeriques-dans-l-enseignement\/plateforme\/wp-json\/wp\/v2\/pages\/462"}],"wp:attachment":[{"href":"http:\/\/www.ressources.univ-rennes2.fr\/cultures-numeriques-dans-l-enseignement\/plateforme\/wp-json\/wp\/v2\/media?parent=476"}],"curies":[{"name":"wp","href":"https:\/\/api.w.org\/{rel}","templated":true}]}}