{"id":491,"date":"2014-12-30T10:34:52","date_gmt":"2014-12-30T09:34:52","guid":{"rendered":"http:\/\/www.ressources.univ-rennes2.fr\/cultures-numeriques-dans-l-enseignement\/plateforme\/?page_id=491"},"modified":"2015-01-08T19:38:32","modified_gmt":"2015-01-08T18:38:32","slug":"2-3-ecrire-avec-etherpad","status":"publish","type":"page","link":"http:\/\/www.ressources.univ-rennes2.fr\/cultures-numeriques-dans-l-enseignement\/plateforme\/2-des-outils-pour-ecrire-et-collaborer\/2-3-etherpad\/2-3-ecrire-avec-etherpad\/","title":{"rendered":"2.3.1 Ecrire \u00e0 plusieurs avec Etherpad"},"content":{"rendered":"<p>Un Pad est un \u00e9diteur de texte collaboratif collaboratif en ligne, bas\u00e9 sur le logiciel libre <a title=\"Wikipedia\" href=\"http:\/\/fr.wikipedia.org\/wiki\/EtherPad\" target=\"_blank\">Etherpad<\/a>. Plusieurs serveurs p\u00e9dagogiques h\u00e9bergent l&rsquo;application Etherpad et permettent de se cr\u00e9er gratuitement des Pad publics. Certains d&rsquo;entre eux offrent aux enseignants la possibilit\u00e9 de cr\u00e9er -sur demande- un compte d&rsquo;administrateur qui permet de g\u00e9rer et prot\u00e9ger des Pads par des mots de passe.<\/p>\n<p>&nbsp;<\/p>\n<p>Un Pad peut th\u00e9oriquement compter jusqu&rsquo;\u00e0 16 utilisateurs : ce traitement de texte en ligne devient accessible simultan\u00e9ment et affiche les contributions de chacun de mani\u00e8re synchrone. Un outil de communication fonctionne \u00e9galement sur le mod\u00e8le du \u00ab\u00a0chat\u00a0\u00bb et de la conversation qui permet de r\u00e9guler la distribution des t\u00e2ches entre scripteurs. Chaque Pad dispose d&rsquo;une adresse web publique et toute personne qui s&rsquo;y connecte peut y contribuer.<\/p>\n<p><a href=\"http:\/\/www.ressources.univ-rennes2.fr\/cultures-numeriques-dans-l-enseignement\/plateforme\/wp-content\/uploads\/2014\/12\/framapad.jpg\"><img loading=\"lazy\" decoding=\"async\" class=\"aligncenter size-full wp-image-518\" alt=\"framapad\" src=\"http:\/\/www.ressources.univ-rennes2.fr\/cultures-numeriques-dans-l-enseignement\/plateforme\/wp-content\/uploads\/2014\/12\/framapad.jpg\" width=\"586\" height=\"332\" srcset=\"http:\/\/www.ressources.univ-rennes2.fr\/cultures-numeriques-dans-l-enseignement\/plateforme\/wp-content\/uploads\/2014\/12\/framapad.jpg 586w, http:\/\/www.ressources.univ-rennes2.fr\/cultures-numeriques-dans-l-enseignement\/plateforme\/wp-content\/uploads\/2014\/12\/framapad-300x169.jpg 300w\" sizes=\"auto, (max-width: 586px) 100vw, 586px\" \/><\/a><\/p>\n<p><strong>Int\u00e9r\u00eat p\u00e9dagogique<\/strong><\/p>\n<p>Que ce soit en situation de collecte d&rsquo;information, lors de l&rsquo;\u00e9criture d&rsquo;un r\u00e9cit de fiction ou d&rsquo;un argumentaire, le Pad est un document interm\u00e9diaire, un \u00ab\u00a0brouillon\u00a0\u00bb d&rsquo;\u00e9tape qui va favoriser le travail collaboratif et qui permet le retour sur l&rsquo;activit\u00e9, l&rsquo;\u00e9change.<\/p>\n<p>Par exemple en histoire des arts, l&rsquo;enjeu de l&rsquo;\u00e9criture collaborative est de favoriser le travail d&rsquo;appropriation de documents \u00e9crits ou iconographiques. La confrontation des points de vue va permettre aux \u00e9l\u00e8ves d&rsquo;apprendre \u00e0 d\u00e9crire, expliquer, analyser une oeuvre et \u00e0 la situer dans son contexte. Toutefois il faut garder \u00e0 l&rsquo;esprit que l&rsquo;outil num\u00e9rique ne \u00ab motive \u00bb pas en soi les \u00e9l\u00e8ves : \u00ab\u00a0c\u2019est le fait de voir de l\u2019int\u00e9r\u00eat \u00e0 ce qu\u2019ils font qui les motive et qui les am\u00e8ne \u00e0 travailler\u00a0\u00bb comme l&rsquo;\u00e9crivent les auteurs d&rsquo;un sc\u00e9nario p\u00e9dagogique remarquable men\u00e9 dans <a title=\"Ac Grenoble\" href=\"http:\/\/www.ac-grenoble.fr\/disciplines\/lettres\/espace-de-publication\/public\/CRLM.pdf\" target=\"_blank\">l&rsquo;acad\u00e9mie de Grenoble<\/a>.<\/p>\n<p>Le r\u00f4le de l&rsquo;enseignant est \u00e9galement transform\u00e9 dans ce type de situation d&rsquo;apprentissage : l&rsquo;enseignant doit accepter l&rsquo;erreur et les t\u00e2tonnements comme composante du travail des \u00e9l\u00e8ves. Comme l&rsquo;\u00e9crit Jean Michel Le Baut, enseignant de lettres et \u00e9ditorialiste au <a title=\"Caf\u00e9 p\u00e9dagogique\" href=\"http:\/\/www.cafepedagogique.net\/lexpresso\/Pages\/2014\/11\/03112014Article635505983176476125.aspx\" target=\"_blank\">Caf\u00e9 p\u00e9dagogique<\/a>, <em>\u00ab\u00a0cela implique que l\u2019enseignant accepte d\u2019entrer dans une nouvelle posture, ose l\u2019\u00ab effacement attentif \u00bb, devienne pour l\u2019\u00e9l\u00e8ve-scripteur un \u00ab ami critique \u00bb, qui \u00ab commente \u00bb plut\u00f4t qu\u2019il ne \u00ab corrige \u00bb. Cela invite \u00e0 reconstruire une \u00e9valuation qui mette en place une dynamique de progr\u00e8s pour chacun et pour tous&#8230;\u00a0\u00bb<\/em><\/p>\n","protected":false},"excerpt":{"rendered":"<p>Un Pad est un \u00e9diteur de texte collaboratif collaboratif en ligne, bas\u00e9 sur le logiciel libre Etherpad. Plusieurs serveurs p\u00e9dagogiques h\u00e9bergent l&rsquo;application Etherpad et permettent de se cr\u00e9er gratuitement des Pad publics. Certains d&rsquo;entre eux offrent aux enseignants la possibilit\u00e9 de cr\u00e9er -sur demande- un compte d&rsquo;administrateur qui permet de g\u00e9rer et prot\u00e9ger des Pads [&hellip;]<\/p>\n","protected":false},"author":2,"featured_media":0,"parent":496,"menu_order":0,"comment_status":"open","ping_status":"open","template":"","meta":{"_acf_changed":false,"footnotes":""},"class_list":["post-491","page","type-page","status-publish","hentry"],"acf":[],"_links":{"self":[{"href":"http:\/\/www.ressources.univ-rennes2.fr\/cultures-numeriques-dans-l-enseignement\/plateforme\/wp-json\/wp\/v2\/pages\/491","targetHints":{"allow":["GET"]}}],"collection":[{"href":"http:\/\/www.ressources.univ-rennes2.fr\/cultures-numeriques-dans-l-enseignement\/plateforme\/wp-json\/wp\/v2\/pages"}],"about":[{"href":"http:\/\/www.ressources.univ-rennes2.fr\/cultures-numeriques-dans-l-enseignement\/plateforme\/wp-json\/wp\/v2\/types\/page"}],"author":[{"embeddable":true,"href":"http:\/\/www.ressources.univ-rennes2.fr\/cultures-numeriques-dans-l-enseignement\/plateforme\/wp-json\/wp\/v2\/users\/2"}],"replies":[{"embeddable":true,"href":"http:\/\/www.ressources.univ-rennes2.fr\/cultures-numeriques-dans-l-enseignement\/plateforme\/wp-json\/wp\/v2\/comments?post=491"}],"version-history":[{"count":10,"href":"http:\/\/www.ressources.univ-rennes2.fr\/cultures-numeriques-dans-l-enseignement\/plateforme\/wp-json\/wp\/v2\/pages\/491\/revisions"}],"predecessor-version":[{"id":724,"href":"http:\/\/www.ressources.univ-rennes2.fr\/cultures-numeriques-dans-l-enseignement\/plateforme\/wp-json\/wp\/v2\/pages\/491\/revisions\/724"}],"up":[{"embeddable":true,"href":"http:\/\/www.ressources.univ-rennes2.fr\/cultures-numeriques-dans-l-enseignement\/plateforme\/wp-json\/wp\/v2\/pages\/496"}],"wp:attachment":[{"href":"http:\/\/www.ressources.univ-rennes2.fr\/cultures-numeriques-dans-l-enseignement\/plateforme\/wp-json\/wp\/v2\/media?parent=491"}],"curies":[{"name":"wp","href":"https:\/\/api.w.org\/{rel}","templated":true}]}}