{"id":501,"date":"2014-12-30T11:05:13","date_gmt":"2014-12-30T10:05:13","guid":{"rendered":"http:\/\/www.ressources.univ-rennes2.fr\/cultures-numeriques-dans-l-enseignement\/plateforme\/?page_id=501"},"modified":"2015-01-08T19:39:46","modified_gmt":"2015-01-08T18:39:46","slug":"2-3-2-typologie-dactivites-avec-etherpad","status":"publish","type":"page","link":"http:\/\/www.ressources.univ-rennes2.fr\/cultures-numeriques-dans-l-enseignement\/plateforme\/2-des-outils-pour-ecrire-et-collaborer\/2-3-etherpad\/2-3-2-typologie-dactivites-avec-etherpad\/","title":{"rendered":"2.3.2 Etherpad \u00e0 l&rsquo;\u00e9cole"},"content":{"rendered":"<p><strong>Comment cr\u00e9er rapidement un PAD<\/strong><\/p>\n<p>Plusieurs plates-formes h\u00e9bergent gratuitement l&rsquo;application libre <a title=\"Wikipedia\" href=\"https:\/\/fr.wikipedia.org\/wiki\/EtherPad\" target=\"_blank\">Etherpad<\/a>, traitement de textes collaboratif qui \u00ab\u00a0permet par d\u00e9faut \u00e0 un maximum de seize personnes de partager simultan\u00e9ment un texte en cours d&rsquo;\u00e9laboration\u00a0\u00bb. Elles permettent de cr\u00e9er instantan\u00e9ment un document collaboratif disposant d&rsquo;une adresse web unique qu&rsquo;il suffit de communiquer aux \u00e9l\u00e8ves.<\/p>\n<p>l&rsquo;application Etherpad la plus compl\u00e8te est propos\u00e9e sur le site qu\u00e9b\u00e9cois du <a title=\"Recit.org\" href=\"http:\/\/epad.recit.org\/\" target=\"_blank\">RECIT <\/a><\/p>\n<ul>\n<li>l&rsquo;association Framasoft, sp\u00e9cialis\u00e9e dans la promotion des logiciels libres, h\u00e9berge \u00e9galement Etherpad sous le nom de <a title=\"Framapad\" href=\"http:\/\/framapad.org\/\" target=\"_blank\">Framapad<\/a><\/li>\n<\/ul>\n<ul>\n<li>le site web de l&rsquo;acad\u00e9mie de Versailles h\u00e9berge \u00e9galement son propre serveur <a title=\"Acad\u00e9mie de Versailles\" href=\"http:\/\/edu-portail.ac-versailles.fr\/aide\/edupad02.pdf\" target=\"_blank\">Etherpad (<\/a> cliquer sur communiquer\/collaborer puis choisir PAD )<\/li>\n<\/ul>\n<p><strong>Se former :<\/strong><\/p>\n<ul>\n<li>Voici un premier tutoriel <a title=\"Tutoriel Pad\" href=\"https:\/\/uhbtest.files.wordpress.com\/2014\/11\/tutoriel_etherpad.pdf\" target=\"_blank\">Etherpad <\/a>interne \u00e0 ce cours<\/li>\n<li>Voir aussi le mode d&#8217;emploi propos\u00e9 par le site de <a title=\"Tutoriel vid\u00e9o\" href=\"http:\/\/www.youtube.com\/watch?v=rOur2_XdFek\" target=\"_blank\">Canop\u00e9 Besan\u00e7on.<\/a><\/li>\n<li>De nombreux tutoriels vid\u00e9os sont disponibles sur la plate forme You Tube : nous vous recommandons celui de <a title=\"Tutoriel Jean Desjardins\" href=\"https:\/\/www.youtube.com\/watch?v=rOur2_XdFek\" target=\"_blank\">Jean Desjardin, enseignant qu\u00e9b\u00e9cois<\/a>.<\/li>\n<\/ul>\n<p><strong>Construire des sc\u00e9narios p\u00e9dagogiques<\/strong><\/p>\n<p>L&rsquo;enseignant propose des activit\u00e9s d&rsquo;\u00e9criture collaborative et r\u00e9partit les \u00e9l\u00e8ves par petits groupes. Il fixe les modalit\u00e9s de travail collaboratif :<\/p>\n<ul>\n<li>travail par petit groupe (par exemple chaque bin\u00f4me\u00a0 dispose d&rsquo;un Pad de travail et chaque membre travaille sur un ordinateur distant et ne communique pas oralement avec son partenaire). Par exemple, le commentaire d &lsquo;un document ou une \u00e9criture d&rsquo;invention)\u00a0 et la r\u00e9partition des r\u00f4les. Le Pad est l&rsquo;outil d&rsquo;\u00e9laboration du r\u00e9cit ou du commentaire. La publication sera effectu\u00e9e sur un autre support.<\/li>\n<\/ul>\n<p>&nbsp;<\/p>\n<ul>\n<li>L&rsquo;enseignant souhaite recueillir l&rsquo;ensemble des contributions d&rsquo;une classe (remue-m\u00e9ninges sur un th\u00e8me de soci\u00e9t\u00e9, \u00e9laboration d&rsquo;un questionnaire collectif ou r\u00e9daction d&rsquo;un compte rendu collectif suite \u00e0 une rencontre avec un journaliste&#8230;). Il cr\u00e9\u00e9e un Pad de classe (jusqu&rsquo;\u00e0 16 connexions simultan\u00e9es) qui permet \u00e0 l&rsquo;ensemble des groupes de publier leur contribution.<\/li>\n<\/ul>\n","protected":false},"excerpt":{"rendered":"<p>Comment cr\u00e9er rapidement un PAD Plusieurs plates-formes h\u00e9bergent gratuitement l&rsquo;application libre Etherpad, traitement de textes collaboratif qui \u00ab\u00a0permet par d\u00e9faut \u00e0 un maximum de seize personnes de partager simultan\u00e9ment un texte en cours d&rsquo;\u00e9laboration\u00a0\u00bb. Elles permettent de cr\u00e9er instantan\u00e9ment un document collaboratif disposant d&rsquo;une adresse web unique qu&rsquo;il suffit de communiquer aux \u00e9l\u00e8ves. l&rsquo;application Etherpad [&hellip;]<\/p>\n","protected":false},"author":2,"featured_media":0,"parent":496,"menu_order":2,"comment_status":"open","ping_status":"open","template":"","meta":{"_acf_changed":false,"footnotes":""},"class_list":["post-501","page","type-page","status-publish","hentry"],"acf":[],"_links":{"self":[{"href":"http:\/\/www.ressources.univ-rennes2.fr\/cultures-numeriques-dans-l-enseignement\/plateforme\/wp-json\/wp\/v2\/pages\/501","targetHints":{"allow":["GET"]}}],"collection":[{"href":"http:\/\/www.ressources.univ-rennes2.fr\/cultures-numeriques-dans-l-enseignement\/plateforme\/wp-json\/wp\/v2\/pages"}],"about":[{"href":"http:\/\/www.ressources.univ-rennes2.fr\/cultures-numeriques-dans-l-enseignement\/plateforme\/wp-json\/wp\/v2\/types\/page"}],"author":[{"embeddable":true,"href":"http:\/\/www.ressources.univ-rennes2.fr\/cultures-numeriques-dans-l-enseignement\/plateforme\/wp-json\/wp\/v2\/users\/2"}],"replies":[{"embeddable":true,"href":"http:\/\/www.ressources.univ-rennes2.fr\/cultures-numeriques-dans-l-enseignement\/plateforme\/wp-json\/wp\/v2\/comments?post=501"}],"version-history":[{"count":9,"href":"http:\/\/www.ressources.univ-rennes2.fr\/cultures-numeriques-dans-l-enseignement\/plateforme\/wp-json\/wp\/v2\/pages\/501\/revisions"}],"predecessor-version":[{"id":725,"href":"http:\/\/www.ressources.univ-rennes2.fr\/cultures-numeriques-dans-l-enseignement\/plateforme\/wp-json\/wp\/v2\/pages\/501\/revisions\/725"}],"up":[{"embeddable":true,"href":"http:\/\/www.ressources.univ-rennes2.fr\/cultures-numeriques-dans-l-enseignement\/plateforme\/wp-json\/wp\/v2\/pages\/496"}],"wp:attachment":[{"href":"http:\/\/www.ressources.univ-rennes2.fr\/cultures-numeriques-dans-l-enseignement\/plateforme\/wp-json\/wp\/v2\/media?parent=501"}],"curies":[{"name":"wp","href":"https:\/\/api.w.org\/{rel}","templated":true}]}}