{"id":535,"date":"2014-12-30T12:13:54","date_gmt":"2014-12-30T11:13:54","guid":{"rendered":"http:\/\/www.ressources.univ-rennes2.fr\/cultures-numeriques-dans-l-enseignement\/plateforme\/?page_id=535"},"modified":"2015-01-08T19:49:52","modified_gmt":"2015-01-08T18:49:52","slug":"2-4-2","status":"publish","type":"page","link":"http:\/\/www.ressources.univ-rennes2.fr\/cultures-numeriques-dans-l-enseignement\/plateforme\/2-des-outils-pour-ecrire-et-collaborer\/2-5-pinterest\/2-4-2\/","title":{"rendered":"2.4.2 Pinterest \u00e0 l&rsquo;\u00e9cole"},"content":{"rendered":"<p><strong>Se former<\/strong><\/p>\n<p>Des tutoriels en ligne permettent de prendre en main l&rsquo;outil Pinterest : le site <a href=\"http:\/\/www.netpublic.fr\/2012\/04\/comment-utiliser-pinterest-tutoriel\/\">Netpublic<\/a> les a recens\u00e9s<\/p>\n<p>Un pr\u00e9alable : configurer son navigateur pour installer l&rsquo;outil permettant d&rsquo;\u00e9pingler des images tout en naviguant sur le web<\/p>\n<ul>\n<li>Etape 1 : activer la barre personnelle du navigateur (Firefox) ou le volet des favoris d&rsquo;I explorer ou la barre de favoris (Chrome)<\/li>\n<\/ul>\n<p><a href=\"http:\/\/www.ressources.univ-rennes2.fr\/cultures-numeriques-dans-l-enseignement\/plateforme\/wp-content\/uploads\/2014\/12\/mode_op_pinterest1.jpg\"><img loading=\"lazy\" decoding=\"async\" class=\"aligncenter size-full wp-image-538\" alt=\"mode_op_pinterest1\" src=\"http:\/\/www.ressources.univ-rennes2.fr\/cultures-numeriques-dans-l-enseignement\/plateforme\/wp-content\/uploads\/2014\/12\/mode_op_pinterest1.jpg\" width=\"737\" height=\"124\" srcset=\"http:\/\/www.ressources.univ-rennes2.fr\/cultures-numeriques-dans-l-enseignement\/plateforme\/wp-content\/uploads\/2014\/12\/mode_op_pinterest1.jpg 737w, http:\/\/www.ressources.univ-rennes2.fr\/cultures-numeriques-dans-l-enseignement\/plateforme\/wp-content\/uploads\/2014\/12\/mode_op_pinterest1-300x50.jpg 300w\" sizes=\"auto, (max-width: 737px) 100vw, 737px\" \/><\/a><\/p>\n<ul>\n<li>Etape 2 : aller sur la page <a href=\"https:\/\/about.pinterest.com\/en\/goodies\">Pinterest Goodies<\/a><\/li>\n<\/ul>\n<p><a href=\"http:\/\/www.ressources.univ-rennes2.fr\/cultures-numeriques-dans-l-enseignement\/plateforme\/wp-content\/uploads\/2014\/12\/mode_op_pinterest2.jpg\"><img loading=\"lazy\" decoding=\"async\" class=\"aligncenter size-full wp-image-540\" alt=\"mode_op_pinterest2\" src=\"http:\/\/www.ressources.univ-rennes2.fr\/cultures-numeriques-dans-l-enseignement\/plateforme\/wp-content\/uploads\/2014\/12\/mode_op_pinterest2.jpg\" width=\"869\" height=\"261\" srcset=\"http:\/\/www.ressources.univ-rennes2.fr\/cultures-numeriques-dans-l-enseignement\/plateforme\/wp-content\/uploads\/2014\/12\/mode_op_pinterest2.jpg 869w, http:\/\/www.ressources.univ-rennes2.fr\/cultures-numeriques-dans-l-enseignement\/plateforme\/wp-content\/uploads\/2014\/12\/mode_op_pinterest2-300x90.jpg 300w\" sizes=\"auto, (max-width: 869px) 100vw, 869px\" \/><\/a><\/p>\n<p>Pour les enseignants, la plate forme Pinterest peut constituer tout d&rsquo;abord un outil facile \u00e0 prendre en main pour mettre \u00e0 disposition des \u00e9l\u00e8ves un choix de ressources p\u00e9dagogiques sous forme visuelle.<\/p>\n<p>Les \u00e9l\u00e8ves peuvent aussi utiliser ce r\u00e9seau social pour commenter les documents s\u00e9lectionn\u00e9s par l&rsquo;enseignant : voir le travail men\u00e9 sur la <a title=\"Mondialisation\" href=\"http:\/\/www.pinterest.com\/gadoriole\/mondialisation-et-diversit%C3%A9-culturelle\/\" target=\"_blank\">mondialisation<\/a> par Laurence Juin, enseignante de lettres et hitoire-g\u00e9ographie en lyc\u00e9e professionnel.<\/p>\n<p>Les \u00e9l\u00e8ves deviennent ensuite\u00a0 producteurs de contenus dans Pinterest et collaborent \u00e0 cr\u00e9er des tableaux ou collections d&rsquo;images : coups de coeur de lectures, mus\u00e9es imaginaires, les sc\u00e9narios p\u00e9dagogiques sont bas\u00e9s sur la recherche, le r\u00e9f\u00e9rencement et le commentaire des images selon une charte d&rsquo;usage et un sc\u00e9nario fix\u00e9 et \u00e9valu\u00e9 par le professeur. Ils peuvent soit contribuer au compte Pinterest de la classe, soit cr\u00e9er un compte par groupe de travail (chaque tableau cr\u00e9\u00e9 dans Pinterest peut \u00eatre aliment\u00e9 de mani\u00e8re collaborative : voir l&rsquo;option modifier le tableau\/inviter des collaborateurs par mail).<br \/>\n&nbsp;<br \/>\n<strong>Encadrer l&rsquo;usage d&rsquo;un r\u00e9seau social :<\/strong><\/p>\n<p>D\u00e8s lors que l&rsquo;on utilise un r\u00e9seau social au sein de la classe, il est n\u00e9cessaire d&rsquo;en encadrer les pratiques au niveau juridique. Il est n\u00e9cessaire de r\u00e9diger une charte sp\u00e9cifique destin\u00e9e \u00e0 informer et responsabiliser les \u00e9l\u00e8ves. Il sera n\u00e9cessaire \u00e9galement d&rsquo;obtenir l&rsquo;accord de la Direction et des parents (cas des images mises en ligne).<\/p>\n<p>Cliquer sur le sch\u00e9ma ci-dessous pour l&rsquo;agrandir (document r\u00e9alis\u00e9 \u00e0 partir d&rsquo;un travail de <a title=\"Charte Laurence Juin\" href=\"https:\/\/maonziemeannee.wordpress.com\/2011\/09\/16\/nouvelle-charte-dusages-des-outils-du-web-2-0-en-classe\/\" target=\"_blank\">Laurence Juin<\/a>)<br \/>\n<a title=\"Charte usage des r\u00e9seaux sociaux\" href=\"http:\/\/www.ressources.univ-rennes2.fr\/cultures-numeriques-dans-l-enseignement\/plateforme\/wp-content\/uploads\/2014\/12\/charte_reseaux_sociaux.pdf\" target=\"_blank\"><img loading=\"lazy\" decoding=\"async\" class=\"aligncenter size-full wp-image-541\" alt=\"carte_charte_reseaux\" src=\"http:\/\/www.ressources.univ-rennes2.fr\/cultures-numeriques-dans-l-enseignement\/plateforme\/wp-content\/uploads\/2014\/12\/carte_charte_reseaux.jpg\" width=\"498\" height=\"276\" srcset=\"http:\/\/www.ressources.univ-rennes2.fr\/cultures-numeriques-dans-l-enseignement\/plateforme\/wp-content\/uploads\/2014\/12\/carte_charte_reseaux.jpg 498w, http:\/\/www.ressources.univ-rennes2.fr\/cultures-numeriques-dans-l-enseignement\/plateforme\/wp-content\/uploads\/2014\/12\/carte_charte_reseaux-300x166.jpg 300w\" sizes=\"auto, (max-width: 498px) 100vw, 498px\" \/><\/a><\/p>\n<p>&nbsp;<\/p>\n<p>&nbsp;<\/p>\n","protected":false},"excerpt":{"rendered":"<p>Se former Des tutoriels en ligne permettent de prendre en main l&rsquo;outil Pinterest : le site Netpublic les a recens\u00e9s Un pr\u00e9alable : configurer son navigateur pour installer l&rsquo;outil permettant d&rsquo;\u00e9pingler des images tout en naviguant sur le web Etape 1 : activer la barre personnelle du navigateur (Firefox) ou le volet des favoris d&rsquo;I [&hellip;]<\/p>\n","protected":false},"author":2,"featured_media":0,"parent":455,"menu_order":2,"comment_status":"open","ping_status":"open","template":"","meta":{"_acf_changed":false,"footnotes":""},"class_list":["post-535","page","type-page","status-publish","hentry"],"acf":[],"_links":{"self":[{"href":"http:\/\/www.ressources.univ-rennes2.fr\/cultures-numeriques-dans-l-enseignement\/plateforme\/wp-json\/wp\/v2\/pages\/535","targetHints":{"allow":["GET"]}}],"collection":[{"href":"http:\/\/www.ressources.univ-rennes2.fr\/cultures-numeriques-dans-l-enseignement\/plateforme\/wp-json\/wp\/v2\/pages"}],"about":[{"href":"http:\/\/www.ressources.univ-rennes2.fr\/cultures-numeriques-dans-l-enseignement\/plateforme\/wp-json\/wp\/v2\/types\/page"}],"author":[{"embeddable":true,"href":"http:\/\/www.ressources.univ-rennes2.fr\/cultures-numeriques-dans-l-enseignement\/plateforme\/wp-json\/wp\/v2\/users\/2"}],"replies":[{"embeddable":true,"href":"http:\/\/www.ressources.univ-rennes2.fr\/cultures-numeriques-dans-l-enseignement\/plateforme\/wp-json\/wp\/v2\/comments?post=535"}],"version-history":[{"count":12,"href":"http:\/\/www.ressources.univ-rennes2.fr\/cultures-numeriques-dans-l-enseignement\/plateforme\/wp-json\/wp\/v2\/pages\/535\/revisions"}],"predecessor-version":[{"id":735,"href":"http:\/\/www.ressources.univ-rennes2.fr\/cultures-numeriques-dans-l-enseignement\/plateforme\/wp-json\/wp\/v2\/pages\/535\/revisions\/735"}],"up":[{"embeddable":true,"href":"http:\/\/www.ressources.univ-rennes2.fr\/cultures-numeriques-dans-l-enseignement\/plateforme\/wp-json\/wp\/v2\/pages\/455"}],"wp:attachment":[{"href":"http:\/\/www.ressources.univ-rennes2.fr\/cultures-numeriques-dans-l-enseignement\/plateforme\/wp-json\/wp\/v2\/media?parent=535"}],"curies":[{"name":"wp","href":"https:\/\/api.w.org\/{rel}","templated":true}]}}