{"id":553,"date":"2014-12-30T15:33:17","date_gmt":"2014-12-30T14:33:17","guid":{"rendered":"http:\/\/www.ressources.univ-rennes2.fr\/cultures-numeriques-dans-l-enseignement\/plateforme\/?page_id=553"},"modified":"2015-01-18T10:59:23","modified_gmt":"2015-01-18T09:59:23","slug":"2-1-les-enjeux-de-lecriture-collaborative","status":"publish","type":"page","link":"http:\/\/www.ressources.univ-rennes2.fr\/cultures-numeriques-dans-l-enseignement\/plateforme\/2-des-outils-pour-ecrire-et-collaborer\/2-1-les-enjeux-de-lecriture-collaborative\/","title":{"rendered":"2.1 Les enjeux p\u00e9dagogiques de l&rsquo;\u00e9criture collaborative"},"content":{"rendered":"<p><strong>Dans cette partie, nous allons pr\u00e9senter un certain nombre d\u2019outils.<\/strong>\u00a0Nous les avons choisis parmi beaucoup d\u2019autres pour illustrer l\u2019\u00e9ventail des fonctions \u00a0de l\u2019\u00e9criture num\u00e9rique collaborative d\u2019une part et pour leur stabilit\u00e9 d\u2019autre part.<\/p>\n<p><strong>Cette pr\u00e9sentation se fera selon un plan en 3 \u00a0parties :<\/strong><\/p>\n<ol>\n<li><strong>Fonction centrale et services associ\u00e9s\u00a0<\/strong><\/li>\n<li><b>Aides \u00e0 la mise en \u0153uvre en contexte scolaire<\/b><\/li>\n<li><b>Exemples d\u2019utilisation<br \/>\n<\/b><\/li>\n<\/ol>\n<p>L&rsquo;objectif est de proposer \u00e0 l&rsquo;enseignant une m\u00e9thodologie\u00a0 et des ressources pour s&rsquo;approprier de nouvelles pratiques de l&rsquo;\u00e9criture qui vont lui permettre de valoriser le processus de production des textes et des m\u00e9dias, la co-construction des argumentaires, des annotations et des commentaires. En effet, un des int\u00e9r\u00eats majeurs de ces outils du web est de r\u00e9habiliter la place du \u00ab brouillon \u00bb et des \u00e9crits interm\u00e9diaires ou \u00ab\u00a0r\u00e9flexifs\u00a0\u00bb (annotations, commentaires, reprises\u2026) dans la construction des apprentissages (pour une d\u00e9finition de la port\u00e9e des \u00ab\u00a0\u00e9crits r\u00e9flexifs\u00a0\u00bb, lire la<a title=\"M Cellier\" href=\"http:\/\/www2.ac-lyon.fr\/etab\/ien\/loire\/andrezieux-sud\/IMG\/pdf\/Les_ecrits_reflexifs.pdf\" target=\"_blank\"> contribution de Micheline Cellier<\/a>, formatrice en didactique des lettres \u00e0 l&rsquo;Esp\u00e9 de Montpellier).<\/p>\n<p>Plut\u00f4t que d&rsquo;\u00e9valuer uniquement la production finale, l&rsquo;enseignant change\u00a0ainsi de posture et accompagne les \u00e9tapes du processus d&rsquo;\u00e9criture. C\u2019est dans cette approche r\u00e9flexive de l&rsquo;\u00e9criture ouverte et collaborative que les portfolios comme Padlet, les traitement de textes collaboratif de type Etherpad, les r\u00e9seaux sociaux comme Pinterest et Twitter apportent une r\u00e9elle \u00ab\u00a0plus-value p\u00e9dagogique\u00a0\u00bb.<\/p>\n<p>Ce mod\u00e8le p\u00e9dagogique bas\u00e9 sur le d\u00e9veloppement de comp\u00e9tences permet \u00e9galement de valider des items du B2i en fonction du parcours de l&rsquo;\u00e9l\u00e8ve avec les outils num\u00e9riques. L&rsquo;accent doit \u00eatre mis \u00e9galement sur la responsabilisation de celui-ci \u00e0 l&rsquo;usage de ces nouveaux m\u00e9dias comme le mod\u00e9lise la matrice ci-dessous qui sera souvent cit\u00e9e dans les sc\u00e9narios p\u00e9dagogiques pr\u00e9sent\u00e9s (cliquer sur le sch\u00e9ma pour l&rsquo;agrandir).<\/p>\n<p><a title=\"sch\u00e9ma\" href=\"http:\/\/www.ressources.univ-rennes2.fr\/cultures-numeriques-dans-l-enseignement\/plateforme\/wp-content\/uploads\/2014\/12\/charte_reseaux_sociaux.pdf\" target=\"_blank\"><img loading=\"lazy\" decoding=\"async\" class=\"aligncenter size-full wp-image-541\" alt=\"carte_charte_reseaux\" src=\"http:\/\/www.ressources.univ-rennes2.fr\/cultures-numeriques-dans-l-enseignement\/plateforme\/wp-content\/uploads\/2014\/12\/carte_charte_reseaux.jpg\" width=\"498\" height=\"276\" srcset=\"http:\/\/www.ressources.univ-rennes2.fr\/cultures-numeriques-dans-l-enseignement\/plateforme\/wp-content\/uploads\/2014\/12\/carte_charte_reseaux.jpg 498w, http:\/\/www.ressources.univ-rennes2.fr\/cultures-numeriques-dans-l-enseignement\/plateforme\/wp-content\/uploads\/2014\/12\/carte_charte_reseaux-300x166.jpg 300w\" sizes=\"auto, (max-width: 498px) 100vw, 498px\" \/><\/a><\/p>\n<p>&nbsp;<\/p>\n","protected":false},"excerpt":{"rendered":"<p>Dans cette partie, nous allons pr\u00e9senter un certain nombre d\u2019outils.\u00a0Nous les avons choisis parmi beaucoup d\u2019autres pour illustrer l\u2019\u00e9ventail des fonctions \u00a0de l\u2019\u00e9criture num\u00e9rique collaborative d\u2019une part et pour leur stabilit\u00e9 d\u2019autre part. Cette pr\u00e9sentation se fera selon un plan en 3 \u00a0parties : Fonction centrale et services associ\u00e9s\u00a0 Aides \u00e0 la mise en \u0153uvre [&hellip;]<\/p>\n","protected":false},"author":2,"featured_media":0,"parent":36,"menu_order":0,"comment_status":"open","ping_status":"open","template":"","meta":{"_acf_changed":false,"footnotes":""},"class_list":["post-553","page","type-page","status-publish","hentry"],"acf":[],"_links":{"self":[{"href":"http:\/\/www.ressources.univ-rennes2.fr\/cultures-numeriques-dans-l-enseignement\/plateforme\/wp-json\/wp\/v2\/pages\/553","targetHints":{"allow":["GET"]}}],"collection":[{"href":"http:\/\/www.ressources.univ-rennes2.fr\/cultures-numeriques-dans-l-enseignement\/plateforme\/wp-json\/wp\/v2\/pages"}],"about":[{"href":"http:\/\/www.ressources.univ-rennes2.fr\/cultures-numeriques-dans-l-enseignement\/plateforme\/wp-json\/wp\/v2\/types\/page"}],"author":[{"embeddable":true,"href":"http:\/\/www.ressources.univ-rennes2.fr\/cultures-numeriques-dans-l-enseignement\/plateforme\/wp-json\/wp\/v2\/users\/2"}],"replies":[{"embeddable":true,"href":"http:\/\/www.ressources.univ-rennes2.fr\/cultures-numeriques-dans-l-enseignement\/plateforme\/wp-json\/wp\/v2\/comments?post=553"}],"version-history":[{"count":16,"href":"http:\/\/www.ressources.univ-rennes2.fr\/cultures-numeriques-dans-l-enseignement\/plateforme\/wp-json\/wp\/v2\/pages\/553\/revisions"}],"predecessor-version":[{"id":876,"href":"http:\/\/www.ressources.univ-rennes2.fr\/cultures-numeriques-dans-l-enseignement\/plateforme\/wp-json\/wp\/v2\/pages\/553\/revisions\/876"}],"up":[{"embeddable":true,"href":"http:\/\/www.ressources.univ-rennes2.fr\/cultures-numeriques-dans-l-enseignement\/plateforme\/wp-json\/wp\/v2\/pages\/36"}],"wp:attachment":[{"href":"http:\/\/www.ressources.univ-rennes2.fr\/cultures-numeriques-dans-l-enseignement\/plateforme\/wp-json\/wp\/v2\/media?parent=553"}],"curies":[{"name":"wp","href":"https:\/\/api.w.org\/{rel}","templated":true}]}}