{"id":561,"date":"2014-12-30T16:04:12","date_gmt":"2014-12-30T15:04:12","guid":{"rendered":"http:\/\/www.ressources.univ-rennes2.fr\/cultures-numeriques-dans-l-enseignement\/plateforme\/?page_id=561"},"modified":"2015-01-08T19:37:15","modified_gmt":"2015-01-08T18:37:15","slug":"2-2-3-exemples-dactivites","status":"publish","type":"page","link":"http:\/\/www.ressources.univ-rennes2.fr\/cultures-numeriques-dans-l-enseignement\/plateforme\/2-des-outils-pour-ecrire-et-collaborer\/2-2-padlet\/2-2-3-exemples-dactivites\/","title":{"rendered":"2.2.3 Exemples d&rsquo;activit\u00e9s"},"content":{"rendered":"<p><strong>Partager des contenus num\u00e9riques de types diff\u00e9rents avec Padlet.<\/strong><\/p>\n<ul>\n<li><strong>Collecter<\/strong> :\u00a0les activit\u00e9s de collecte sont tr\u00e8s simples \u00e0 mettre en oeuvre. Le travail peut \u00eatre men\u00e9 en petit groupe (bin\u00f4me) ou en groupe classe : attention \u00e0 ne pas aboutir \u00e0 des murs pl\u00e9thoriques qui ne garantiraient plus de lisibilit\u00e9. Au del\u00e0 de la simple collecte, il faut amener les \u00e9l\u00e8ves \u00e0 identifier et r\u00e9f\u00e9rencer les sources des documents et des informations collect\u00e9es.<\/li>\n<\/ul>\n<p>&nbsp;<\/p>\n<ul>\n<li><strong>Collaborer<\/strong> : Padlet peut \u00eatre utilis\u00e9 facilement utilis\u00e9 comme \u00e9diteur de textes collaboratif : les \u00e9l\u00e8ves de la classe ou du groupe vont chacun saisir sur le mur leur contribution, leur r\u00e9ponse \u00e0 une question (par exemple, les questions \u00e0 poser avant la rencontre avec un auteur ou un journaliste.\u00a0Le texte produit de mani\u00e8re collaborative peut \u00eatre export\u00e9 comme un fichier texte au format PDF.<\/li>\n<\/ul>\n<p><a href=\"http:\/\/www.ressources.univ-rennes2.fr\/cultures-numeriques-dans-l-enseignement\/plateforme\/wp-content\/uploads\/2014\/12\/padlet-presse.jpg\"><img loading=\"lazy\" decoding=\"async\" class=\"aligncenter size-full wp-image-577\" alt=\"padlet-presse\" src=\"http:\/\/www.ressources.univ-rennes2.fr\/cultures-numeriques-dans-l-enseignement\/plateforme\/wp-content\/uploads\/2014\/12\/padlet-presse.jpg\" width=\"571\" height=\"392\" srcset=\"http:\/\/www.ressources.univ-rennes2.fr\/cultures-numeriques-dans-l-enseignement\/plateforme\/wp-content\/uploads\/2014\/12\/padlet-presse.jpg 571w, http:\/\/www.ressources.univ-rennes2.fr\/cultures-numeriques-dans-l-enseignement\/plateforme\/wp-content\/uploads\/2014\/12\/padlet-presse-300x205.jpg 300w\" sizes=\"auto, (max-width: 571px) 100vw, 571px\" \/><\/a><\/p>\n<ul>\n<li><strong>publier :<\/strong> Padlet peut \u00eatre utilis\u00e9, non seulement comme document interm\u00e9diaire ou comme \u00ab\u00a0brouillon\u00a0\u00bb mais aussi comme outil de publication en ligne de la production des \u00e9l\u00e8ves. Son usage est possible dans diff\u00e9rentes configurations : soit en salle informatique ou en salle de cours avec utilisation par les \u00e9l\u00e8ves de supports mobiles (tablettes ou smartphones).Ce dernier cas de figure est plus complexe \u00e0 mettre en oeuvre et n\u00e9cessite de bien encadrer la publication de documents par une charte (respect du droit de l&rsquo;image, du droit de l&rsquo;information). Il met en jeu des questions d&rsquo;identit\u00e9 num\u00e9rique et permet de responsabiliser les \u00e9l\u00e8ves vis vis de leurs pratiques d&rsquo;\u00e9dition sur les r\u00e9seaux sociaux en dehors de l&rsquo;\u00e9cole.<\/li>\n<\/ul>\n<p>&nbsp;<\/p>\n<p>Consulter la carte heuristique de ce cours afin de cibler les comp\u00e9tences du B2i mises en jeu dans une activit\u00e9 de publication avec Padlet (cliquer sur le sch\u00e9ma ci-dessous)<\/p>\n<div align=\"CENTER\"><a title=\"Carte mentale B2i\" href=\"http:\/\/www.ressources.univ-rennes2.fr\/cultures-numeriques-dans-l-enseignement\/plateforme\/wp-content\/uploads\/2014\/12\/charte_reseaux_sociaux.pdf\" target=\"_blank\"><img loading=\"lazy\" decoding=\"async\" class=\"size-thumbnail wp-image-541 aligncenter\" alt=\"carte_charte_reseaux\" src=\"http:\/\/www.ressources.univ-rennes2.fr\/cultures-numeriques-dans-l-enseignement\/plateforme\/wp-content\/uploads\/2014\/12\/carte_charte_reseaux-150x150.jpg\" width=\"150\" height=\"150\" \/><\/a><\/div>\n","protected":false},"excerpt":{"rendered":"<p>Partager des contenus num\u00e9riques de types diff\u00e9rents avec Padlet. Collecter :\u00a0les activit\u00e9s de collecte sont tr\u00e8s simples \u00e0 mettre en oeuvre. Le travail peut \u00eatre men\u00e9 en petit groupe (bin\u00f4me) ou en groupe classe : attention \u00e0 ne pas aboutir \u00e0 des murs pl\u00e9thoriques qui ne garantiraient plus de lisibilit\u00e9. Au del\u00e0 de la simple [&hellip;]<\/p>\n","protected":false},"author":2,"featured_media":0,"parent":462,"menu_order":3,"comment_status":"open","ping_status":"open","template":"","meta":{"_acf_changed":false,"footnotes":""},"class_list":["post-561","page","type-page","status-publish","hentry"],"acf":[],"_links":{"self":[{"href":"http:\/\/www.ressources.univ-rennes2.fr\/cultures-numeriques-dans-l-enseignement\/plateforme\/wp-json\/wp\/v2\/pages\/561","targetHints":{"allow":["GET"]}}],"collection":[{"href":"http:\/\/www.ressources.univ-rennes2.fr\/cultures-numeriques-dans-l-enseignement\/plateforme\/wp-json\/wp\/v2\/pages"}],"about":[{"href":"http:\/\/www.ressources.univ-rennes2.fr\/cultures-numeriques-dans-l-enseignement\/plateforme\/wp-json\/wp\/v2\/types\/page"}],"author":[{"embeddable":true,"href":"http:\/\/www.ressources.univ-rennes2.fr\/cultures-numeriques-dans-l-enseignement\/plateforme\/wp-json\/wp\/v2\/users\/2"}],"replies":[{"embeddable":true,"href":"http:\/\/www.ressources.univ-rennes2.fr\/cultures-numeriques-dans-l-enseignement\/plateforme\/wp-json\/wp\/v2\/comments?post=561"}],"version-history":[{"count":21,"href":"http:\/\/www.ressources.univ-rennes2.fr\/cultures-numeriques-dans-l-enseignement\/plateforme\/wp-json\/wp\/v2\/pages\/561\/revisions"}],"predecessor-version":[{"id":723,"href":"http:\/\/www.ressources.univ-rennes2.fr\/cultures-numeriques-dans-l-enseignement\/plateforme\/wp-json\/wp\/v2\/pages\/561\/revisions\/723"}],"up":[{"embeddable":true,"href":"http:\/\/www.ressources.univ-rennes2.fr\/cultures-numeriques-dans-l-enseignement\/plateforme\/wp-json\/wp\/v2\/pages\/462"}],"wp:attachment":[{"href":"http:\/\/www.ressources.univ-rennes2.fr\/cultures-numeriques-dans-l-enseignement\/plateforme\/wp-json\/wp\/v2\/media?parent=561"}],"curies":[{"name":"wp","href":"https:\/\/api.w.org\/{rel}","templated":true}]}}