{"id":7,"date":"2014-01-16T08:50:05","date_gmt":"2014-01-16T07:50:05","guid":{"rendered":"http:\/\/www.ressources.univ-rennes2.fr\/cultures-numeriques-dans-l-enseignement\/plateforme\/?page_id=7"},"modified":"2015-10-26T11:05:13","modified_gmt":"2015-10-26T10:05:13","slug":"pistes-pedagogiques","status":"publish","type":"page","link":"http:\/\/www.ressources.univ-rennes2.fr\/cultures-numeriques-dans-l-enseignement\/plateforme\/pistes-pedagogiques\/","title":{"rendered":"Pistes p\u00e9dagogiques"},"content":{"rendered":"<p><strong>Publier en ligne : les plates-formes en ligne utiles pour concevoir des sc\u00e9narios p\u00e9dagogiques<\/strong><\/p>\n<p>Un inventaire des outils de publication en ligne utile pour l&rsquo;enseignement r\u00e9alis\u00e9 sous forme de carte mentale par H\u00e9l\u00e8ne Mulot, professeur-documentaliste<\/p>\n<p><a href=\"https:\/\/www.mindomo.com\/fr\/mindmap\/fda8ef0e80124e78b5a233b896197fda\" target=\"_blank\">https:\/\/www.mindomo.com\/fr\/mindmap\/fda8ef0e80124e78b5a233b896197fda<\/a><\/p>\n<p>&nbsp;<\/p>\n<p><strong>Questionner le mod\u00e8le \u00e9conomique de la plate forme Pinterest<\/strong><\/p>\n<p align=\"JUSTIFY\">Le r\u00e9seau social Pinterest\u00a0 respecte-t-il strictement les termes du droit d\u2019auteur ? voir ce que cette plate-forme stipule dans sa charte en ligne : <a title=\"Pinterest et le droit d'auteur\" href=\"https:\/\/about.pinterest.com\/fr\/copyright\" target=\"_blank\">https:\/\/about.pinterest.com\/fr\/copyright<\/a> lire cet article provenant du site personnel de Lionel Maurel, juriste et biblioth\u00e9caire : Maurel, Lionel.\u00a0 <em>\u00ab\u00a0Pinterest se pique au droit d\u2019auteur\u00a0\u00bb\u00a0<\/em> [en ligne] blog S.I Lex, mars 2012\u00a0 <a title=\"Pinterest et le droit d'auteur\" href=\"http:\/\/scinfolex.com\/2012\/03\/02\/pinterest-se-pique-aux-regles-du-droit-dauteur\/\" target=\"_blank\">http:\/\/scinfolex.com\/2012\/03\/02\/pinterest-se-pique-aux-regles-du-droit-dauteur\/<\/a> Connaissez-vous d\u2019autres plates-formes num\u00e9riques bas\u00e9es sur le partage d\u2019images en ligne ? Sont-elles bas\u00e9es sur le m\u00eame mod\u00e8le \u00e9conomique ?<\/p>\n<p><strong>Le cadre juridique de circulation et d\u2019usage des images sur le web<\/strong><\/p>\n<p>Connaissez-vous le cadre juridique de circulation des images sur le web ?<\/p>\n<p>Que pensez-vous ce ce qu\u2019\u00e9crit le juriste Lionel Maurel sur son blog :<em> \u00ab\u00a0ce sont surtout les pratiques de partages de contenus sous Copyleft qui changent aujourd\u2019hui la donne. Le droit aux images n\u2019existe pas dans la loi, mais il s\u2019est fray\u00e9 tout de m\u00eame un chemin de mani\u00e8re empirique \u00e0 travers les usages du web\u2026\u00a0\u00bb<\/em><\/p>\n<p>Maurel, Lionel \u00ab\u00a0<em>R\u00e9utiliser des images en ligne : entre Copyright, Copyleft et \u2026 Copydown ?<\/em> \u00a0\u00bb [en ligne] blog S.I Lex, 22 septembre 2009\u00a0 <a title=\"Droit de l'image\" href=\"http:\/\/scinfolex.com\/2009\/09\/22\/reutiliser-des-images-en-ligne-entre-copyright-copyleft-et-copydown\/\" target=\"_blank\">http:\/\/scinfolex.com\/2009\/09\/22\/reutiliser-des-images-en-ligne-entre-copyright-copyleft-et-copydown\/<\/a><\/p>\n<p>&nbsp;<\/p>\n","protected":false},"excerpt":{"rendered":"<p>Publier en ligne : les plates-formes en ligne utiles pour concevoir des sc\u00e9narios p\u00e9dagogiques Un inventaire des outils de publication en ligne utile pour l&rsquo;enseignement r\u00e9alis\u00e9 sous forme de carte mentale par H\u00e9l\u00e8ne Mulot, professeur-documentaliste https:\/\/www.mindomo.com\/fr\/mindmap\/fda8ef0e80124e78b5a233b896197fda &nbsp; Questionner le mod\u00e8le \u00e9conomique de la plate forme Pinterest Le r\u00e9seau social Pinterest\u00a0 respecte-t-il strictement les termes du [&hellip;]<\/p>\n","protected":false},"author":5,"featured_media":0,"parent":0,"menu_order":0,"comment_status":"open","ping_status":"open","template":"","meta":{"_acf_changed":false,"footnotes":""},"class_list":["post-7","page","type-page","status-publish","hentry"],"acf":[],"_links":{"self":[{"href":"http:\/\/www.ressources.univ-rennes2.fr\/cultures-numeriques-dans-l-enseignement\/plateforme\/wp-json\/wp\/v2\/pages\/7","targetHints":{"allow":["GET"]}}],"collection":[{"href":"http:\/\/www.ressources.univ-rennes2.fr\/cultures-numeriques-dans-l-enseignement\/plateforme\/wp-json\/wp\/v2\/pages"}],"about":[{"href":"http:\/\/www.ressources.univ-rennes2.fr\/cultures-numeriques-dans-l-enseignement\/plateforme\/wp-json\/wp\/v2\/types\/page"}],"author":[{"embeddable":true,"href":"http:\/\/www.ressources.univ-rennes2.fr\/cultures-numeriques-dans-l-enseignement\/plateforme\/wp-json\/wp\/v2\/users\/5"}],"replies":[{"embeddable":true,"href":"http:\/\/www.ressources.univ-rennes2.fr\/cultures-numeriques-dans-l-enseignement\/plateforme\/wp-json\/wp\/v2\/comments?post=7"}],"version-history":[{"count":4,"href":"http:\/\/www.ressources.univ-rennes2.fr\/cultures-numeriques-dans-l-enseignement\/plateforme\/wp-json\/wp\/v2\/pages\/7\/revisions"}],"predecessor-version":[{"id":1212,"href":"http:\/\/www.ressources.univ-rennes2.fr\/cultures-numeriques-dans-l-enseignement\/plateforme\/wp-json\/wp\/v2\/pages\/7\/revisions\/1212"}],"wp:attachment":[{"href":"http:\/\/www.ressources.univ-rennes2.fr\/cultures-numeriques-dans-l-enseignement\/plateforme\/wp-json\/wp\/v2\/media?parent=7"}],"curies":[{"name":"wp","href":"https:\/\/api.w.org\/{rel}","templated":true}]}}