{"id":766,"date":"2015-01-09T22:23:53","date_gmt":"2015-01-09T21:23:53","guid":{"rendered":"http:\/\/www.ressources.univ-rennes2.fr\/cultures-numeriques-dans-l-enseignement\/plateforme\/?page_id=766"},"modified":"2015-10-22T14:09:32","modified_gmt":"2015-10-22T13:09:32","slug":"3-3-autres-exemples-en-formation-detudiants","status":"publish","type":"page","link":"http:\/\/www.ressources.univ-rennes2.fr\/cultures-numeriques-dans-l-enseignement\/plateforme\/3-des-projets-collaboratifs\/3-3-autres-exemples-en-formation-detudiants\/","title":{"rendered":"3.3 Autres exemples en formation professionnelle"},"content":{"rendered":"<p><strong>Voici d&rsquo;autres exemples de travaux r\u00e9alis\u00e9s par les \u00e9tudiants en\u00a0<\/strong><strong style=\"line-height: 1.5em;\">master MEEF :<\/strong><\/p>\n<p><strong>\u00a0A l&rsquo;Espe de Strasbourg :<\/strong><a href=\"http:\/\/espe-formation.unistra.fr\/tcnum\/\"> des posters sur un ensemble de th\u00e8mes<\/a><a href=\"http:\/\/espe-formation.unistra.fr\/tcnum\/\"><img loading=\"lazy\" decoding=\"async\" class=\"size-medium wp-image-971 alignright\" src=\"http:\/\/www.ressources.univ-rennes2.fr\/cultures-numeriques-dans-l-enseignement\/plateforme\/wp-content\/uploads\/2015\/01\/Strasbourg-167x300.jpg\" alt=\"Strasbourg\" width=\"167\" height=\"300\" srcset=\"http:\/\/www.ressources.univ-rennes2.fr\/cultures-numeriques-dans-l-enseignement\/plateforme\/wp-content\/uploads\/2015\/01\/Strasbourg-167x300.jpg 167w, http:\/\/www.ressources.univ-rennes2.fr\/cultures-numeriques-dans-l-enseignement\/plateforme\/wp-content\/uploads\/2015\/01\/Strasbourg.jpg 210w\" sizes=\"auto, (max-width: 167px) 100vw, 167px\" \/><\/a><\/p>\n<p><strong style=\"line-height: 1.5em;\">\u00a0A l&rsquo;Espe de Bretagne : des travaux de\u00a0<\/strong><strong style=\"line-height: 1.5em;\">M1 dans le cadre de l&rsquo;UE \u00ab\u00a0Cultures num\u00e9riques\u00a0\u00bb et de professeurs stagiaires en M2 dans le cadre de l&rsquo;UE \u00ab\u00a0P\u00e9dagogie et num\u00e9rique\u00a0\u00bb :<\/strong><\/p>\n<blockquote>\n<ul>\n<li><span style=\"line-height: 1.5em;\">en PE : Journal num\u00e9rique scolaire: coop\u00e9rer, \u00e9changer, partager.\u00a0<\/span><a style=\"line-height: 1.5em;\" href=\"https:\/\/www.toutemonannee.com\/\">Il se pr\u00e9sente sous la forme d&rsquo;un journal<\/a><span style=\"line-height: 1.5em;\">.<\/span><\/li>\n<li>en PLC :\u00a0<a style=\"line-height: 1.5em;\" href=\"http:\/\/epsvideo.portfoliobox.fr\">La vid\u00e9o en EPS<\/a><\/li>\n<li style=\"text-align: left;\">en PLC Documentation :<\/li>\n<\/ul>\n<p>&#8211;\u00a0<a href=\"http:\/\/fr.padlet.com\/paillard_chloe\/jj26lh13b4eh\">P\u00e9dagogie num\u00e9rique et \u00e9l\u00e8ves \u00e0 besoins particuliers<\/a>\u00a0(un Padlet collaboratif tr\u00e8s riche)<br \/>\n&#8211; <a href=\"https:\/\/m2docgamification.wordpress.com\/\">La gamification de l&rsquo;\u00e9ducation<\/a><\/p><\/blockquote>\n<blockquote><p>&#8211; <a href=\"Papier \/ Crayon 2.0\">Papier \/ cayons 2.0<\/a>\u00a0sur Facebook !<\/p><\/blockquote>\n<blockquote><p>&#8211;<\/p><\/blockquote>\n","protected":false},"excerpt":{"rendered":"<p>Voici d&rsquo;autres exemples de travaux r\u00e9alis\u00e9s par les \u00e9tudiants en\u00a0master MEEF : \u00a0A l&rsquo;Espe de Strasbourg : des posters sur un ensemble de th\u00e8mes \u00a0A l&rsquo;Espe de Bretagne : des travaux de\u00a0M1 dans le cadre de l&rsquo;UE \u00ab\u00a0Cultures num\u00e9riques\u00a0\u00bb et de professeurs stagiaires en M2 dans le cadre de l&rsquo;UE \u00ab\u00a0P\u00e9dagogie et num\u00e9rique\u00a0\u00bb : en [&hellip;]<\/p>\n","protected":false},"author":2,"featured_media":0,"parent":38,"menu_order":5,"comment_status":"open","ping_status":"open","template":"","meta":{"_acf_changed":false,"footnotes":""},"class_list":["post-766","page","type-page","status-publish","hentry"],"acf":[],"_links":{"self":[{"href":"http:\/\/www.ressources.univ-rennes2.fr\/cultures-numeriques-dans-l-enseignement\/plateforme\/wp-json\/wp\/v2\/pages\/766","targetHints":{"allow":["GET"]}}],"collection":[{"href":"http:\/\/www.ressources.univ-rennes2.fr\/cultures-numeriques-dans-l-enseignement\/plateforme\/wp-json\/wp\/v2\/pages"}],"about":[{"href":"http:\/\/www.ressources.univ-rennes2.fr\/cultures-numeriques-dans-l-enseignement\/plateforme\/wp-json\/wp\/v2\/types\/page"}],"author":[{"embeddable":true,"href":"http:\/\/www.ressources.univ-rennes2.fr\/cultures-numeriques-dans-l-enseignement\/plateforme\/wp-json\/wp\/v2\/users\/2"}],"replies":[{"embeddable":true,"href":"http:\/\/www.ressources.univ-rennes2.fr\/cultures-numeriques-dans-l-enseignement\/plateforme\/wp-json\/wp\/v2\/comments?post=766"}],"version-history":[{"count":10,"href":"http:\/\/www.ressources.univ-rennes2.fr\/cultures-numeriques-dans-l-enseignement\/plateforme\/wp-json\/wp\/v2\/pages\/766\/revisions"}],"predecessor-version":[{"id":1203,"href":"http:\/\/www.ressources.univ-rennes2.fr\/cultures-numeriques-dans-l-enseignement\/plateforme\/wp-json\/wp\/v2\/pages\/766\/revisions\/1203"}],"up":[{"embeddable":true,"href":"http:\/\/www.ressources.univ-rennes2.fr\/cultures-numeriques-dans-l-enseignement\/plateforme\/wp-json\/wp\/v2\/pages\/38"}],"wp:attachment":[{"href":"http:\/\/www.ressources.univ-rennes2.fr\/cultures-numeriques-dans-l-enseignement\/plateforme\/wp-json\/wp\/v2\/media?parent=766"}],"curies":[{"name":"wp","href":"https:\/\/api.w.org\/{rel}","templated":true}]}}