{"id":776,"date":"2015-01-10T07:12:17","date_gmt":"2015-01-10T06:12:17","guid":{"rendered":"http:\/\/www.ressources.univ-rennes2.fr\/cultures-numeriques-dans-l-enseignement\/plateforme\/?page_id=776"},"modified":"2015-10-22T14:12:23","modified_gmt":"2015-10-22T13:12:23","slug":"3-1-annotations","status":"publish","type":"page","link":"http:\/\/www.ressources.univ-rennes2.fr\/cultures-numeriques-dans-l-enseignement\/plateforme\/3-des-projets-collaboratifs\/3-1-annotations\/","title":{"rendered":"3.1 Annotations et travail collaboratif"},"content":{"rendered":"<p>Comme mentionn\u00e9 au d\u00e9but de ce cours (fiche 1.1), le num\u00e9rique rapproche les actes de lecture et d&rsquo;\u00e9criture et offre la possibilit\u00e9 de poser des annotations et de les mettre en m\u00e9moire au sein du m\u00eame fichier puis de les croiser entre diff\u00e9rents lecteurs.<\/p>\n<p>C&rsquo;est pourquoi dans cette partie, nous vous proposons de mettre en oeuvre des dispositifs de travail collaboratif en vous centrant plus sp\u00e9cifiquement sur la question du partage de ces annotations au niveau des documents iconographiques avec\u00a0 Thinglink : dans ce dernier cas, les annotations pourront rev\u00eatir\u00a0plusieurs formes s\u00e9miotiques diff\u00e9rentes (texte linguistique, image, son, vid\u00e9o)<\/p>\n<p>Le travail du p\u00e9dagogue est de favoriser l&rsquo;\u00e9mergence de nouvelles interpr\u00e9tations par le biais de ce partage des annotations. Il prend alors acte de cette transformation en profondeur du statut du document p\u00e9dagogique qui n&rsquo;est plus un texte clos donn\u00e9 \u00e0 l&rsquo;apprenant.<\/p>\n<p>Catherine Becchetti-Bizot, Directrice du Num\u00e9rique pour l&rsquo;\u00e9ducation a bien soulign\u00e9 cet enjeu port\u00e9 par les <a title=\"Textes et Tice\" href=\"http:\/\/www2.cndp.fr\/archivage\/valid\/129021\/129021-16240-20848.pdf\" target=\"_blank\">propri\u00e9t\u00e9s du \u00a0texte num\u00e9rique<\/a> : <em>\u00ab\u00a0on n\u2019est plus dans la situation de lire\u00a0un texte qui se donne comme ouvrage achev\u00e9,\u00a0\u0153uvre close, mais toujours dans celle de produire\u00a0un texte \u00e0 venir, ensemble et individuellement,\u00a0de le faire \u00e9voluer, circuler, rena\u00eetre,\u00a0d\u2019en n\u00e9gocier la forme et les significations&#8230;\u00a0\u00bb<\/em><\/p>\n<p>&nbsp;<\/p>\n<p>&nbsp;<\/p>\n","protected":false},"excerpt":{"rendered":"<p>Comme mentionn\u00e9 au d\u00e9but de ce cours (fiche 1.1), le num\u00e9rique rapproche les actes de lecture et d&rsquo;\u00e9criture et offre la possibilit\u00e9 de poser des annotations et de les mettre en m\u00e9moire au sein du m\u00eame fichier puis de les croiser entre diff\u00e9rents lecteurs. C&rsquo;est pourquoi dans cette partie, nous vous proposons de mettre en [&hellip;]<\/p>\n","protected":false},"author":2,"featured_media":0,"parent":38,"menu_order":0,"comment_status":"open","ping_status":"open","template":"","meta":{"_acf_changed":false,"footnotes":""},"class_list":["post-776","page","type-page","status-publish","hentry"],"acf":[],"_links":{"self":[{"href":"http:\/\/www.ressources.univ-rennes2.fr\/cultures-numeriques-dans-l-enseignement\/plateforme\/wp-json\/wp\/v2\/pages\/776","targetHints":{"allow":["GET"]}}],"collection":[{"href":"http:\/\/www.ressources.univ-rennes2.fr\/cultures-numeriques-dans-l-enseignement\/plateforme\/wp-json\/wp\/v2\/pages"}],"about":[{"href":"http:\/\/www.ressources.univ-rennes2.fr\/cultures-numeriques-dans-l-enseignement\/plateforme\/wp-json\/wp\/v2\/types\/page"}],"author":[{"embeddable":true,"href":"http:\/\/www.ressources.univ-rennes2.fr\/cultures-numeriques-dans-l-enseignement\/plateforme\/wp-json\/wp\/v2\/users\/2"}],"replies":[{"embeddable":true,"href":"http:\/\/www.ressources.univ-rennes2.fr\/cultures-numeriques-dans-l-enseignement\/plateforme\/wp-json\/wp\/v2\/comments?post=776"}],"version-history":[{"count":8,"href":"http:\/\/www.ressources.univ-rennes2.fr\/cultures-numeriques-dans-l-enseignement\/plateforme\/wp-json\/wp\/v2\/pages\/776\/revisions"}],"predecessor-version":[{"id":1204,"href":"http:\/\/www.ressources.univ-rennes2.fr\/cultures-numeriques-dans-l-enseignement\/plateforme\/wp-json\/wp\/v2\/pages\/776\/revisions\/1204"}],"up":[{"embeddable":true,"href":"http:\/\/www.ressources.univ-rennes2.fr\/cultures-numeriques-dans-l-enseignement\/plateforme\/wp-json\/wp\/v2\/pages\/38"}],"wp:attachment":[{"href":"http:\/\/www.ressources.univ-rennes2.fr\/cultures-numeriques-dans-l-enseignement\/plateforme\/wp-json\/wp\/v2\/media?parent=776"}],"curies":[{"name":"wp","href":"https:\/\/api.w.org\/{rel}","templated":true}]}}