{"id":269,"date":"2013-06-07T11:08:10","date_gmt":"2013-06-07T10:08:10","guid":{"rendered":"http:\/\/www.ressources.univ-rennes2.fr\/cultures-numeriques-dans-l-enseignement\/veille\/?page_id=269"},"modified":"2013-08-14T18:21:26","modified_gmt":"2013-08-14T17:21:26","slug":"5-2-3-les-alertes-sur-google","status":"publish","type":"page","link":"http:\/\/www.ressources.univ-rennes2.fr\/cultures-numeriques-dans-l-enseignement\/veille\/5-les-outils\/les-alertese\/5-2-3-les-alertes-sur-google\/","title":{"rendered":"5.2.3 Les alertes sur Google"},"content":{"rendered":"<p>Le service <strong>Google Alertes<\/strong> permet de mettre en place des alertes sur tout ou partie de l\u2019index de Google et d\u2019\u00eatre averti p\u00e9riodiquement des nouvelles pages cr\u00e9\u00e9es r\u00e9pondant \u00e0 la requ\u00eate d\u00e9finie.<\/p>\n<p>Adresse\u00a0: <a href=\"http:\/\/www.google.fr\/alerts\" target=\"_blank\">http:\/\/www.google.fr\/alerts<\/a><\/p>\n<p>&nbsp;<\/p>\n<p>D\u00e9finir le th\u00e8me de l\u2019alerte et le p\u00e9rim\u00e8tre de recherche (tout, actualit\u00e9, blogs, livres&#8230;)<a href=\"http:\/\/www.google.fr\/alerts\"><br \/>\n<\/a><\/p>\n<p><a href=\"http:\/\/www.ressources.univ-rennes2.fr\/cultures-numeriques-dans-l-enseignement\/veille\/wp-content\/uploads\/2013\/06\/google_alert2.jpg\"><img loading=\"lazy\" decoding=\"async\" class=\"alignnone size-medium wp-image-270\" alt=\"google_alert2\" src=\"http:\/\/www.ressources.univ-rennes2.fr\/cultures-numeriques-dans-l-enseignement\/veille\/wp-content\/uploads\/2013\/06\/google_alert2-300x233.jpg\" width=\"300\" height=\"233\" srcset=\"http:\/\/www.ressources.univ-rennes2.fr\/cultures-numeriques-dans-l-enseignement\/veille\/wp-content\/uploads\/2013\/06\/google_alert2-300x233.jpg 300w, http:\/\/www.ressources.univ-rennes2.fr\/cultures-numeriques-dans-l-enseignement\/veille\/wp-content\/uploads\/2013\/06\/google_alert2.jpg 425w\" sizes=\"auto, (max-width: 300px) 100vw, 300px\" \/><\/a><\/p>\n<table width=\"15\" border=\"1\" cellspacing=\"0\" cellpadding=\"0\">\n<tbody>\n<tr>\n<td valign=\"top\" width=\"307\"><\/td>\n<td valign=\"top\" width=\"307\"><\/td>\n<\/tr>\n<\/tbody>\n<\/table>\n<p>Une fois la demande de cr\u00e9ation effectu\u00e9e, une demande de validation est envoy\u00e9e par mail. L\u2019alerte ne sera effective qu\u2019une fois la demande valid\u00e9e. Elle pourra \u00eatre ensuite supprim\u00e9e si n\u00e9cessaire.<\/p>\n","protected":false},"excerpt":{"rendered":"<p>Le service Google Alertes permet de mettre en place des alertes sur tout ou partie de l\u2019index de Google et d\u2019\u00eatre averti p\u00e9riodiquement des nouvelles pages cr\u00e9\u00e9es r\u00e9pondant \u00e0 la requ\u00eate d\u00e9finie. Adresse\u00a0: http:\/\/www.google.fr\/alerts &nbsp; D\u00e9finir le th\u00e8me de l\u2019alerte et le p\u00e9rim\u00e8tre de recherche (tout, actualit\u00e9, blogs, livres&#8230;) Une fois la demande de cr\u00e9ation [&hellip;]<\/p>\n","protected":false},"author":7,"featured_media":0,"parent":75,"menu_order":0,"comment_status":"open","ping_status":"open","template":"","meta":{"_acf_changed":false,"footnotes":""},"class_list":["post-269","page","type-page","status-publish","hentry"],"acf":[],"_links":{"self":[{"href":"http:\/\/www.ressources.univ-rennes2.fr\/cultures-numeriques-dans-l-enseignement\/veille\/wp-json\/wp\/v2\/pages\/269","targetHints":{"allow":["GET"]}}],"collection":[{"href":"http:\/\/www.ressources.univ-rennes2.fr\/cultures-numeriques-dans-l-enseignement\/veille\/wp-json\/wp\/v2\/pages"}],"about":[{"href":"http:\/\/www.ressources.univ-rennes2.fr\/cultures-numeriques-dans-l-enseignement\/veille\/wp-json\/wp\/v2\/types\/page"}],"author":[{"embeddable":true,"href":"http:\/\/www.ressources.univ-rennes2.fr\/cultures-numeriques-dans-l-enseignement\/veille\/wp-json\/wp\/v2\/users\/7"}],"replies":[{"embeddable":true,"href":"http:\/\/www.ressources.univ-rennes2.fr\/cultures-numeriques-dans-l-enseignement\/veille\/wp-json\/wp\/v2\/comments?post=269"}],"version-history":[{"count":9,"href":"http:\/\/www.ressources.univ-rennes2.fr\/cultures-numeriques-dans-l-enseignement\/veille\/wp-json\/wp\/v2\/pages\/269\/revisions"}],"predecessor-version":[{"id":780,"href":"http:\/\/www.ressources.univ-rennes2.fr\/cultures-numeriques-dans-l-enseignement\/veille\/wp-json\/wp\/v2\/pages\/269\/revisions\/780"}],"up":[{"embeddable":true,"href":"http:\/\/www.ressources.univ-rennes2.fr\/cultures-numeriques-dans-l-enseignement\/veille\/wp-json\/wp\/v2\/pages\/75"}],"wp:attachment":[{"href":"http:\/\/www.ressources.univ-rennes2.fr\/cultures-numeriques-dans-l-enseignement\/veille\/wp-json\/wp\/v2\/media?parent=269"}],"curies":[{"name":"wp","href":"https:\/\/api.w.org\/{rel}","templated":true}]}}