{"id":27,"date":"2013-02-20T15:17:31","date_gmt":"2013-02-20T14:17:31","guid":{"rendered":"http:\/\/www.ressources.univ-rennes2.fr\/cultures-numeriques-dans-l-enseignement\/veille\/?page_id=27"},"modified":"2013-08-14T13:30:52","modified_gmt":"2013-08-14T12:30:52","slug":"2-2-1-veille-institutionnelle-et-missions-denseignement","status":"publish","type":"page","link":"http:\/\/www.ressources.univ-rennes2.fr\/cultures-numeriques-dans-l-enseignement\/veille\/2-la-veille-en-contexte-educatif\/2-2-differents-types-de-veilles\/2-2-1-veille-institutionnelle-et-missions-denseignement\/","title":{"rendered":"2.2.1. Veille institutionnelle et missions d&rsquo;enseignement"},"content":{"rendered":"<p><strong>Cartographier les acteurs et les ressources institutionnels<br \/>\n<\/strong><\/p>\n<p>En tant qu&rsquo;acteur du service public et de la communaut\u00e9 \u00e9ducative, l&rsquo;enseignant doit conna\u00eetre les nouveaux textes officiels qui organisent la mise en \u0153uvre des r\u00e9formes d\u00e9cid\u00e9es au niveau minist\u00e9riel, les nouveaux programmes disciplinaires et leurs documents d\u2019accompagnement publi\u00e9s par l\u2019Inspection g\u00e9n\u00e9rale.<\/p>\n<p>Cette information qui encadre les missions d&rsquo;enseignement et qui structure le fonctionnement des acteurs de l&rsquo;\u00e9tablissement provient des services centraux (Minist\u00e8re, Inspections g\u00e9n\u00e9rales..) et des services d\u00e9concentr\u00e9s (Rectorat, Inspections acad\u00e9miques&#8230;).<\/p>\n<p>Il doit donc bien cartographier cet organigramme des acteurs afin de pouvoir exploiter les sources d&rsquo;informations disponibles dans les portails professionnels nationaux (<a title=\"Eduscol\" href=\"http:\/\/eduscol.education.fr\/\" target=\"_blank\">Eduscol<\/a>) ou acad\u00e9miques.<\/p>\n<p>Consulter par exemple la carte des Espaces TICE acad\u00e9miques : <a title=\"Espaces Tice acad\u00e9miques\" href=\"http:\/\/eduscol.education.fr\/cid57070\/espaces-tice-academiques.html\" target=\"_blank\">http:\/\/eduscol.education.fr\/cid57070\/espaces-tice-academiques.html<\/a><\/p>\n","protected":false},"excerpt":{"rendered":"<p>Cartographier les acteurs et les ressources institutionnels En tant qu&rsquo;acteur du service public et de la communaut\u00e9 \u00e9ducative, l&rsquo;enseignant doit conna\u00eetre les nouveaux textes officiels qui organisent la mise en \u0153uvre des r\u00e9formes d\u00e9cid\u00e9es au niveau minist\u00e9riel, les nouveaux programmes disciplinaires et leurs documents d\u2019accompagnement publi\u00e9s par l\u2019Inspection g\u00e9n\u00e9rale. Cette information qui encadre les missions [&hellip;]<\/p>\n","protected":false},"author":9,"featured_media":0,"parent":25,"menu_order":0,"comment_status":"open","ping_status":"open","template":"","meta":{"_acf_changed":false,"footnotes":""},"class_list":["post-27","page","type-page","status-publish","hentry"],"acf":[],"_links":{"self":[{"href":"http:\/\/www.ressources.univ-rennes2.fr\/cultures-numeriques-dans-l-enseignement\/veille\/wp-json\/wp\/v2\/pages\/27","targetHints":{"allow":["GET"]}}],"collection":[{"href":"http:\/\/www.ressources.univ-rennes2.fr\/cultures-numeriques-dans-l-enseignement\/veille\/wp-json\/wp\/v2\/pages"}],"about":[{"href":"http:\/\/www.ressources.univ-rennes2.fr\/cultures-numeriques-dans-l-enseignement\/veille\/wp-json\/wp\/v2\/types\/page"}],"author":[{"embeddable":true,"href":"http:\/\/www.ressources.univ-rennes2.fr\/cultures-numeriques-dans-l-enseignement\/veille\/wp-json\/wp\/v2\/users\/9"}],"replies":[{"embeddable":true,"href":"http:\/\/www.ressources.univ-rennes2.fr\/cultures-numeriques-dans-l-enseignement\/veille\/wp-json\/wp\/v2\/comments?post=27"}],"version-history":[{"count":17,"href":"http:\/\/www.ressources.univ-rennes2.fr\/cultures-numeriques-dans-l-enseignement\/veille\/wp-json\/wp\/v2\/pages\/27\/revisions"}],"predecessor-version":[{"id":729,"href":"http:\/\/www.ressources.univ-rennes2.fr\/cultures-numeriques-dans-l-enseignement\/veille\/wp-json\/wp\/v2\/pages\/27\/revisions\/729"}],"up":[{"embeddable":true,"href":"http:\/\/www.ressources.univ-rennes2.fr\/cultures-numeriques-dans-l-enseignement\/veille\/wp-json\/wp\/v2\/pages\/25"}],"wp:attachment":[{"href":"http:\/\/www.ressources.univ-rennes2.fr\/cultures-numeriques-dans-l-enseignement\/veille\/wp-json\/wp\/v2\/media?parent=27"}],"curies":[{"name":"wp","href":"https:\/\/api.w.org\/{rel}","templated":true}]}}